{"id":3576,"date":"2019-05-13T21:41:35","date_gmt":"2019-05-13T21:41:35","guid":{"rendered":"https:\/\/www.novatex-medical.com\/avviso-legale-e-rgpd\/"},"modified":"2025-05-12T09:56:38","modified_gmt":"2025-05-12T09:56:38","slug":"avviso-legale-e-rgpd","status":"publish","type":"page","link":"https:\/\/www.novatex-medical.com\/it\/avviso-legale-e-rgpd\/","title":{"rendered":"Avviso legale e RGPD"},"content":{"rendered":"\n<h3 class=\"page-h3 wp-block-heading\"><strong>Editore del sito<\/strong><\/h3>\n\n<p>Il sito web <a rel=\"noreferrer noopener\" href=\"http:\/\/www.novatex-medical.com\/\" target=\"_blank\">www.novatex-medical.com<\/a> \u00e8 pubblicato da NOVATEX, una societ\u00e0 di diritto francese con capitale sociale di 70.000 euro, la cui sede legale \u00e8 situata in 4 rue des Entrepreneurs, PA les 6 Marianne, 59124 ESCAUDAIN, Francia, iscritta al registro del commercio francese con il numero 80995266600026.  <\/p>\n\n<p>Responsabile della pubblicazione: J\u00e9r\u00f4me Gagnoux.  <\/p>\n\n<h3 class=\"page-h3 wp-block-heading\"><strong>Ospite del sito<\/strong><\/h3>\n\n<p>Il Sito \u00e8 ospitato dalla societ\u00e0 ENOVA con sede in Rue des Marli\u00e8res, 59710 Avelin dal sig. S\u00e9bastien DEMIAUTTE.<\/p>\n\n<h3 class=\"page-h3 wp-block-heading\"><strong>Creazione di siti web<\/strong><\/h3>\n\n<p>  Il sito \u00e8 stato creato da Marion COUTURE presso INYOUZ, 9 Rue Jean Jaur\u00e8s 59171 HORNAING. Lo sviluppo \u00e8 stato realizzato da Julien COTTRET. <\/p>\n\n<p>Numero di telefono: 03 74 01 03 97<\/p>\n\n<h3 class=\"page-h3 wp-block-heading\"><strong>Regolamento sulla protezione dei dati personali<\/strong><\/h3>\n\n<p>In conformit\u00e0 con la legge RGPD, ti ricordiamo che i dati personali inviati tramite questo modulo saranno utilizzati esclusivamente per fornirti una risposta. Non saranno venduti a terzi n\u00e9 utilizzati a fini statistici. Non verrai iscritto a una newsletter a tua insaputa. Puoi richiedere l&#8217;informativa sulla privacy di Novatex M\u00e9dical chiamando il numero 03.74.01.03.97.     <\/p>\n","protected":false},"excerpt":{"rendered":"<p>Editore del sito Il sito web www.novatex-medical.com \u00e8 pubblicato da NOVATEX, una societ\u00e0 di diritto francese con capitale sociale di 70.000 euro, la cui sede legale \u00e8 situata in 4 rue des Entrepreneurs, PA les 6 Marianne, 59124 ESCAUDAIN, Francia, iscritta al registro del commercio francese con il numero 80995266600026. Responsabile della pubblicazione: J\u00e9r\u00f4me Gagnoux. [&hellip;]<\/p>\n","protected":false},"author":1,"featured_media":0,"parent":0,"menu_order":0,"comment_status":"closed","ping_status":"closed","template":"","meta":{"_seopress_robots_primary_cat":"","_seopress_titles_title":"Note legali e RGPD %%sep%% %%sitetitle%%","_seopress_titles_desc":"Il sito www.novatex-medical.com \u00e8 pubblicato da NOVATEX, una societ\u00e0 di diritto francese con capitale sociale di 70.000 euro, la cui sede legale si trova in 4 rue des Entrepreneurs, PA les 6 Marianne, 59124 ESCAUDAIN.","_seopress_robots_index":"","footnotes":""},"class_list":["post-3576","page","type-page","status-publish"],"_links":{"self":[{"href":"https:\/\/www.novatex-medical.com\/it\/wp-json\/wp\/v2\/pages\/3576","targetHints":{"allow":["GET"]}}],"collection":[{"href":"https:\/\/www.novatex-medical.com\/it\/wp-json\/wp\/v2\/pages"}],"about":[{"href":"https:\/\/www.novatex-medical.com\/it\/wp-json\/wp\/v2\/types\/page"}],"author":[{"embeddable":true,"href":"https:\/\/www.novatex-medical.com\/it\/wp-json\/wp\/v2\/users\/1"}],"replies":[{"embeddable":true,"href":"https:\/\/www.novatex-medical.com\/it\/wp-json\/wp\/v2\/comments?post=3576"}],"version-history":[{"count":1,"href":"https:\/\/www.novatex-medical.com\/it\/wp-json\/wp\/v2\/pages\/3576\/revisions"}],"predecessor-version":[{"id":3577,"href":"https:\/\/www.novatex-medical.com\/it\/wp-json\/wp\/v2\/pages\/3576\/revisions\/3577"}],"wp:attachment":[{"href":"https:\/\/www.novatex-medical.com\/it\/wp-json\/wp\/v2\/media?parent=3576"}],"curies":[{"name":"wp","href":"https:\/\/api.w.org\/{rel}","templated":true}]}}