{"id":3568,"date":"2019-03-12T01:56:28","date_gmt":"2019-03-12T01:56:28","guid":{"rendered":"https:\/\/www.novatex-medical.com\/novafeel\/"},"modified":"2025-05-20T11:42:51","modified_gmt":"2025-05-20T11:42:51","slug":"novafeel","status":"publish","type":"page","link":"https:\/\/www.novatex-medical.com\/it\/novafeel\/","title":{"rendered":"NOVAFEEL"},"content":{"rendered":"\t\t<div data-elementor-type=\"wp-page\" data-elementor-id=\"3568\" class=\"elementor elementor-3568 elementor-205\" data-elementor-post-type=\"page\">\n\t\t\t\t<div class=\"elementor-element elementor-element-5eefe74e e-flex e-con-boxed e-con e-parent\" data-id=\"5eefe74e\" data-element_type=\"container\">\n\t\t\t\t\t<div class=\"e-con-inner\">\n\t\t\t\t<div class=\"elementor-element elementor-element-203858d8 elementor-widget__width-inherit elementor-widget elementor-widget-heading\" data-id=\"203858d8\" data-element_type=\"widget\" data-widget_type=\"heading.default\">\n\t\t\t\t\t<h1 class=\"elementor-heading-title elementor-size-default\">TESSUTO NOVAFEEL<\/h1>\t\t\t\t<\/div>\n\t\t\t\t\t<\/div>\n\t\t\t\t<\/div>\n\t\t<div class=\"elementor-element elementor-element-7671bdcc e-flex e-con-boxed e-con e-parent\" data-id=\"7671bdcc\" data-element_type=\"container\">\n\t\t\t\t\t<div class=\"e-con-inner\">\n\t\t<div class=\"elementor-element elementor-element-5f7bc172 e-flex e-con-boxed e-con e-child\" data-id=\"5f7bc172\" data-element_type=\"container\" data-settings=\"{&quot;background_background&quot;:&quot;classic&quot;}\">\n\t\t\t\t\t<div class=\"e-con-inner\">\n\t\t\t\t<div class=\"elementor-element elementor-element-6fcef262 elementor-widget__width-inherit elementor-widget elementor-widget-text-editor\" data-id=\"6fcef262\" data-element_type=\"widget\" data-widget_type=\"text-editor.default\">\n\t\t\t\t\t\t\t\t\t<p>Il tessuto NOVAFEEL, composto di poliammide e di elastan, ha una densit\u00e0 di 195g\/m\u00b2. NOVAFEEL \u00e8 stato selezionato per la sua delicatezza su entrambe le facce che lo rendono confortevole da indossare. <\/p>\t\t\t\t\t\t\t\t<\/div>\n\t\t\t\t\t<\/div>\n\t\t\t\t<\/div>\n\t\t\t\t\t<\/div>\n\t\t\t\t<\/div>\n\t\t<div class=\"elementor-element elementor-element-46d1fc1 e-flex e-con-boxed e-con e-parent\" data-id=\"46d1fc1\" data-element_type=\"container\">\n\t\t\t\t\t<div class=\"e-con-inner\">\n\t\t<div class=\"elementor-element elementor-element-aceb7e6 e-con-full e-flex e-con e-child\" data-id=\"aceb7e6\" data-element_type=\"container\">\n\t\t<div class=\"elementor-element elementor-element-6abed6c e-flex e-con-boxed e-con e-child\" data-id=\"6abed6c\" data-element_type=\"container\">\n\t\t\t\t\t<div class=\"e-con-inner\">\n\t\t\t\t<div class=\"elementor-element elementor-element-91b46a5 elementor-widget__width-inherit elementor-widget elementor-widget-heading\" data-id=\"91b46a5\" data-element_type=\"widget\" data-widget_type=\"heading.default\">\n\t\t\t\t\t<h2 class=\"elementor-heading-title elementor-size-default\">Caratteristiche<\/h2>\t\t\t\t<\/div>\n\t\t\t\t<div class=\"elementor-element elementor-element-e3aa342 elementor-widget__width-inherit elementor-widget elementor-widget-text-editor\" data-id=\"e3aa342\" data-element_type=\"widget\" data-widget_type=\"text-editor.default\">\n\t\t\t\t\t\t\t\t\t<ul><li>57% Poliammide; 43% Elastan<\/li><\/ul><ul class=\"li-article\"><li>195 g\/m\u00b2<\/li><li>3 colori disponibili<\/li><\/ul><ul><li>Delicato al tatto su entrambe le facce<\/li><li>Tessuto opaco sviluppato e fabbricato in Francia<\/li><li>Oeko-Tex standard 100 (classe 2)<\/li><\/ul>\t\t\t\t\t\t\t\t<\/div>\n\t\t\t\t<div class=\"elementor-element elementor-element-90d6f9d elementor-align-left elementor-widget elementor-widget-button\" data-id=\"90d6f9d\" data-element_type=\"widget\" data-widget_type=\"button.default\">\n\t\t\t\t\t\t\t\t\t\t<a class=\"elementor-button elementor-button-link elementor-size-sm elementor-animation-shrink\" href=\"#contact\">\n\t\t\t\t\t\t<span class=\"elementor-button-content-wrapper\">\n\t\t\t\t\t\t<span class=\"elementor-button-icon\">\n\t\t\t\t<svg aria-hidden=\"true\" class=\"e-font-icon-svg e-fas-info\" viewBox=\"0 0 192 512\" xmlns=\"http:\/\/www.w3.org\/2000\/svg\"><path d=\"M20 424.229h20V279.771H20c-11.046 0-20-8.954-20-20V212c0-11.046 8.954-20 20-20h112c11.046 0 20 8.954 20 20v212.229h20c11.046 0 20 8.954 20 20V492c0 11.046-8.954 20-20 20H20c-11.046 0-20-8.954-20-20v-47.771c0-11.046 8.954-20 20-20zM96 0C56.235 0 24 32.235 24 72s32.235 72 72 72 72-32.235 72-72S135.764 0 96 0z\"><\/path><\/svg>\t\t\t<\/span>\n\t\t\t\t\t\t\t\t\t<span class=\"elementor-button-text\">Richiesta di informazioni<\/span>\n\t\t\t\t\t<\/span>\n\t\t\t\t\t<\/a>\n\t\t\t\t\t\t\t\t<\/div>\n\t\t\t\t\t<\/div>\n\t\t\t\t<\/div>\n\t\t\t\t<\/div>\n\t\t<div class=\"elementor-element elementor-element-b59966b e-con-full e-flex e-con e-child\" data-id=\"b59966b\" data-element_type=\"container\">\n\t\t<div class=\"elementor-element elementor-element-5329e991 e-con-full e-flex e-con e-child\" data-id=\"5329e991\" data-element_type=\"container\">\n\t\t<div class=\"elementor-element elementor-element-6dc8299 e-con-full e-flex e-con e-child\" data-id=\"6dc8299\" data-element_type=\"container\">\n\t\t\t\t<div class=\"elementor-element elementor-element-2374ce9d elementor-position-top elementor-widget elementor-widget-image-box\" data-id=\"2374ce9d\" data-element_type=\"widget\" data-widget_type=\"image-box.default\">\n\t\t\t\t\t<div class=\"elementor-image-box-wrapper\"><figure class=\"elementor-image-box-img\"><img decoding=\"async\" width=\"150\" height=\"150\" src=\"https:\/\/www.novatex-medical.com\/wp-content\/uploads\/2019\/02\/couleur-parme.png\" class=\"elementor-animation-shrink attachment-full size-full wp-image-1708\" alt=\"couleur parme\" \/><\/figure><div class=\"elementor-image-box-content\"><div class=\"elementor-image-box-title\">PARME<\/div><\/div><\/div>\t\t\t\t<\/div>\n\t\t\t\t<\/div>\n\t\t<div class=\"elementor-element elementor-element-52903cc5 e-con-full e-flex e-con e-child\" data-id=\"52903cc5\" data-element_type=\"container\">\n\t\t\t\t<div class=\"elementor-element elementor-element-6bc7e2ae elementor-position-top elementor-widget elementor-widget-image-box\" data-id=\"6bc7e2ae\" data-element_type=\"widget\" data-widget_type=\"image-box.default\">\n\t\t\t\t\t<div class=\"elementor-image-box-wrapper\"><figure class=\"elementor-image-box-img\"><img decoding=\"async\" width=\"150\" height=\"150\" src=\"https:\/\/www.novatex-medical.com\/wp-content\/uploads\/2019\/02\/couleur-chair.png\" class=\"elementor-animation-shrink attachment-full size-full wp-image-1702\" alt=\"couleur chair\" \/><\/figure><div class=\"elementor-image-box-content\"><div class=\"elementor-image-box-title\">PRESIDENTE<\/div><\/div><\/div>\t\t\t\t<\/div>\n\t\t\t\t<\/div>\n\t\t<div class=\"elementor-element elementor-element-34d7e3ac e-con-full e-flex e-con e-child\" data-id=\"34d7e3ac\" data-element_type=\"container\">\n\t\t\t\t<div class=\"elementor-element elementor-element-545ef717 elementor-position-top elementor-widget elementor-widget-image-box\" data-id=\"545ef717\" data-element_type=\"widget\" data-widget_type=\"image-box.default\">\n\t\t\t\t\t<div class=\"elementor-image-box-wrapper\"><figure class=\"elementor-image-box-img\"><img decoding=\"async\" width=\"150\" height=\"150\" src=\"https:\/\/www.novatex-medical.com\/wp-content\/uploads\/2019\/02\/couleur-gris.png\" class=\"elementor-animation-shrink attachment-full size-full wp-image-1704\" alt=\"couleur gris\" \/><\/figure><div class=\"elementor-image-box-content\"><div class=\"elementor-image-box-title\">GRIGIO<\/div><\/div><\/div>\t\t\t\t<\/div>\n\t\t\t\t<\/div>\n\t\t\t\t<\/div>\n\t\t\t\t<\/div>\n\t\t\t\t\t<\/div>\n\t\t\t\t<\/div>\n\t\t<div class=\"elementor-element elementor-element-209483e e-flex e-con-boxed e-con e-parent\" data-id=\"209483e\" data-element_type=\"container\">\n\t\t\t\t\t<div class=\"e-con-inner\">\n\t\t<div class=\"elementor-element elementor-element-3e24cd6d e-flex e-con-boxed e-con e-child\" data-id=\"3e24cd6d\" data-element_type=\"container\">\n\t\t\t\t\t<div class=\"e-con-inner\">\n\t\t\t\t<div class=\"elementor-element elementor-element-4a56f126 elementor-widget elementor-widget-gallery\" data-id=\"4a56f126\" data-element_type=\"widget\" data-settings=\"{&quot;columns_mobile&quot;:5,&quot;columns&quot;:5,&quot;gap&quot;:{&quot;unit&quot;:&quot;px&quot;,&quot;size&quot;:20,&quot;sizes&quot;:[]},&quot;columns_tablet&quot;:5,&quot;lazyload&quot;:&quot;yes&quot;,&quot;gallery_layout&quot;:&quot;grid&quot;,&quot;gap_tablet&quot;:{&quot;unit&quot;:&quot;px&quot;,&quot;size&quot;:10,&quot;sizes&quot;:[]},&quot;gap_mobile&quot;:{&quot;unit&quot;:&quot;px&quot;,&quot;size&quot;:10,&quot;sizes&quot;:[]},&quot;link_to&quot;:&quot;file&quot;,&quot;aspect_ratio&quot;:&quot;3:2&quot;,&quot;overlay_background&quot;:&quot;yes&quot;,&quot;content_hover_animation&quot;:&quot;fade-in&quot;}\" data-widget_type=\"gallery.default\">\n\t\t\t\t\t\t\t<div class=\"elementor-gallery__container\">\n\t\t\t\t\t\t\t<a class=\"e-gallery-item elementor-gallery-item elementor-animated-content\" href=\"https:\/\/www.novatex-medical.com\/wp-content\/uploads\/2019\/03\/slide-7-chaussette-chair.jpg\" data-elementor-open-lightbox=\"yes\" data-elementor-lightbox-slideshow=\"4a56f126\" data-elementor-lightbox-title=\"slide 7 chaussette chair\" data-elementor-lightbox-description=\"slide 7 chaussette chair\" data-e-action-hash=\"#elementor-action%3Aaction%3Dlightbox%26settings%3DeyJpZCI6MzE4LCJ1cmwiOiJodHRwczpcL1wvd3d3Lm5vdmF0ZXgtbWVkaWNhbC5jb21cL3dwLWNvbnRlbnRcL3VwbG9hZHNcLzIwMTlcLzAzXC9zbGlkZS03LWNoYXVzc2V0dGUtY2hhaXIuanBnIiwic2xpZGVzaG93IjoiNGE1NmYxMjYifQ%3D%3D\">\n\t\t\t\t\t<div class=\"e-gallery-image elementor-gallery-item__image\" data-thumbnail=\"https:\/\/www.novatex-medical.com\/wp-content\/uploads\/2019\/03\/slide-7-chaussette-chair-200x300.jpg\" data-width=\"200\" data-height=\"300\" aria-label=\"slide 7 chaussette chair\" role=\"img\" ><\/div>\n\t\t\t\t\t\t\t\t\t\t\t<div class=\"elementor-gallery-item__overlay\"><\/div>\n\t\t\t\t\t\t\t\t\t\t\t\t\t\t<\/a>\n\t\t\t\t\t\t\t<a class=\"e-gallery-item elementor-gallery-item elementor-animated-content\" href=\"https:\/\/www.novatex-medical.com\/wp-content\/uploads\/2019\/03\/slide-7-femme.jpg\" data-elementor-open-lightbox=\"yes\" data-elementor-lightbox-slideshow=\"4a56f126\" data-elementor-lightbox-title=\"slide 7 femme\" data-elementor-lightbox-description=\"slide 7 femme\" data-e-action-hash=\"#elementor-action%3Aaction%3Dlightbox%26settings%3DeyJpZCI6MzE5LCJ1cmwiOiJodHRwczpcL1wvd3d3Lm5vdmF0ZXgtbWVkaWNhbC5jb21cL3dwLWNvbnRlbnRcL3VwbG9hZHNcLzIwMTlcLzAzXC9zbGlkZS03LWZlbW1lLmpwZyIsInNsaWRlc2hvdyI6IjRhNTZmMTI2In0%3D\">\n\t\t\t\t\t<div class=\"e-gallery-image elementor-gallery-item__image\" data-thumbnail=\"https:\/\/www.novatex-medical.com\/wp-content\/uploads\/2019\/03\/slide-7-femme-200x300.jpg\" data-width=\"200\" data-height=\"300\" aria-label=\"slide 7 femme\" role=\"img\" ><\/div>\n\t\t\t\t\t\t\t\t\t\t\t<div class=\"elementor-gallery-item__overlay\"><\/div>\n\t\t\t\t\t\t\t\t\t\t\t\t\t\t<\/a>\n\t\t\t\t\t\t\t<a class=\"e-gallery-item elementor-gallery-item elementor-animated-content\" href=\"https:\/\/www.novatex-medical.com\/wp-content\/uploads\/2019\/03\/slide-7-gant-chair.jpg\" data-elementor-open-lightbox=\"yes\" data-elementor-lightbox-slideshow=\"4a56f126\" data-elementor-lightbox-title=\"slide 7 gant chair\" data-elementor-lightbox-description=\"slide 7 gant chair\" data-e-action-hash=\"#elementor-action%3Aaction%3Dlightbox%26settings%3DeyJpZCI6MzIwLCJ1cmwiOiJodHRwczpcL1wvd3d3Lm5vdmF0ZXgtbWVkaWNhbC5jb21cL3dwLWNvbnRlbnRcL3VwbG9hZHNcLzIwMTlcLzAzXC9zbGlkZS03LWdhbnQtY2hhaXIuanBnIiwic2xpZGVzaG93IjoiNGE1NmYxMjYifQ%3D%3D\">\n\t\t\t\t\t<div class=\"e-gallery-image elementor-gallery-item__image\" data-thumbnail=\"https:\/\/www.novatex-medical.com\/wp-content\/uploads\/2019\/03\/slide-7-gant-chair-200x300.jpg\" data-width=\"200\" data-height=\"300\" aria-label=\"slide 7 gant chair\" role=\"img\" ><\/div>\n\t\t\t\t\t\t\t\t\t\t\t<div class=\"elementor-gallery-item__overlay\"><\/div>\n\t\t\t\t\t\t\t\t\t\t\t\t\t\t<\/a>\n\t\t\t\t\t\t\t<a class=\"e-gallery-item elementor-gallery-item elementor-animated-content\" href=\"https:\/\/www.novatex-medical.com\/wp-content\/uploads\/2019\/03\/slide-7-mentonniere.jpg\" data-elementor-open-lightbox=\"yes\" data-elementor-lightbox-slideshow=\"4a56f126\" data-elementor-lightbox-title=\"slide 7 mentonniere\" data-elementor-lightbox-description=\"slide 7 mentonniere\" data-e-action-hash=\"#elementor-action%3Aaction%3Dlightbox%26settings%3DeyJpZCI6MzIxLCJ1cmwiOiJodHRwczpcL1wvd3d3Lm5vdmF0ZXgtbWVkaWNhbC5jb21cL3dwLWNvbnRlbnRcL3VwbG9hZHNcLzIwMTlcLzAzXC9zbGlkZS03LW1lbnRvbm5pZXJlLmpwZyIsInNsaWRlc2hvdyI6IjRhNTZmMTI2In0%3D\">\n\t\t\t\t\t<div class=\"e-gallery-image elementor-gallery-item__image\" data-thumbnail=\"https:\/\/www.novatex-medical.com\/wp-content\/uploads\/2019\/03\/slide-7-mentonniere-200x300.jpg\" data-width=\"200\" data-height=\"300\" aria-label=\"slide 7 mentonniere\" role=\"img\" ><\/div>\n\t\t\t\t\t\t\t\t\t\t\t<div class=\"elementor-gallery-item__overlay\"><\/div>\n\t\t\t\t\t\t\t\t\t\t\t\t\t\t<\/a>\n\t\t\t\t\t\t\t<a class=\"e-gallery-item elementor-gallery-item elementor-animated-content\" href=\"https:\/\/www.novatex-medical.com\/wp-content\/uploads\/2019\/03\/slide-7-pantalon.jpg\" data-elementor-open-lightbox=\"yes\" data-elementor-lightbox-slideshow=\"4a56f126\" data-elementor-lightbox-title=\"slide 7 pantalon\" data-elementor-lightbox-description=\"slide 7 pantalon\" data-e-action-hash=\"#elementor-action%3Aaction%3Dlightbox%26settings%3DeyJpZCI6MzIyLCJ1cmwiOiJodHRwczpcL1wvd3d3Lm5vdmF0ZXgtbWVkaWNhbC5jb21cL3dwLWNvbnRlbnRcL3VwbG9hZHNcLzIwMTlcLzAzXC9zbGlkZS03LXBhbnRhbG9uLmpwZyIsInNsaWRlc2hvdyI6IjRhNTZmMTI2In0%3D\">\n\t\t\t\t\t<div class=\"e-gallery-image elementor-gallery-item__image\" data-thumbnail=\"https:\/\/www.novatex-medical.com\/wp-content\/uploads\/2019\/03\/slide-7-pantalon-200x300.jpg\" data-width=\"200\" data-height=\"300\" aria-label=\"slide 7 pantalon\" role=\"img\" ><\/div>\n\t\t\t\t\t\t\t\t\t\t\t<div class=\"elementor-gallery-item__overlay\"><\/div>\n\t\t\t\t\t\t\t\t\t\t\t\t\t\t<\/a>\n\t\t\t\t\t<\/div>\n\t\t\t\t\t<\/div>\n\t\t\t\t\t<\/div>\n\t\t\t\t<\/div>\n\t\t\t\t\t<\/div>\n\t\t\t\t<\/div>\n\t\t<div class=\"elementor-element elementor-element-38300386 e-flex e-con-boxed e-con e-parent\" data-id=\"38300386\" data-element_type=\"container\" id=\"contact\" data-settings=\"{&quot;background_background&quot;:&quot;classic&quot;}\">\n\t\t\t\t\t<div class=\"e-con-inner\">\n\t\t<div class=\"elementor-element elementor-element-488563e3 e-flex e-con-boxed e-con e-child\" data-id=\"488563e3\" data-element_type=\"container\">\n\t\t\t\t\t<div class=\"e-con-inner\">\n\t\t\t\t<div class=\"elementor-element elementor-element-3710906e elementor-view-default elementor-widget elementor-widget-icon\" data-id=\"3710906e\" data-element_type=\"widget\" data-widget_type=\"icon.default\">\n\t\t\t\t\t\t\t<div class=\"elementor-icon-wrapper\">\n\t\t\t<div class=\"elementor-icon\">\n\t\t\t<svg aria-hidden=\"true\" class=\"e-font-icon-svg e-fas-info-circle\" viewBox=\"0 0 512 512\" xmlns=\"http:\/\/www.w3.org\/2000\/svg\"><path d=\"M256 8C119.043 8 8 119.083 8 256c0 136.997 111.043 248 248 248s248-111.003 248-248C504 119.083 392.957 8 256 8zm0 110c23.196 0 42 18.804 42 42s-18.804 42-42 42-42-18.804-42-42 18.804-42 42-42zm56 254c0 6.627-5.373 12-12 12h-88c-6.627 0-12-5.373-12-12v-24c0-6.627 5.373-12 12-12h12v-64h-12c-6.627 0-12-5.373-12-12v-24c0-6.627 5.373-12 12-12h64c6.627 0 12 5.373 12 12v100h12c6.627 0 12 5.373 12 12v24z\"><\/path><\/svg>\t\t\t<\/div>\n\t\t<\/div>\n\t\t\t\t\t\t<\/div>\n\t\t\t\t<div class=\"elementor-element elementor-element-43bfccc elementor-widget__width-inherit elementor-widget elementor-widget-heading\" data-id=\"43bfccc\" data-element_type=\"widget\" data-widget_type=\"heading.default\">\n\t\t\t\t\t<div class=\"elementor-heading-title elementor-size-default\">Richiesta di informazioni<\/div>\t\t\t\t<\/div>\n\t\t\t\t<div class=\"elementor-element elementor-element-e7f7402 elementor-widget__width-inherit elementor-widget elementor-widget-heading\" data-id=\"e7f7402\" data-element_type=\"widget\" data-widget_type=\"heading.default\">\n\t\t\t\t\t<div class=\"elementor-heading-title elementor-size-default\">NOVATEX MEDICAL<\/div>\t\t\t\t<\/div>\n\t\t\t\t<div class=\"elementor-element elementor-element-68ce9772 elementor-widget elementor-widget-shortcode\" data-id=\"68ce9772\" data-element_type=\"widget\" data-widget_type=\"shortcode.default\">\n\t\t\t\t\t\t\t<div class=\"elementor-shortcode\"><style id=\"wpforms-css-vars-225\">\n\t\t\t\t#wpforms-225 {\n\t\t\t\t--wpforms-field-size-input-height: 43px;\n--wpforms-field-size-input-spacing: 15px;\n--wpforms-field-size-font-size: 16px;\n--wpforms-field-size-line-height: 19px;\n--wpforms-field-size-padding-h: 14px;\n--wpforms-field-size-checkbox-size: 16px;\n--wpforms-field-size-sublabel-spacing: 5px;\n--wpforms-field-size-icon-size: 1;\n--wpforms-label-size-font-size: 16px;\n--wpforms-label-size-line-height: 19px;\n--wpforms-label-size-sublabel-font-size: 14px;\n--wpforms-label-size-sublabel-line-height: 17px;\n--wpforms-button-size-font-size: 17px;\n--wpforms-button-size-height: 41px;\n--wpforms-button-size-padding-h: 15px;\n--wpforms-button-size-margin-top: 10px;\n--wpforms-container-shadow-size-box-shadow: none;\n\t\t\t}\n\t\t\t<\/style><div class=\"wpforms-container wpforms-container-full wpforms-render-modern\" id=\"wpforms-225\"><form id=\"wpforms-form-225\" class=\"wpforms-validate wpforms-form\" data-formid=\"225\" method=\"post\" enctype=\"multipart\/form-data\" action=\"\/it\/wp-json\/wp\/v2\/pages\/3568\" data-token=\"e4d3ee29866f7b194defa4b0779432dc\" data-token-time=\"1776102520\"><noscript class=\"wpforms-error-noscript\">Abilita JavaScript nel browser per completare questo modulo.<\/noscript><div id=\"wpforms-error-noscript\" style=\"display: none;\">Abilita JavaScript nel browser per completare questo modulo.<\/div><div class=\"wpforms-field-container\"><div id=\"wpforms-225-field_3-container\" class=\"wpforms-field wpforms-field-layout\" data-field-id=\"3\"><div class=\"wpforms-field-layout-columns wpforms-field-layout-preset-50-50\"><div class=\"wpforms-layout-column wpforms-layout-column-50\" ><div id=\"wpforms-225-field_1-container\" class=\"wpforms-field wpforms-field-text\" data-field-id=\"1\"><label class=\"wpforms-field-label wpforms-label-hide\" for=\"wpforms-225-field_1\" aria-hidden=\"false\">Nom <span class=\"wpforms-required-label\" aria-hidden=\"true\">*<\/span><\/label><input type=\"text\" id=\"wpforms-225-field_1\" class=\"wpforms-field-medium wpforms-field-required\" name=\"wpforms[fields][1]\" placeholder=\"Nom\" aria-errormessage=\"wpforms-225-field_1-error\" required><\/div><\/div><div class=\"wpforms-layout-column wpforms-layout-column-50\" ><div id=\"wpforms-225-field_4-container\" class=\"wpforms-field wpforms-field-text\" data-field-id=\"4\"><label class=\"wpforms-field-label wpforms-label-hide\" for=\"wpforms-225-field_4\" aria-hidden=\"false\">Pr\u00e9nom <span class=\"wpforms-required-label\" aria-hidden=\"true\">*<\/span><\/label><input type=\"text\" id=\"wpforms-225-field_4\" class=\"wpforms-field-medium wpforms-field-required\" name=\"wpforms[fields][4]\" placeholder=\"Pr\u00e9nom\" aria-errormessage=\"wpforms-225-field_4-error\" required><\/div><\/div><\/div><\/div><div id=\"wpforms-225-field_6-container\" class=\"wpforms-field wpforms-field-layout\" data-field-id=\"6\"><div class=\"wpforms-field-layout-columns wpforms-field-layout-preset-50-50\"><div class=\"wpforms-layout-column wpforms-layout-column-50\" ><div id=\"wpforms-225-field_9-container\" class=\"wpforms-field wpforms-field-email\" data-field-id=\"9\"><label class=\"wpforms-field-label wpforms-label-hide\" for=\"wpforms-225-field_9\" aria-hidden=\"false\">E-mail <span class=\"wpforms-required-label\" aria-hidden=\"true\">*<\/span><\/label><input type=\"email\" id=\"wpforms-225-field_9\" class=\"wpforms-field-medium wpforms-field-required\" name=\"wpforms[fields][9]\" placeholder=\"E-mail\" spellcheck=\"false\" aria-errormessage=\"wpforms-225-field_9-error\" required><\/div><div id=\"wpforms-225-field_16-container\" class=\"wpforms-field wpforms-field-text\" data-field-id=\"16\"><label class=\"wpforms-field-label\" for=\"wpforms-225-field_16\">Ville <span class=\"wpforms-required-label\" aria-hidden=\"true\">*<\/span><\/label><input type=\"text\" id=\"wpforms-225-field_16\" class=\"wpforms-field-medium wpforms-field-required\" name=\"wpforms[fields][16]\" placeholder=\"Paris\" aria-errormessage=\"wpforms-225-field_16-error\" required><\/div><\/div><div class=\"wpforms-layout-column wpforms-layout-column-50\" ><div id=\"wpforms-225-field_10-container\" class=\"wpforms-field wpforms-field-phone\" data-field-id=\"10\"><label class=\"wpforms-field-label wpforms-label-hide\" for=\"wpforms-225-field_10\" aria-hidden=\"false\">T\u00e9l\u00e9phone <span class=\"wpforms-required-label\" aria-hidden=\"true\">*<\/span><\/label><input type=\"tel\" id=\"wpforms-225-field_10\" class=\"wpforms-field-medium wpforms-field-required wpforms-smart-phone-field\" data-rule-smart-phone-field=\"true\" name=\"wpforms[fields][10]\" placeholder=\"T\u00e9l\u00e9phone\" aria-label=\"T\u00e9l\u00e9phone\" aria-errormessage=\"wpforms-225-field_10-error\" required><\/div><div id=\"wpforms-225-field_17-container\" class=\"wpforms-field wpforms-field-text\" data-field-id=\"17\"><label class=\"wpforms-field-label\" for=\"wpforms-225-field_17\">Code Postal <span class=\"wpforms-required-label\" aria-hidden=\"true\">*<\/span><\/label><input type=\"text\" id=\"wpforms-225-field_17\" class=\"wpforms-field-medium wpforms-field-required\" name=\"wpforms[fields][17]\" placeholder=\"75001\" aria-errormessage=\"wpforms-225-field_17-error\" required><\/div><\/div><\/div><\/div><div id=\"wpforms-225-field_5-container\" class=\"wpforms-field wpforms-field-select wpforms-field-select-style-modern\" data-field-id=\"5\"><label class=\"wpforms-field-label\" for=\"wpforms-225-field_5\">Votre besoin ? <span class=\"wpforms-required-label\" aria-hidden=\"true\">*<\/span><\/label><select id=\"wpforms-225-field_5\" class=\"wpforms-field-large wpforms-field-required choicesjs-select\" data-size-class=\"wpforms-field-row wpforms-field-large\" data-search-enabled=\"\" name=\"wpforms[fields][5]\" required=\"required\"><option value=\"\" class=\"placeholder\" disabled  selected='selected'><\/option><option value=\"RDV commercial\"  class=\"choice-1 depth-1\"  >RDV commercial<\/option><option value=\"Catalogue\"  class=\"choice-2 depth-1\"  >Catalogue<\/option><option value=\"Demande d&#039;informations\"  class=\"choice-4 depth-1\"  >Demande d'informations<\/option><option value=\"Autre\"  class=\"choice-5 depth-1\"  >Autre<\/option><\/select><\/div><div id=\"wpforms-225-field_11-container\" class=\"wpforms-field wpforms-field-textarea\" data-field-id=\"11\"><label class=\"wpforms-field-label\" for=\"wpforms-225-field_11\">Pr\u00e9cisions <span class=\"wpforms-required-label\" aria-hidden=\"true\">*<\/span><\/label><textarea id=\"wpforms-225-field_11\" class=\"wpforms-field-medium wpforms-field-required\" name=\"wpforms[fields][11]\" aria-errormessage=\"wpforms-225-field_11-error\" required><\/textarea><\/div><div id=\"wpforms-225-field_14-container\" class=\"wpforms-field wpforms-field-gdpr-checkbox\" data-field-id=\"14\"><label class=\"wpforms-field-label\">RGPD <span class=\"wpforms-required-label\" aria-hidden=\"true\">*<\/span><\/label><ul id=\"wpforms-225-field_14\" class=\"wpforms-field-required\"><li class=\"choice-1\"><input type=\"checkbox\" id=\"wpforms-225-field_14_1\" name=\"wpforms[fields][14][]\" value=\"Je consens \u00e0 ce que ce site stocke mes informations envoy\u00e9es afin qu\u2019ils puissent r\u00e9pondre \u00e0 ma requ\u00eate.\" aria-errormessage=\"wpforms-225-field_14_1-error\" required ><label class=\"wpforms-field-label-inline\" for=\"wpforms-225-field_14_1\">Je consens \u00e0 ce que ce site stocke mes informations envoy\u00e9es afin qu\u2019ils puissent r\u00e9pondre \u00e0 ma requ\u00eate.<\/label><\/li><\/ul><\/div><\/div><!-- .wpforms-field-container --><div class=\"wpforms-recaptcha-container wpforms-is-recaptcha wpforms-is-recaptcha-type-v3\" ><input type=\"hidden\" name=\"wpforms[recaptcha]\" value=\"\"><\/div><div class=\"wpforms-submit-container\" ><input type=\"hidden\" name=\"wpforms[id]\" value=\"225\"><input type=\"hidden\" name=\"page_title\" value=\"\"><input type=\"hidden\" name=\"page_url\" value=\"https:\/\/www.novatex-medical.com\/it\/wp-json\/wp\/v2\/pages\/3568\"><input type=\"hidden\" name=\"url_referer\" value=\"\"><button type=\"submit\" name=\"wpforms[submit]\" id=\"wpforms-submit-225\" class=\"wpforms-submit text-center\" data-alt-text=\"Envoi en cours ...\" data-submit-text=\"Valider\" aria-live=\"assertive\" value=\"wpforms-submit\">Valider<\/button><\/div><\/form><\/div>  <!-- .wpforms-container -->\t<\/div>\n\t\t\t\t\t\t<\/div>\n\t\t\t\t\t<\/div>\n\t\t\t\t<\/div>\n\t\t\t\t\t<\/div>\n\t\t\t\t<\/div>\n\t\t\t\t<\/div>\n\t\t","protected":false},"excerpt":{"rendered":"<p>TESSUTO NOVAFEEL Il tessuto NOVAFEEL, composto di poliammide e di elastan, ha una densit\u00e0 di 195g\/m\u00b2. NOVAFEEL \u00e8 stato selezionato per la sua delicatezza su entrambe le facce che lo rendono confortevole da indossare. Caratteristiche 57% Poliammide; 43% Elastan 195 g\/m\u00b2 3 colori disponibili Delicato al tatto su entrambe le facce Tessuto opaco sviluppato e [&hellip;]<\/p>\n","protected":false},"author":1,"featured_media":0,"parent":0,"menu_order":0,"comment_status":"closed","ping_status":"closed","template":"elementor_header_footer","meta":{"_seopress_robots_primary_cat":"","_seopress_titles_title":"Tessuto NOVAFEEL %%sep%% %%sitetitle%%","_seopress_titles_desc":"Il tessuto NOVAFEEL \u00e8 stato sviluppato utilizzando una fibra tecnica innovativa, la poliammide, che offre un maggiore comfort termico.","_seopress_robots_index":"","footnotes":""},"class_list":["post-3568","page","type-page","status-publish"],"_links":{"self":[{"href":"https:\/\/www.novatex-medical.com\/it\/wp-json\/wp\/v2\/pages\/3568","targetHints":{"allow":["GET"]}}],"collection":[{"href":"https:\/\/www.novatex-medical.com\/it\/wp-json\/wp\/v2\/pages"}],"about":[{"href":"https:\/\/www.novatex-medical.com\/it\/wp-json\/wp\/v2\/types\/page"}],"author":[{"embeddable":true,"href":"https:\/\/www.novatex-medical.com\/it\/wp-json\/wp\/v2\/users\/1"}],"replies":[{"embeddable":true,"href":"https:\/\/www.novatex-medical.com\/it\/wp-json\/wp\/v2\/comments?post=3568"}],"version-history":[{"count":3,"href":"https:\/\/www.novatex-medical.com\/it\/wp-json\/wp\/v2\/pages\/3568\/revisions"}],"predecessor-version":[{"id":3665,"href":"https:\/\/www.novatex-medical.com\/it\/wp-json\/wp\/v2\/pages\/3568\/revisions\/3665"}],"wp:attachment":[{"href":"https:\/\/www.novatex-medical.com\/it\/wp-json\/wp\/v2\/media?parent=3568"}],"curies":[{"name":"wp","href":"https:\/\/api.w.org\/{rel}","templated":true}]}}