{"id":3559,"date":"2019-03-12T01:59:05","date_gmt":"2019-03-12T01:59:05","guid":{"rendered":"https:\/\/www.novatex-medical.com\/novaception\/"},"modified":"2025-06-27T12:45:35","modified_gmt":"2025-06-27T12:45:35","slug":"novaception","status":"publish","type":"page","link":"https:\/\/www.novatex-medical.com\/it\/novaception\/","title":{"rendered":"NOVACEPTION"},"content":{"rendered":"\t\t<div data-elementor-type=\"wp-page\" data-elementor-id=\"3559\" class=\"elementor elementor-3559 elementor-208\" data-elementor-post-type=\"page\">\n\t\t\t\t<div class=\"elementor-element elementor-element-53e88597 e-flex e-con-boxed e-con e-parent\" data-id=\"53e88597\" data-element_type=\"container\">\n\t\t\t\t\t<div class=\"e-con-inner\">\n\t\t\t\t<div class=\"elementor-element elementor-element-4cb62139 elementor-widget__width-inherit elementor-widget elementor-widget-heading\" data-id=\"4cb62139\" data-element_type=\"widget\" data-widget_type=\"heading.default\">\n\t\t\t\t\t<h1 class=\"elementor-heading-title elementor-size-default\">TESSUTO NOVACEPTION<\/h1>\t\t\t\t<\/div>\n\t\t\t\t\t<\/div>\n\t\t\t\t<\/div>\n\t\t<div class=\"elementor-element elementor-element-3f9f160f e-flex e-con-boxed e-con e-parent\" data-id=\"3f9f160f\" data-element_type=\"container\">\n\t\t\t\t\t<div class=\"e-con-inner\">\n\t\t<div class=\"elementor-element elementor-element-7dffcbbe e-flex e-con-boxed e-con e-parent\" data-id=\"7dffcbbe\" data-element_type=\"container\" data-settings=\"{&quot;background_background&quot;:&quot;classic&quot;}\">\n\t\t\t\t\t<div class=\"e-con-inner\">\n\t\t\t\t<div class=\"elementor-element elementor-element-2ded45da elementor-widget__width-inherit elementor-widget elementor-widget-text-editor\" data-id=\"2ded45da\" data-element_type=\"widget\" data-widget_type=\"text-editor.default\">\n\t\t\t\t\t\t\t\t\t<p>Il tessuto NOVACEPTION \u00e8 composto di poliammide (52%) e di elastan (48%). La tecnologia utilizzata per la sua fabbricazione \u00e8 la tessitura, che permette al tessuto di avere un\u2019elasticit\u00e0 e una resistenza bidirezionale. <\/p>\n<p>L\u2019unicit\u00e0 di questo tessuto \u00e8 costituita dalla sua leggerezza e finezza poich\u00e9 la sua densit\u00e0 \u00e8 di soli 177 g\/m\u00b2.<\/p>\n<p>Il tessuto NOVACEPTION \u00e8 proposto in tre tinte.<\/p>\t\t\t\t\t\t\t\t<\/div>\n\t\t\t\t<div class=\"elementor-element elementor-element-46c67b3a elementor-align-center elementor-widget elementor-widget-button\" data-id=\"46c67b3a\" data-element_type=\"widget\" data-widget_type=\"button.default\">\n\t\t\t\t\t\t\t\t\t\t<a class=\"elementor-button elementor-button-link elementor-size-sm elementor-animation-shrink\" href=\"#contact\">\n\t\t\t\t\t\t<span class=\"elementor-button-content-wrapper\">\n\t\t\t\t\t\t<span class=\"elementor-button-icon\">\n\t\t\t\t<svg aria-hidden=\"true\" class=\"e-font-icon-svg e-fas-info\" viewBox=\"0 0 192 512\" xmlns=\"http:\/\/www.w3.org\/2000\/svg\"><path d=\"M20 424.229h20V279.771H20c-11.046 0-20-8.954-20-20V212c0-11.046 8.954-20 20-20h112c11.046 0 20 8.954 20 20v212.229h20c11.046 0 20 8.954 20 20V492c0 11.046-8.954 20-20 20H20c-11.046 0-20-8.954-20-20v-47.771c0-11.046 8.954-20 20-20zM96 0C56.235 0 24 32.235 24 72s32.235 72 72 72 72-32.235 72-72S135.764 0 96 0z\"><\/path><\/svg>\t\t\t<\/span>\n\t\t\t\t\t\t\t\t\t<span class=\"elementor-button-text\">Richiesta di informazioni<\/span>\n\t\t\t\t\t<\/span>\n\t\t\t\t\t<\/a>\n\t\t\t\t\t\t\t\t<\/div>\n\t\t\t\t\t<\/div>\n\t\t\t\t<\/div>\n\t\t<div class=\"elementor-element elementor-element-3741ab2d e-con-full e-flex e-con e-parent\" data-id=\"3741ab2d\" data-element_type=\"container\">\n\t\t<div class=\"elementor-element elementor-element-26774d7e e-con-full e-flex e-con e-parent\" data-id=\"26774d7e\" data-element_type=\"container\">\n\t\t\t\t<div class=\"elementor-element elementor-element-3699b966 elementor-position-top elementor-widget elementor-widget-image-box\" data-id=\"3699b966\" data-element_type=\"widget\" data-widget_type=\"image-box.default\">\n\t\t\t\t\t<div class=\"elementor-image-box-wrapper\"><figure class=\"elementor-image-box-img\"><img decoding=\"async\" width=\"150\" height=\"150\" src=\"https:\/\/www.novatex-medical.com\/wp-content\/uploads\/2019\/02\/couleur-raye-bleu.png\" class=\"elementor-animation-shrink attachment-full size-full wp-image-1710\" alt=\"couleur raye bleu\" \/><\/figure><div class=\"elementor-image-box-content\"><div class=\"elementor-image-box-title\">BLU A STRISCE<\/div><\/div><\/div>\t\t\t\t<\/div>\n\t\t\t\t<\/div>\n\t\t<div class=\"elementor-element elementor-element-3547e76b e-con-full e-flex e-con e-parent\" data-id=\"3547e76b\" data-element_type=\"container\">\n\t\t\t\t<div class=\"elementor-element elementor-element-185f55f4 elementor-position-top elementor-widget elementor-widget-image-box\" data-id=\"185f55f4\" data-element_type=\"widget\" data-widget_type=\"image-box.default\">\n\t\t\t\t\t<div class=\"elementor-image-box-wrapper\"><figure class=\"elementor-image-box-img\"><img decoding=\"async\" width=\"150\" height=\"150\" src=\"https:\/\/www.novatex-medical.com\/wp-content\/uploads\/2019\/02\/couleur-noir.png\" class=\"elementor-animation-shrink attachment-full size-full wp-image-1706\" alt=\"couleur noir\" \/><\/figure><div class=\"elementor-image-box-content\"><div class=\"elementor-image-box-title\">BLU<\/div><\/div><\/div>\t\t\t\t<\/div>\n\t\t\t\t<\/div>\n\t\t<div class=\"elementor-element elementor-element-6a7c7062 e-con-full e-flex e-con e-parent\" data-id=\"6a7c7062\" data-element_type=\"container\">\n\t\t\t\t<div class=\"elementor-element elementor-element-4dd26036 elementor-position-top elementor-widget elementor-widget-image-box\" data-id=\"4dd26036\" data-element_type=\"widget\" data-widget_type=\"image-box.default\">\n\t\t\t\t\t<div class=\"elementor-image-box-wrapper\"><figure class=\"elementor-image-box-img\"><img decoding=\"async\" width=\"150\" height=\"150\" src=\"https:\/\/www.novatex-medical.com\/wp-content\/uploads\/2019\/02\/couleur-raye-rose.png\" class=\"elementor-animation-shrink attachment-full size-full wp-image-1712\" alt=\"couleur raye rose\" \/><\/figure><div class=\"elementor-image-box-content\"><div class=\"elementor-image-box-title\">ROSA A STRISCE<\/div><\/div><\/div>\t\t\t\t<\/div>\n\t\t\t\t<\/div>\n\t\t\t\t<\/div>\n\t\t<div class=\"elementor-element elementor-element-2be2540e e-flex e-con-boxed e-con e-parent\" data-id=\"2be2540e\" data-element_type=\"container\">\n\t\t\t\t\t<div class=\"e-con-inner\">\n\t\t\t\t<div class=\"elementor-element elementor-element-2ec7b2c2 elementor-widget elementor-widget-gallery\" data-id=\"2ec7b2c2\" data-element_type=\"widget\" data-settings=\"{&quot;columns_mobile&quot;:4,&quot;columns&quot;:2,&quot;gap&quot;:{&quot;unit&quot;:&quot;px&quot;,&quot;size&quot;:20,&quot;sizes&quot;:[]},&quot;aspect_ratio&quot;:&quot;9:16&quot;,&quot;lazyload&quot;:&quot;yes&quot;,&quot;gallery_layout&quot;:&quot;grid&quot;,&quot;columns_tablet&quot;:2,&quot;gap_tablet&quot;:{&quot;unit&quot;:&quot;px&quot;,&quot;size&quot;:10,&quot;sizes&quot;:[]},&quot;gap_mobile&quot;:{&quot;unit&quot;:&quot;px&quot;,&quot;size&quot;:10,&quot;sizes&quot;:[]},&quot;link_to&quot;:&quot;file&quot;,&quot;overlay_background&quot;:&quot;yes&quot;,&quot;content_hover_animation&quot;:&quot;fade-in&quot;}\" data-widget_type=\"gallery.default\">\n\t\t\t\t\t\t\t<div class=\"elementor-gallery__container\">\n\t\t\t\t\t\t\t<a class=\"e-gallery-item elementor-gallery-item elementor-animated-content\" href=\"https:\/\/www.novatex-medical.com\/wp-content\/uploads\/2019\/03\/slide-8-bleu-1.png\" data-elementor-open-lightbox=\"yes\" data-elementor-lightbox-slideshow=\"2ec7b2c2\" data-elementor-lightbox-title=\"slide 8 bleu 1\" data-elementor-lightbox-description=\"slide 8 bleu 1\" data-e-action-hash=\"#elementor-action%3Aaction%3Dlightbox%26settings%3DeyJpZCI6MzIzLCJ1cmwiOiJodHRwczpcL1wvd3d3Lm5vdmF0ZXgtbWVkaWNhbC5jb21cL3dwLWNvbnRlbnRcL3VwbG9hZHNcLzIwMTlcLzAzXC9zbGlkZS04LWJsZXUtMS5wbmciLCJzbGlkZXNob3ciOiIyZWM3YjJjMiJ9\">\n\t\t\t\t\t<div class=\"e-gallery-image elementor-gallery-item__image\" data-thumbnail=\"https:\/\/www.novatex-medical.com\/wp-content\/uploads\/2019\/03\/slide-8-bleu-1.png\" data-width=\"436\" data-height=\"815\" aria-label=\"slide 8 bleu 1\" role=\"img\" ><\/div>\n\t\t\t\t\t\t\t\t\t\t\t<div class=\"elementor-gallery-item__overlay\"><\/div>\n\t\t\t\t\t\t\t\t\t\t\t\t\t\t<\/a>\n\t\t\t\t\t\t\t<a class=\"e-gallery-item elementor-gallery-item elementor-animated-content\" href=\"https:\/\/www.novatex-medical.com\/wp-content\/uploads\/2019\/03\/slide-8-rose.png\" data-elementor-open-lightbox=\"yes\" data-elementor-lightbox-slideshow=\"2ec7b2c2\" data-elementor-lightbox-title=\"slide 8 rose\" data-elementor-lightbox-description=\"slide 8 rose\" data-e-action-hash=\"#elementor-action%3Aaction%3Dlightbox%26settings%3DeyJpZCI6MzI0LCJ1cmwiOiJodHRwczpcL1wvd3d3Lm5vdmF0ZXgtbWVkaWNhbC5jb21cL3dwLWNvbnRlbnRcL3VwbG9hZHNcLzIwMTlcLzAzXC9zbGlkZS04LXJvc2UucG5nIiwic2xpZGVzaG93IjoiMmVjN2IyYzIifQ%3D%3D\">\n\t\t\t\t\t<div class=\"e-gallery-image elementor-gallery-item__image\" data-thumbnail=\"https:\/\/www.novatex-medical.com\/wp-content\/uploads\/2019\/03\/slide-8-rose.png\" data-width=\"383\" data-height=\"813\" aria-label=\"slide 8 rose\" role=\"img\" ><\/div>\n\t\t\t\t\t\t\t\t\t\t\t<div class=\"elementor-gallery-item__overlay\"><\/div>\n\t\t\t\t\t\t\t\t\t\t\t\t\t\t<\/a>\n\t\t\t\t\t<\/div>\n\t\t\t\t\t<\/div>\n\t\t\t\t\t<\/div>\n\t\t\t\t<\/div>\n\t\t\t\t\t<\/div>\n\t\t\t\t<\/div>\n\t\t<div class=\"elementor-element elementor-element-296bb793 e-flex e-con-boxed e-con e-parent\" data-id=\"296bb793\" data-element_type=\"container\" id=\"contact\" data-settings=\"{&quot;background_background&quot;:&quot;classic&quot;}\">\n\t\t\t\t\t<div class=\"e-con-inner\">\n\t\t<div class=\"elementor-element elementor-element-2450d302 e-flex e-con-boxed e-con e-parent\" data-id=\"2450d302\" data-element_type=\"container\">\n\t\t\t\t\t<div class=\"e-con-inner\">\n\t\t\t\t<div class=\"elementor-element elementor-element-65f8b962 elementor-view-default elementor-widget elementor-widget-icon\" data-id=\"65f8b962\" data-element_type=\"widget\" data-widget_type=\"icon.default\">\n\t\t\t\t\t\t\t<div class=\"elementor-icon-wrapper\">\n\t\t\t<div class=\"elementor-icon\">\n\t\t\t<svg aria-hidden=\"true\" class=\"e-font-icon-svg e-fas-info-circle\" viewBox=\"0 0 512 512\" xmlns=\"http:\/\/www.w3.org\/2000\/svg\"><path d=\"M256 8C119.043 8 8 119.083 8 256c0 136.997 111.043 248 248 248s248-111.003 248-248C504 119.083 392.957 8 256 8zm0 110c23.196 0 42 18.804 42 42s-18.804 42-42 42-42-18.804-42-42 18.804-42 42-42zm56 254c0 6.627-5.373 12-12 12h-88c-6.627 0-12-5.373-12-12v-24c0-6.627 5.373-12 12-12h12v-64h-12c-6.627 0-12-5.373-12-12v-24c0-6.627 5.373-12 12-12h64c6.627 0 12 5.373 12 12v100h12c6.627 0 12 5.373 12 12v24z\"><\/path><\/svg>\t\t\t<\/div>\n\t\t<\/div>\n\t\t\t\t\t\t<\/div>\n\t\t\t\t<div class=\"elementor-element elementor-element-1c1045b elementor-widget__width-inherit elementor-widget elementor-widget-heading\" data-id=\"1c1045b\" data-element_type=\"widget\" data-widget_type=\"heading.default\">\n\t\t\t\t\t<div class=\"elementor-heading-title elementor-size-default\">Richiesta di informazioni<\/div>\t\t\t\t<\/div>\n\t\t\t\t<div class=\"elementor-element elementor-element-21cb91f6 elementor-widget__width-inherit elementor-widget elementor-widget-heading\" data-id=\"21cb91f6\" data-element_type=\"widget\" data-widget_type=\"heading.default\">\n\t\t\t\t\t<div class=\"elementor-heading-title elementor-size-default\">NOVATEX MEDICAL<\/div>\t\t\t\t<\/div>\n\t\t\t\t<div class=\"elementor-element elementor-element-5eb2c611 elementor-widget elementor-widget-shortcode\" data-id=\"5eb2c611\" data-element_type=\"widget\" data-widget_type=\"shortcode.default\">\n\t\t\t\t\t\t\t<div class=\"elementor-shortcode\"><style id=\"wpforms-css-vars-225\">\n\t\t\t\t#wpforms-225 {\n\t\t\t\t--wpforms-field-size-input-height: 43px;\n--wpforms-field-size-input-spacing: 15px;\n--wpforms-field-size-font-size: 16px;\n--wpforms-field-size-line-height: 19px;\n--wpforms-field-size-padding-h: 14px;\n--wpforms-field-size-checkbox-size: 16px;\n--wpforms-field-size-sublabel-spacing: 5px;\n--wpforms-field-size-icon-size: 1;\n--wpforms-label-size-font-size: 16px;\n--wpforms-label-size-line-height: 19px;\n--wpforms-label-size-sublabel-font-size: 14px;\n--wpforms-label-size-sublabel-line-height: 17px;\n--wpforms-button-size-font-size: 17px;\n--wpforms-button-size-height: 41px;\n--wpforms-button-size-padding-h: 15px;\n--wpforms-button-size-margin-top: 10px;\n--wpforms-container-shadow-size-box-shadow: none;\n\t\t\t}\n\t\t\t<\/style><div class=\"wpforms-container wpforms-container-full wpforms-render-modern\" id=\"wpforms-225\"><form id=\"wpforms-form-225\" class=\"wpforms-validate wpforms-form\" data-formid=\"225\" method=\"post\" enctype=\"multipart\/form-data\" action=\"\/it\/wp-json\/wp\/v2\/pages\/3559\" data-token=\"e3d3e3ac93b5c348ebfcada2b684d894\" data-token-time=\"1777284508\"><noscript class=\"wpforms-error-noscript\">Abilita JavaScript nel browser per completare questo modulo.<\/noscript><div id=\"wpforms-error-noscript\" style=\"display: none;\">Abilita JavaScript nel browser per completare questo modulo.<\/div><div class=\"wpforms-field-container\"><div id=\"wpforms-225-field_3-container\" class=\"wpforms-field wpforms-field-layout\" data-field-id=\"3\"><div class=\"wpforms-field-layout-columns wpforms-field-layout-preset-50-50\"><div class=\"wpforms-layout-column wpforms-layout-column-50\" ><div id=\"wpforms-225-field_1-container\" class=\"wpforms-field wpforms-field-text\" data-field-id=\"1\"><label class=\"wpforms-field-label wpforms-label-hide\" for=\"wpforms-225-field_1\" aria-hidden=\"false\">Nom <span class=\"wpforms-required-label\" aria-hidden=\"true\">*<\/span><\/label><input type=\"text\" id=\"wpforms-225-field_1\" class=\"wpforms-field-medium wpforms-field-required\" name=\"wpforms[fields][1]\" placeholder=\"Nom\" aria-errormessage=\"wpforms-225-field_1-error\" required><\/div><\/div><div class=\"wpforms-layout-column wpforms-layout-column-50\" ><div id=\"wpforms-225-field_4-container\" class=\"wpforms-field wpforms-field-text\" data-field-id=\"4\"><label class=\"wpforms-field-label wpforms-label-hide\" for=\"wpforms-225-field_4\" aria-hidden=\"false\">Pr\u00e9nom <span class=\"wpforms-required-label\" aria-hidden=\"true\">*<\/span><\/label><input type=\"text\" id=\"wpforms-225-field_4\" class=\"wpforms-field-medium wpforms-field-required\" name=\"wpforms[fields][4]\" placeholder=\"Pr\u00e9nom\" aria-errormessage=\"wpforms-225-field_4-error\" required><\/div><\/div><\/div><\/div><div id=\"wpforms-225-field_6-container\" class=\"wpforms-field wpforms-field-layout\" data-field-id=\"6\"><div class=\"wpforms-field-layout-columns wpforms-field-layout-preset-50-50\"><div class=\"wpforms-layout-column wpforms-layout-column-50\" ><div id=\"wpforms-225-field_9-container\" class=\"wpforms-field wpforms-field-email\" data-field-id=\"9\"><label class=\"wpforms-field-label wpforms-label-hide\" for=\"wpforms-225-field_9\" aria-hidden=\"false\">E-mail <span class=\"wpforms-required-label\" aria-hidden=\"true\">*<\/span><\/label><input type=\"email\" id=\"wpforms-225-field_9\" class=\"wpforms-field-medium wpforms-field-required\" name=\"wpforms[fields][9]\" placeholder=\"E-mail\" spellcheck=\"false\" aria-errormessage=\"wpforms-225-field_9-error\" required><\/div><div id=\"wpforms-225-field_16-container\" class=\"wpforms-field wpforms-field-text\" data-field-id=\"16\"><label class=\"wpforms-field-label\" for=\"wpforms-225-field_16\">Ville <span class=\"wpforms-required-label\" aria-hidden=\"true\">*<\/span><\/label><input type=\"text\" id=\"wpforms-225-field_16\" class=\"wpforms-field-medium wpforms-field-required\" name=\"wpforms[fields][16]\" placeholder=\"Paris\" aria-errormessage=\"wpforms-225-field_16-error\" required><\/div><\/div><div class=\"wpforms-layout-column wpforms-layout-column-50\" ><div id=\"wpforms-225-field_10-container\" class=\"wpforms-field wpforms-field-phone\" data-field-id=\"10\"><label class=\"wpforms-field-label wpforms-label-hide\" for=\"wpforms-225-field_10\" aria-hidden=\"false\">T\u00e9l\u00e9phone <span class=\"wpforms-required-label\" aria-hidden=\"true\">*<\/span><\/label><input type=\"tel\" id=\"wpforms-225-field_10\" class=\"wpforms-field-medium wpforms-field-required wpforms-smart-phone-field\" data-rule-smart-phone-field=\"true\" name=\"wpforms[fields][10]\" placeholder=\"T\u00e9l\u00e9phone\" aria-label=\"T\u00e9l\u00e9phone\" aria-errormessage=\"wpforms-225-field_10-error\" required><\/div><div id=\"wpforms-225-field_17-container\" class=\"wpforms-field wpforms-field-text\" data-field-id=\"17\"><label class=\"wpforms-field-label\" for=\"wpforms-225-field_17\">Code Postal <span class=\"wpforms-required-label\" aria-hidden=\"true\">*<\/span><\/label><input type=\"text\" id=\"wpforms-225-field_17\" class=\"wpforms-field-medium wpforms-field-required\" name=\"wpforms[fields][17]\" placeholder=\"75001\" aria-errormessage=\"wpforms-225-field_17-error\" required><\/div><\/div><\/div><\/div><div id=\"wpforms-225-field_5-container\" class=\"wpforms-field wpforms-field-select wpforms-field-select-style-modern\" data-field-id=\"5\"><label class=\"wpforms-field-label\" for=\"wpforms-225-field_5\">Votre besoin ? <span class=\"wpforms-required-label\" aria-hidden=\"true\">*<\/span><\/label><select id=\"wpforms-225-field_5\" class=\"wpforms-field-large wpforms-field-required choicesjs-select\" data-size-class=\"wpforms-field-row wpforms-field-large\" data-search-enabled=\"\" name=\"wpforms[fields][5]\" required=\"required\"><option value=\"\" class=\"placeholder\" disabled  selected='selected'><\/option><option value=\"RDV commercial\"  class=\"choice-1 depth-1\"  >RDV commercial<\/option><option value=\"Catalogue\"  class=\"choice-2 depth-1\"  >Catalogue<\/option><option value=\"Demande d&#039;informations\"  class=\"choice-4 depth-1\"  >Demande d'informations<\/option><option value=\"Autre\"  class=\"choice-5 depth-1\"  >Autre<\/option><\/select><\/div><div id=\"wpforms-225-field_11-container\" class=\"wpforms-field wpforms-field-textarea\" data-field-id=\"11\"><label class=\"wpforms-field-label\" for=\"wpforms-225-field_11\">Pr\u00e9cisions <span class=\"wpforms-required-label\" aria-hidden=\"true\">*<\/span><\/label><textarea id=\"wpforms-225-field_11\" class=\"wpforms-field-medium wpforms-field-required\" name=\"wpforms[fields][11]\" aria-errormessage=\"wpforms-225-field_11-error\" required><\/textarea><\/div><div id=\"wpforms-225-field_14-container\" class=\"wpforms-field wpforms-field-gdpr-checkbox\" data-field-id=\"14\"><label class=\"wpforms-field-label\">RGPD <span class=\"wpforms-required-label\" aria-hidden=\"true\">*<\/span><\/label><ul id=\"wpforms-225-field_14\" class=\"wpforms-field-required\"><li class=\"choice-1\"><input type=\"checkbox\" id=\"wpforms-225-field_14_1\" name=\"wpforms[fields][14][]\" value=\"Je consens \u00e0 ce que ce site stocke mes informations envoy\u00e9es afin qu\u2019ils puissent r\u00e9pondre \u00e0 ma requ\u00eate.\" aria-errormessage=\"wpforms-225-field_14_1-error\" required ><label class=\"wpforms-field-label-inline\" for=\"wpforms-225-field_14_1\">Je consens \u00e0 ce que ce site stocke mes informations envoy\u00e9es afin qu\u2019ils puissent r\u00e9pondre \u00e0 ma requ\u00eate.<\/label><\/li><\/ul><\/div><\/div><!-- .wpforms-field-container --><div class=\"wpforms-recaptcha-container wpforms-is-recaptcha wpforms-is-recaptcha-type-v3\" ><input type=\"hidden\" name=\"wpforms[recaptcha]\" value=\"\"><\/div><div class=\"wpforms-submit-container\" ><input type=\"hidden\" name=\"wpforms[id]\" value=\"225\"><input type=\"hidden\" name=\"page_title\" value=\"\"><input type=\"hidden\" name=\"page_url\" value=\"https:\/\/www.novatex-medical.com\/it\/wp-json\/wp\/v2\/pages\/3559\"><input type=\"hidden\" name=\"url_referer\" value=\"\"><button type=\"submit\" name=\"wpforms[submit]\" id=\"wpforms-submit-225\" class=\"wpforms-submit text-center\" data-alt-text=\"Envoi en cours ...\" data-submit-text=\"Valider\" aria-live=\"assertive\" value=\"wpforms-submit\">Valider<\/button><\/div><\/form><\/div>  <!-- .wpforms-container -->\t<\/div>\n\t\t\t\t\t\t<\/div>\n\t\t\t\t\t<\/div>\n\t\t\t\t<\/div>\n\t\t\t\t\t<\/div>\n\t\t\t\t<\/div>\n\t\t\t\t<\/div>\n\t\t","protected":false},"excerpt":{"rendered":"<p>TESSUTO NOVACEPTION Il tessuto NOVACEPTION \u00e8 composto di poliammide (52%) e di elastan (48%). La tecnologia utilizzata per la sua fabbricazione \u00e8 la tessitura, che permette al tessuto di avere un\u2019elasticit\u00e0 e una resistenza bidirezionale. L\u2019unicit\u00e0 di questo tessuto \u00e8 costituita dalla sua leggerezza e finezza poich\u00e9 la sua densit\u00e0 \u00e8 di soli 177 g\/m\u00b2. [&hellip;]<\/p>\n","protected":false},"author":1,"featured_media":0,"parent":0,"menu_order":0,"comment_status":"closed","ping_status":"closed","template":"elementor_header_footer","meta":{"_seopress_robots_primary_cat":"","_seopress_titles_title":"Tessuto NOVACEPTION %%sep%% %%sitetitle%%","_seopress_titles_desc":"Scopri il tessuto NOVACEPTION\u00e8 composto di poliammide (52%) e di elastan (48%), che offre elasticit\u00e0 e resistenza bidirezionale.","_seopress_robots_index":"","footnotes":""},"class_list":["post-3559","page","type-page","status-publish"],"_links":{"self":[{"href":"https:\/\/www.novatex-medical.com\/it\/wp-json\/wp\/v2\/pages\/3559","targetHints":{"allow":["GET"]}}],"collection":[{"href":"https:\/\/www.novatex-medical.com\/it\/wp-json\/wp\/v2\/pages"}],"about":[{"href":"https:\/\/www.novatex-medical.com\/it\/wp-json\/wp\/v2\/types\/page"}],"author":[{"embeddable":true,"href":"https:\/\/www.novatex-medical.com\/it\/wp-json\/wp\/v2\/users\/1"}],"replies":[{"embeddable":true,"href":"https:\/\/www.novatex-medical.com\/it\/wp-json\/wp\/v2\/comments?post=3559"}],"version-history":[{"count":3,"href":"https:\/\/www.novatex-medical.com\/it\/wp-json\/wp\/v2\/pages\/3559\/revisions"}],"predecessor-version":[{"id":4811,"href":"https:\/\/www.novatex-medical.com\/it\/wp-json\/wp\/v2\/pages\/3559\/revisions\/4811"}],"wp:attachment":[{"href":"https:\/\/www.novatex-medical.com\/it\/wp-json\/wp\/v2\/media?parent=3559"}],"curies":[{"name":"wp","href":"https:\/\/api.w.org\/{rel}","templated":true}]}}