{"id":3545,"date":"2021-03-28T16:54:35","date_gmt":"2021-03-28T16:54:35","guid":{"rendered":"https:\/\/www.novatex-medical.com\/cinture-per-lobesita-novavita\/"},"modified":"2025-06-27T14:54:22","modified_gmt":"2025-06-27T14:54:22","slug":"cinture-per-lobesita-novavita","status":"publish","type":"page","link":"https:\/\/www.novatex-medical.com\/it\/cinture-per-lobesita-novavita\/","title":{"rendered":"CINTURE PER L&#8217;OBESIT\u00c0 NOVAVITA"},"content":{"rendered":"\t\t<div data-elementor-type=\"wp-page\" data-elementor-id=\"3545\" class=\"elementor elementor-3545 elementor-1043\" data-elementor-post-type=\"page\">\n\t\t\t\t<div class=\"elementor-element elementor-element-40a7af7e e-flex e-con-boxed e-con e-parent\" data-id=\"40a7af7e\" data-element_type=\"container\">\n\t\t\t\t\t<div class=\"e-con-inner\">\n\t\t\t\t<div class=\"elementor-element elementor-element-f311a15 elementor-widget elementor-widget-heading\" data-id=\"f311a15\" data-element_type=\"widget\" data-widget_type=\"heading.default\">\n\t\t\t\t\t<h1 class=\"elementor-heading-title elementor-size-default\">CINTURA DI SUPPORTO ADDOMINALE<br><span style=\"color:#00A1C1\"><font size=\"5pt\">NOVAVITA<\/font><\/span><\/h1>\t\t\t\t<\/div>\n\t\t\t\t\t<\/div>\n\t\t\t\t<\/div>\n\t\t<div class=\"elementor-element elementor-element-2a36798b e-flex e-con-boxed e-con e-parent\" data-id=\"2a36798b\" data-element_type=\"container\">\n\t\t\t\t\t<div class=\"e-con-inner\">\n\t\t\t\t<div class=\"elementor-element elementor-element-d1b9672 elementor-widget elementor-widget-text-editor\" data-id=\"d1b9672\" data-element_type=\"widget\" data-widget_type=\"text-editor.default\">\n\t\t\t\t\t\t\t\t\t<p>La cintura NOVAVITA \u00e8 un&#8217;innovativa cintura di sostegno addominale (ASB) progettata appositamente per i pazienti affetti da obesit\u00e0. Forniscono un supporto addominale nei casi di insufficienza parietale patologica (obesit\u00e0, ventosit\u00e0, stomie, ernie, ecc.). <\/p>\t\t\t\t\t\t\t\t<\/div>\n\t\t\t\t<div class=\"elementor-element elementor-element-6177f355 elementor-widget elementor-widget-image\" data-id=\"6177f355\" data-element_type=\"widget\" data-widget_type=\"image.default\">\n\t\t\t\t\t\t\t\t\t\t\t\t\t\t\t<img fetchpriority=\"high\" decoding=\"async\" width=\"800\" height=\"450\" src=\"https:\/\/www.novatex-medical.com\/wp-content\/uploads\/2021\/06\/plan1-1024x576.jpg\" class=\"attachment-large size-large wp-image-5548\" alt=\"\" srcset=\"https:\/\/www.novatex-medical.com\/wp-content\/uploads\/2021\/06\/plan1-1024x576.jpg 1024w, https:\/\/www.novatex-medical.com\/wp-content\/uploads\/2021\/06\/plan1-300x169.jpg 300w, https:\/\/www.novatex-medical.com\/wp-content\/uploads\/2021\/06\/plan1-768x432.jpg 768w, https:\/\/www.novatex-medical.com\/wp-content\/uploads\/2021\/06\/plan1.jpg 1280w\" sizes=\"(max-width: 800px) 100vw, 800px\" \/>\t\t\t\t\t\t\t\t\t\t\t\t\t\t\t<\/div>\n\t\t\t\t<div class=\"elementor-element elementor-element-279302ae elementor-widget elementor-widget-gallery\" data-id=\"279302ae\" data-element_type=\"widget\" data-settings=\"{&quot;columns_mobile&quot;:4,&quot;columns&quot;:6,&quot;lazyload&quot;:&quot;yes&quot;,&quot;gallery_layout&quot;:&quot;grid&quot;,&quot;columns_tablet&quot;:2,&quot;gap&quot;:{&quot;unit&quot;:&quot;px&quot;,&quot;size&quot;:10,&quot;sizes&quot;:[]},&quot;gap_tablet&quot;:{&quot;unit&quot;:&quot;px&quot;,&quot;size&quot;:10,&quot;sizes&quot;:[]},&quot;gap_mobile&quot;:{&quot;unit&quot;:&quot;px&quot;,&quot;size&quot;:10,&quot;sizes&quot;:[]},&quot;link_to&quot;:&quot;file&quot;,&quot;aspect_ratio&quot;:&quot;3:2&quot;,&quot;overlay_background&quot;:&quot;yes&quot;,&quot;content_hover_animation&quot;:&quot;fade-in&quot;}\" data-widget_type=\"gallery.default\">\n\t\t\t\t\t\t\t<div class=\"elementor-gallery__container\">\n\t\t\t\t\t\t\t<a class=\"e-gallery-item elementor-gallery-item elementor-animated-content\" href=\"https:\/\/www.novatex-medical.com\/wp-content\/uploads\/2021\/06\/plan1.jpg\" data-elementor-open-lightbox=\"yes\" data-elementor-lightbox-slideshow=\"279302ae\" data-elementor-lightbox-title=\"Ceinture de maintien et d&#039;ob\u00e9sit\u00e9 - NOVAVITA\" data-elementor-lightbox-description=\"Tissu technique bidirectionnel \" data-e-action-hash=\"#elementor-action%3Aaction%3Dlightbox%26settings%3DeyJpZCI6MTA3OSwidXJsIjoiaHR0cHM6XC9cL3d3dy5ub3ZhdGV4LW1lZGljYWwuY29tXC93cC1jb250ZW50XC91cGxvYWRzXC8yMDIxXC8wNlwvcGxhbjEuanBnIiwic2xpZGVzaG93IjoiMjc5MzAyYWUifQ%3D%3D\">\n\t\t\t\t\t<div class=\"e-gallery-image elementor-gallery-item__image\" data-thumbnail=\"https:\/\/www.novatex-medical.com\/wp-content\/uploads\/2021\/06\/plan1-300x169.jpg\" data-width=\"300\" data-height=\"169\" aria-label=\"\" role=\"img\" ><\/div>\n\t\t\t\t\t\t\t\t\t\t\t<div class=\"elementor-gallery-item__overlay\"><\/div>\n\t\t\t\t\t\t\t\t\t\t\t\t\t\t<\/a>\n\t\t\t\t\t\t\t<a class=\"e-gallery-item elementor-gallery-item elementor-animated-content\" href=\"https:\/\/www.novatex-medical.com\/wp-content\/uploads\/2021\/06\/plan2.jpg\" data-elementor-open-lightbox=\"yes\" data-elementor-lightbox-slideshow=\"279302ae\" data-elementor-lightbox-title=\"Ceinture de maintien et d&#039;ob\u00e9sit\u00e9 - NOVAVITA\" data-elementor-lightbox-description=\"Poche interne pour renforcement du tablier\" data-e-action-hash=\"#elementor-action%3Aaction%3Dlightbox%26settings%3DeyJpZCI6MTA3OCwidXJsIjoiaHR0cHM6XC9cL3d3dy5ub3ZhdGV4LW1lZGljYWwuY29tXC93cC1jb250ZW50XC91cGxvYWRzXC8yMDIxXC8wNlwvcGxhbjIuanBnIiwic2xpZGVzaG93IjoiMjc5MzAyYWUifQ%3D%3D\">\n\t\t\t\t\t<div class=\"e-gallery-image elementor-gallery-item__image\" data-thumbnail=\"https:\/\/www.novatex-medical.com\/wp-content\/uploads\/2021\/06\/plan2-300x169.jpg\" data-width=\"300\" data-height=\"169\" aria-label=\"\" role=\"img\" ><\/div>\n\t\t\t\t\t\t\t\t\t\t\t<div class=\"elementor-gallery-item__overlay\"><\/div>\n\t\t\t\t\t\t\t\t\t\t\t\t\t\t<\/a>\n\t\t\t\t\t\t\t<a class=\"e-gallery-item elementor-gallery-item elementor-animated-content\" href=\"https:\/\/www.novatex-medical.com\/wp-content\/uploads\/2021\/06\/plan3.png\" data-elementor-open-lightbox=\"yes\" data-elementor-lightbox-slideshow=\"279302ae\" data-elementor-lightbox-title=\"Ceinture de maintien et d&#039;ob\u00e9sit\u00e9 - NOVAVITA\" data-elementor-lightbox-description=\"Brettelles r\u00e9glables pour ajustement du maintien\" data-e-action-hash=\"#elementor-action%3Aaction%3Dlightbox%26settings%3DeyJpZCI6MTA3NywidXJsIjoiaHR0cHM6XC9cL3d3dy5ub3ZhdGV4LW1lZGljYWwuY29tXC93cC1jb250ZW50XC91cGxvYWRzXC8yMDIxXC8wNlwvcGxhbjMucG5nIiwic2xpZGVzaG93IjoiMjc5MzAyYWUifQ%3D%3D\">\n\t\t\t\t\t<div class=\"e-gallery-image elementor-gallery-item__image\" data-thumbnail=\"https:\/\/www.novatex-medical.com\/wp-content\/uploads\/2021\/06\/plan3-300x169.png\" data-width=\"300\" data-height=\"169\" aria-label=\"\" role=\"img\" ><\/div>\n\t\t\t\t\t\t\t\t\t\t\t<div class=\"elementor-gallery-item__overlay\"><\/div>\n\t\t\t\t\t\t\t\t\t\t\t\t\t\t<\/a>\n\t\t\t\t\t\t\t<a class=\"e-gallery-item elementor-gallery-item elementor-animated-content\" href=\"https:\/\/www.novatex-medical.com\/wp-content\/uploads\/2021\/06\/plan4.png\" data-elementor-open-lightbox=\"yes\" data-elementor-lightbox-slideshow=\"279302ae\" data-elementor-lightbox-title=\"Ceinture de maintien et d&#039;ob\u00e9sit\u00e9 - NOVAVITA\" data-elementor-lightbox-description=\"Triple agrafage bilat\u00e9ral\" data-e-action-hash=\"#elementor-action%3Aaction%3Dlightbox%26settings%3DeyJpZCI6MTA3NiwidXJsIjoiaHR0cHM6XC9cL3d3dy5ub3ZhdGV4LW1lZGljYWwuY29tXC93cC1jb250ZW50XC91cGxvYWRzXC8yMDIxXC8wNlwvcGxhbjQucG5nIiwic2xpZGVzaG93IjoiMjc5MzAyYWUifQ%3D%3D\">\n\t\t\t\t\t<div class=\"e-gallery-image elementor-gallery-item__image\" data-thumbnail=\"https:\/\/www.novatex-medical.com\/wp-content\/uploads\/2021\/06\/plan4-300x169.png\" data-width=\"300\" data-height=\"169\" aria-label=\"\" role=\"img\" ><\/div>\n\t\t\t\t\t\t\t\t\t\t\t<div class=\"elementor-gallery-item__overlay\"><\/div>\n\t\t\t\t\t\t\t\t\t\t\t\t\t\t<\/a>\n\t\t\t\t\t\t\t<a class=\"e-gallery-item elementor-gallery-item elementor-animated-content\" href=\"https:\/\/www.novatex-medical.com\/wp-content\/uploads\/2021\/06\/plan5.jpg\" data-elementor-open-lightbox=\"yes\" data-elementor-lightbox-slideshow=\"279302ae\" data-elementor-lightbox-title=\"Ceinture de maintien et d&#039;ob\u00e9sit\u00e9 - NOVAVITA\" data-elementor-lightbox-description=\"Baleinage en acier ressort et doublure en tissu technique 3D\" data-e-action-hash=\"#elementor-action%3Aaction%3Dlightbox%26settings%3DeyJpZCI6MTA3NSwidXJsIjoiaHR0cHM6XC9cL3d3dy5ub3ZhdGV4LW1lZGljYWwuY29tXC93cC1jb250ZW50XC91cGxvYWRzXC8yMDIxXC8wNlwvcGxhbjUuanBnIiwic2xpZGVzaG93IjoiMjc5MzAyYWUifQ%3D%3D\">\n\t\t\t\t\t<div class=\"e-gallery-image elementor-gallery-item__image\" data-thumbnail=\"https:\/\/www.novatex-medical.com\/wp-content\/uploads\/2021\/06\/plan5-300x169.jpg\" data-width=\"300\" data-height=\"169\" aria-label=\"\" role=\"img\" ><\/div>\n\t\t\t\t\t\t\t\t\t\t\t<div class=\"elementor-gallery-item__overlay\"><\/div>\n\t\t\t\t\t\t\t\t\t\t\t\t\t\t<\/a>\n\t\t\t\t\t\t\t<a class=\"e-gallery-item elementor-gallery-item elementor-animated-content\" href=\"https:\/\/www.novatex-medical.com\/wp-content\/uploads\/2021\/06\/plan6.jpg\" data-elementor-open-lightbox=\"yes\" data-elementor-lightbox-slideshow=\"279302ae\" data-elementor-lightbox-title=\"Ceinture de maintien et d&#039;ob\u00e9sit\u00e9 - NOVAVITA\" data-elementor-lightbox-description=\"Baleinage spiral\u00e9 et fermeture \u00e9clair\" data-e-action-hash=\"#elementor-action%3Aaction%3Dlightbox%26settings%3DeyJpZCI6MTA3NCwidXJsIjoiaHR0cHM6XC9cL3d3dy5ub3ZhdGV4LW1lZGljYWwuY29tXC93cC1jb250ZW50XC91cGxvYWRzXC8yMDIxXC8wNlwvcGxhbjYuanBnIiwic2xpZGVzaG93IjoiMjc5MzAyYWUifQ%3D%3D\">\n\t\t\t\t\t<div class=\"e-gallery-image elementor-gallery-item__image\" data-thumbnail=\"https:\/\/www.novatex-medical.com\/wp-content\/uploads\/2021\/06\/plan6-300x169.jpg\" data-width=\"300\" data-height=\"169\" aria-label=\"\" role=\"img\" ><\/div>\n\t\t\t\t\t\t\t\t\t\t\t<div class=\"elementor-gallery-item__overlay\"><\/div>\n\t\t\t\t\t\t\t\t\t\t\t\t\t\t<\/a>\n\t\t\t\t\t<\/div>\n\t\t\t\t\t<\/div>\n\t\t\t\t<div class=\"elementor-element elementor-element-8dd883f elementor-widget elementor-widget-video\" data-id=\"8dd883f\" data-element_type=\"widget\" data-settings=\"{&quot;video_type&quot;:&quot;hosted&quot;,&quot;autoplay&quot;:&quot;yes&quot;,&quot;play_on_mobile&quot;:&quot;yes&quot;,&quot;controls&quot;:&quot;yes&quot;}\" data-widget_type=\"video.default\">\n\t\t\t\t\t\t\t<div class=\"e-hosted-video elementor-wrapper elementor-open-inline\">\n\t\t\t\t\t<video class=\"elementor-video\" src=\"https:\/\/www.novatex-medical.com\/wp-content\/uploads\/2023\/12\/video-novavita-171220.mp4\" autoplay=\"\" controls=\"\" playsinline=\"\" controlsList=\"nodownload\"><\/video>\n\t\t\t\t<\/div>\n\t\t\t\t\t\t<\/div>\n\t\t\t\t<div class=\"elementor-element elementor-element-dfd6dd1 elementor-widget elementor-widget-heading\" data-id=\"dfd6dd1\" data-element_type=\"widget\" data-widget_type=\"heading.default\">\n\t\t\t\t\t<div class=\"elementor-heading-title elementor-size-default\">I punti di forza di NOVAVITA<\/div>\t\t\t\t<\/div>\n\t\t\t\t<div class=\"elementor-element elementor-element-3d0400b elementor-widget elementor-widget-text-editor\" data-id=\"3d0400b\" data-element_type=\"widget\" data-widget_type=\"text-editor.default\">\n\t\t\t\t\t\t\t\t\t<ul class=\"li-article\">\n<li><b>TRIPLO SACCHETTO BILATERALE<\/b> per regolare la compressione<\/li>\n<li><b>CINGHIE REGOLABILI<\/b> per regolare il supporto e accompagnare la perdita di massa del pendolo<\/li>\n<li><b>TASCA INTERNA<\/b> per una maggiore aderenza al grembiule<\/li>\n<li><b>ANTERIORE<\/b>: nervature a spirale e chiusura a zip per facilitare la vestizione<\/li>\n<li><b>FACCIA POSTERIORE<\/b>: rinforzi in acciaio a molla e fodera in tessuto tecnico 3D per il massimo comfort.<\/li>\n<li><b>TESSUTO TECNICO BIDIREZIONALE<\/b> appositamente sviluppato: elastico in una direzione per la compressione radiale e bloccato nell&#8217;altra direzione per il sostegno longitudinale. Tessuto sviluppato e realizzato in Francia. Modelli e capi d&#8217;abbigliamento su misura in Francia. Innovazione protetta da brevetto. Gamba ipogastrica opzionale    <\/li>\n<li><b>PIASTRA IPOGASTRITICA OPZIONALE<\/b>: fornisce un supporto supplementare alla coperta.<\/li>\n<\/ul>\t\t\t\t\t\t\t\t<\/div>\n\t\t\t\t\t<\/div>\n\t\t\t\t<\/div>\n\t\t<div class=\"elementor-element elementor-element-7d4b437c e-flex e-con-boxed e-con e-parent\" data-id=\"7d4b437c\" data-element_type=\"container\">\n\t\t\t\t\t<div class=\"e-con-inner\">\n\t\t<div class=\"elementor-element elementor-element-637e3886 e-con-full e-flex e-con e-child\" data-id=\"637e3886\" data-element_type=\"container\">\n\t\t\t\t<div class=\"elementor-element elementor-element-6aa215c2 elementor-widget elementor-widget-heading\" data-id=\"6aa215c2\" data-element_type=\"widget\" data-widget_type=\"heading.default\">\n\t\t\t\t\t<div class=\"elementor-heading-title elementor-size-default\">Montaggio della cintura<\/div>\t\t\t\t<\/div>\n\t\t\t\t<div class=\"elementor-element elementor-element-608902fb elementor-widget elementor-widget-heading\" data-id=\"608902fb\" data-element_type=\"widget\" data-widget_type=\"heading.default\">\n\t\t\t\t\t<div class=\"elementor-heading-title elementor-size-default\">Si consiglia di indossare la cintura in posizione eretta o seduta, con la cerniera aperta. Indossalo dal basso, poi metti le spalline e chiudi la zip. Deve essere montato da un professionista sanitario. Quindi regola la tensione posizionando i ganci di cucitura in modo indipendente.   <\/div>\t\t\t\t<\/div>\n\t\t\t\t<\/div>\n\t\t<div class=\"elementor-element elementor-element-7eec700 e-con-full e-flex e-con e-child\" data-id=\"7eec700\" data-element_type=\"container\">\n\t\t\t\t<div class=\"elementor-element elementor-element-1dc41417 elementor-widget elementor-widget-heading\" data-id=\"1dc41417\" data-element_type=\"widget\" data-widget_type=\"heading.default\">\n\t\t\t\t\t<div class=\"elementor-heading-title elementor-size-default\">Precauzioni d'uso\n<\/div>\t\t\t\t<\/div>\n\t\t\t\t<div class=\"elementor-element elementor-element-6561a277 elementor-widget elementor-widget-heading\" data-id=\"6561a277\" data-element_type=\"widget\" data-widget_type=\"heading.default\">\n\t\t\t\t\t<div class=\"elementor-heading-title elementor-size-default\">Le cinture NOVATEX MEDICAL NOVAVITA sono dispositivi monopaziente e devono essere prescritti da un medico. Non applicare i nastri NOVAVITA direttamente su una ferita aperta o su una pelle danneggiata. Non applicare i nastri se sei notoriamente allergico a uno dei componenti. <\/div>\t\t\t\t<\/div>\n\t\t\t\t<\/div>\n\t\t\t\t\t<\/div>\n\t\t\t\t<\/div>\n\t\t<div class=\"elementor-element elementor-element-5b5cf5f1 e-flex e-con-boxed e-con e-parent\" data-id=\"5b5cf5f1\" data-element_type=\"container\" id=\"contact\" data-settings=\"{&quot;background_background&quot;:&quot;classic&quot;}\">\n\t\t\t\t\t<div class=\"e-con-inner\">\n\t\t<div class=\"elementor-element elementor-element-675327c1 e-flex e-con-boxed e-con e-child\" data-id=\"675327c1\" data-element_type=\"container\">\n\t\t\t\t\t<div class=\"e-con-inner\">\n\t\t\t\t<div class=\"elementor-element elementor-element-76a889b3 elementor-view-default elementor-widget elementor-widget-icon\" data-id=\"76a889b3\" data-element_type=\"widget\" data-widget_type=\"icon.default\">\n\t\t\t\t\t\t\t<div class=\"elementor-icon-wrapper\">\n\t\t\t<div class=\"elementor-icon\">\n\t\t\t<svg aria-hidden=\"true\" class=\"e-font-icon-svg e-fas-info-circle\" viewBox=\"0 0 512 512\" xmlns=\"http:\/\/www.w3.org\/2000\/svg\"><path d=\"M256 8C119.043 8 8 119.083 8 256c0 136.997 111.043 248 248 248s248-111.003 248-248C504 119.083 392.957 8 256 8zm0 110c23.196 0 42 18.804 42 42s-18.804 42-42 42-42-18.804-42-42 18.804-42 42-42zm56 254c0 6.627-5.373 12-12 12h-88c-6.627 0-12-5.373-12-12v-24c0-6.627 5.373-12 12-12h12v-64h-12c-6.627 0-12-5.373-12-12v-24c0-6.627 5.373-12 12-12h64c6.627 0 12 5.373 12 12v100h12c6.627 0 12 5.373 12 12v24z\"><\/path><\/svg>\t\t\t<\/div>\n\t\t<\/div>\n\t\t\t\t\t\t<\/div>\n\t\t\t\t<div class=\"elementor-element elementor-element-3b0bfefa elementor-widget__width-inherit elementor-widget elementor-widget-heading\" data-id=\"3b0bfefa\" data-element_type=\"widget\" data-widget_type=\"heading.default\">\n\t\t\t\t\t<div class=\"elementor-heading-title elementor-size-default\">Richiesta di informazioni<\/div>\t\t\t\t<\/div>\n\t\t\t\t<div class=\"elementor-element elementor-element-3bc72054 elementor-widget__width-inherit elementor-widget elementor-widget-heading\" data-id=\"3bc72054\" data-element_type=\"widget\" data-widget_type=\"heading.default\">\n\t\t\t\t\t<div class=\"elementor-heading-title elementor-size-default\">NOVATEX MEDICAL<\/div>\t\t\t\t<\/div>\n\t\t\t\t<div class=\"elementor-element elementor-element-44f4c4e3 elementor-widget elementor-widget-shortcode\" data-id=\"44f4c4e3\" data-element_type=\"widget\" data-widget_type=\"shortcode.default\">\n\t\t\t\t\t\t\t<div class=\"elementor-shortcode\"><style id=\"wpforms-css-vars-4783\">\n\t\t\t\t#wpforms-4783 {\n\t\t\t\t--wpforms-field-size-input-height: 43px;\n--wpforms-field-size-input-spacing: 15px;\n--wpforms-field-size-font-size: 16px;\n--wpforms-field-size-line-height: 19px;\n--wpforms-field-size-padding-h: 14px;\n--wpforms-field-size-checkbox-size: 16px;\n--wpforms-field-size-sublabel-spacing: 5px;\n--wpforms-field-size-icon-size: 1;\n--wpforms-label-size-font-size: 16px;\n--wpforms-label-size-line-height: 19px;\n--wpforms-label-size-sublabel-font-size: 14px;\n--wpforms-label-size-sublabel-line-height: 17px;\n--wpforms-button-size-font-size: 17px;\n--wpforms-button-size-height: 41px;\n--wpforms-button-size-padding-h: 15px;\n--wpforms-button-size-margin-top: 10px;\n--wpforms-container-shadow-size-box-shadow: none;\n\t\t\t}\n\t\t\t<\/style><div class=\"wpforms-container wpforms-container-full wpforms-render-modern\" id=\"wpforms-4783\"><form id=\"wpforms-form-4783\" class=\"wpforms-validate wpforms-form\" data-formid=\"4783\" method=\"post\" enctype=\"multipart\/form-data\" action=\"\/it\/wp-json\/wp\/v2\/pages\/3545\" data-token=\"5a0572beacbafd27f774496dce1d9835\" data-token-time=\"1775954698\"><noscript class=\"wpforms-error-noscript\">Abilita JavaScript nel browser per completare questo modulo.<\/noscript><div id=\"wpforms-error-noscript\" style=\"display: none;\">Abilita JavaScript nel browser per completare questo modulo.<\/div><div class=\"wpforms-field-container\"><div id=\"wpforms-4783-field_3-container\" class=\"wpforms-field wpforms-field-layout\" data-field-id=\"3\"><div class=\"wpforms-field-layout-columns wpforms-field-layout-preset-50-50\"><div class=\"wpforms-layout-column wpforms-layout-column-50\" ><div id=\"wpforms-4783-field_1-container\" class=\"wpforms-field wpforms-field-text\" data-field-id=\"1\"><label class=\"wpforms-field-label wpforms-label-hide\" for=\"wpforms-4783-field_1\" aria-hidden=\"false\">Cognome <span class=\"wpforms-required-label\" aria-hidden=\"true\">*<\/span><\/label><input type=\"text\" id=\"wpforms-4783-field_1\" class=\"wpforms-field-medium wpforms-field-required\" name=\"wpforms[fields][1]\" placeholder=\"Cognome\" aria-errormessage=\"wpforms-4783-field_1-error\" required><\/div><\/div><div class=\"wpforms-layout-column wpforms-layout-column-50\" ><div id=\"wpforms-4783-field_4-container\" class=\"wpforms-field wpforms-field-text\" data-field-id=\"4\"><label class=\"wpforms-field-label wpforms-label-hide\" for=\"wpforms-4783-field_4\" aria-hidden=\"false\">Nome <span class=\"wpforms-required-label\" aria-hidden=\"true\">*<\/span><\/label><input type=\"text\" id=\"wpforms-4783-field_4\" class=\"wpforms-field-medium wpforms-field-required\" name=\"wpforms[fields][4]\" placeholder=\"Nome\" aria-errormessage=\"wpforms-4783-field_4-error\" required><\/div><\/div><\/div><\/div><div id=\"wpforms-4783-field_6-container\" class=\"wpforms-field wpforms-field-layout\" data-field-id=\"6\"><div class=\"wpforms-field-layout-columns wpforms-field-layout-preset-50-50\"><div class=\"wpforms-layout-column wpforms-layout-column-50\" ><div id=\"wpforms-4783-field_9-container\" class=\"wpforms-field wpforms-field-email\" data-field-id=\"9\"><label class=\"wpforms-field-label wpforms-label-hide\" for=\"wpforms-4783-field_9\" aria-hidden=\"false\">E-mail <span class=\"wpforms-required-label\" aria-hidden=\"true\">*<\/span><\/label><input type=\"email\" id=\"wpforms-4783-field_9\" class=\"wpforms-field-medium wpforms-field-required\" name=\"wpforms[fields][9]\" placeholder=\"E-mail\" spellcheck=\"false\" aria-errormessage=\"wpforms-4783-field_9-error\" required><\/div><div id=\"wpforms-4783-field_15-container\" class=\"wpforms-field wpforms-field-text\" data-field-id=\"15\"><label class=\"wpforms-field-label\" for=\"wpforms-4783-field_15\">Citt\u00e0 <span class=\"wpforms-required-label\" aria-hidden=\"true\">*<\/span><\/label><input type=\"text\" id=\"wpforms-4783-field_15\" class=\"wpforms-field-medium wpforms-field-required\" name=\"wpforms[fields][15]\" placeholder=\"Milano\" aria-errormessage=\"wpforms-4783-field_15-error\" required><\/div><\/div><div class=\"wpforms-layout-column wpforms-layout-column-50\" ><div id=\"wpforms-4783-field_10-container\" class=\"wpforms-field wpforms-field-phone\" data-field-id=\"10\"><label class=\"wpforms-field-label wpforms-label-hide\" for=\"wpforms-4783-field_10\" aria-hidden=\"false\">Telefono <span class=\"wpforms-required-label\" aria-hidden=\"true\">*<\/span><\/label><input type=\"tel\" id=\"wpforms-4783-field_10\" class=\"wpforms-field-medium wpforms-field-required wpforms-smart-phone-field\" data-rule-smart-phone-field=\"true\" name=\"wpforms[fields][10]\" placeholder=\"Telefono\" aria-label=\"Telefono\" aria-errormessage=\"wpforms-4783-field_10-error\" required><\/div><div id=\"wpforms-4783-field_16-container\" class=\"wpforms-field wpforms-field-text\" data-field-id=\"16\"><label class=\"wpforms-field-label\" for=\"wpforms-4783-field_16\">Codice Postale <span class=\"wpforms-required-label\" aria-hidden=\"true\">*<\/span><\/label><input type=\"text\" id=\"wpforms-4783-field_16\" class=\"wpforms-field-medium wpforms-field-required\" name=\"wpforms[fields][16]\" placeholder=\"20121\" aria-errormessage=\"wpforms-4783-field_16-error\" required><\/div><\/div><\/div><\/div><div id=\"wpforms-4783-field_5-container\" class=\"wpforms-field wpforms-field-select wpforms-field-select-style-modern\" data-field-id=\"5\"><label class=\"wpforms-field-label\" for=\"wpforms-4783-field_5\">Di cosa avete bisogno? <span class=\"wpforms-required-label\" aria-hidden=\"true\">*<\/span><\/label><select id=\"wpforms-4783-field_5\" class=\"wpforms-field-large wpforms-field-required choicesjs-select\" data-size-class=\"wpforms-field-row wpforms-field-large\" data-search-enabled=\"\" name=\"wpforms[fields][5]\" required=\"required\"><option value=\"\" class=\"placeholder\" disabled  selected='selected'><\/option><option value=\"Appuntamento per le vendite\"  class=\"choice-1 depth-1\"  >Appuntamento per le vendite<\/option><option value=\"Catalogo\"  class=\"choice-2 depth-1\"  >Catalogo<\/option><option value=\"Richiesta di informazioni\"  class=\"choice-4 depth-1\"  >Richiesta di informazioni<\/option><option value=\"Altro\"  class=\"choice-5 depth-1\"  >Altro<\/option><\/select><\/div><div id=\"wpforms-4783-field_11-container\" class=\"wpforms-field wpforms-field-textarea\" data-field-id=\"11\"><label class=\"wpforms-field-label\" for=\"wpforms-4783-field_11\">Si prega di specificare <span class=\"wpforms-required-label\" aria-hidden=\"true\">*<\/span><\/label><textarea id=\"wpforms-4783-field_11\" class=\"wpforms-field-medium wpforms-field-required\" name=\"wpforms[fields][11]\" aria-errormessage=\"wpforms-4783-field_11-error\" required><\/textarea><\/div><div id=\"wpforms-4783-field_14-container\" class=\"wpforms-field wpforms-field-gdpr-checkbox\" data-field-id=\"14\"><label class=\"wpforms-field-label\">RGPD <span class=\"wpforms-required-label\" aria-hidden=\"true\">*<\/span><\/label><ul id=\"wpforms-4783-field_14\" class=\"wpforms-field-required\"><li class=\"choice-1\"><input type=\"checkbox\" id=\"wpforms-4783-field_14_1\" name=\"wpforms[fields][14][]\" value=\"Acconsento alla memorizzazione da parte di questo sito delle informazioni da me inviate per poter rispondere alla mia richiesta.\" aria-errormessage=\"wpforms-4783-field_14_1-error\" required ><label class=\"wpforms-field-label-inline\" for=\"wpforms-4783-field_14_1\">Acconsento alla memorizzazione da parte di questo sito delle informazioni da me inviate per poter rispondere alla mia richiesta.<\/label><\/li><\/ul><\/div><\/div><!-- .wpforms-field-container --><div class=\"wpforms-recaptcha-container wpforms-is-recaptcha wpforms-is-recaptcha-type-v3\" ><input type=\"hidden\" name=\"wpforms[recaptcha]\" value=\"\"><\/div><div class=\"wpforms-submit-container\" ><input type=\"hidden\" name=\"wpforms[id]\" value=\"4783\"><input type=\"hidden\" name=\"page_title\" value=\"\"><input type=\"hidden\" name=\"page_url\" value=\"https:\/\/www.novatex-medical.com\/it\/wp-json\/wp\/v2\/pages\/3545\"><input type=\"hidden\" name=\"url_referer\" value=\"\"><button type=\"submit\" name=\"wpforms[submit]\" id=\"wpforms-submit-4783\" class=\"wpforms-submit text-center\" data-alt-text=\"Spedizione in corso ...\" data-submit-text=\"Confermare\" aria-live=\"assertive\" value=\"wpforms-submit\">Confermare<\/button><\/div><\/form><\/div>  <!-- .wpforms-container --><\/div>\n\t\t\t\t\t\t<\/div>\n\t\t\t\t\t<\/div>\n\t\t\t\t<\/div>\n\t\t\t\t\t<\/div>\n\t\t\t\t<\/div>\n\t\t\t\t<\/div>\n\t\t","protected":false},"excerpt":{"rendered":"<p>CINTURA DI SUPPORTO ADDOMINALENOVAVITA La cintura NOVAVITA \u00e8 un&#8217;innovativa cintura di sostegno addominale (ASB) progettata appositamente per i pazienti affetti da obesit\u00e0. Forniscono un supporto addominale nei casi di insufficienza parietale patologica (obesit\u00e0, ventosit\u00e0, stomie, ernie, ecc.). https:\/\/www.novatex-medical.com\/wp-content\/uploads\/2023\/12\/video-novavita-171220.mp4 I punti di forza di NOVAVITA TRIPLO SACCHETTO BILATERALE per regolare la compressione CINGHIE REGOLABILI per regolare [&hellip;]<\/p>\n","protected":false},"author":1,"featured_media":0,"parent":0,"menu_order":0,"comment_status":"closed","ping_status":"closed","template":"elementor_header_footer","meta":{"_seopress_robots_primary_cat":"","_seopress_titles_title":"Cintura per l'obesit\u00e0 - Supporto addominale %%sep%% %%sitetitle%%","_seopress_titles_desc":"Scopri la cintura di sostegno addominale pensata per i pazienti che soffrono di insufficienza parietale patologica: obesit\u00e0, ventosit\u00e0, stomie, ernie....","_seopress_robots_index":"","footnotes":""},"class_list":["post-3545","page","type-page","status-publish"],"_links":{"self":[{"href":"https:\/\/www.novatex-medical.com\/it\/wp-json\/wp\/v2\/pages\/3545","targetHints":{"allow":["GET"]}}],"collection":[{"href":"https:\/\/www.novatex-medical.com\/it\/wp-json\/wp\/v2\/pages"}],"about":[{"href":"https:\/\/www.novatex-medical.com\/it\/wp-json\/wp\/v2\/types\/page"}],"author":[{"embeddable":true,"href":"https:\/\/www.novatex-medical.com\/it\/wp-json\/wp\/v2\/users\/1"}],"replies":[{"embeddable":true,"href":"https:\/\/www.novatex-medical.com\/it\/wp-json\/wp\/v2\/comments?post=3545"}],"version-history":[{"count":6,"href":"https:\/\/www.novatex-medical.com\/it\/wp-json\/wp\/v2\/pages\/3545\/revisions"}],"predecessor-version":[{"id":5116,"href":"https:\/\/www.novatex-medical.com\/it\/wp-json\/wp\/v2\/pages\/3545\/revisions\/5116"}],"wp:attachment":[{"href":"https:\/\/www.novatex-medical.com\/it\/wp-json\/wp\/v2\/media?parent=3545"}],"curies":[{"name":"wp","href":"https:\/\/api.w.org\/{rel}","templated":true}]}}