{"id":6124,"date":"2025-10-15T11:21:02","date_gmt":"2025-10-15T11:21:02","guid":{"rendered":"https:\/\/www.novatex-medical.com\/kompressionskleidung-nach-aesthetischen-operationen\/"},"modified":"2025-11-07T08:27:38","modified_gmt":"2025-11-07T08:27:38","slug":"kompressionskleidung-nach-aesthetischen-operationen","status":"publish","type":"page","link":"https:\/\/www.novatex-medical.com\/de\/kompressionskleidung-nach-aesthetischen-operationen\/","title":{"rendered":"KOMPRESSIONSKLEIDUNG NACH \u00c4STHETISCHEN OPERATIONEN"},"content":{"rendered":"\t\t<div data-elementor-type=\"wp-page\" data-elementor-id=\"6124\" class=\"elementor elementor-6124 elementor-5344\" data-elementor-post-type=\"page\">\n\t\t\t\t<div class=\"elementor-element elementor-element-307d723 e-flex e-con-boxed e-con e-parent\" data-id=\"307d723\" data-element_type=\"container\">\n\t\t\t\t\t<div class=\"e-con-inner\">\n\t\t\t\t<div class=\"elementor-element elementor-element-e115f1c elementor-widget elementor-widget-heading\" data-id=\"e115f1c\" data-element_type=\"widget\" data-widget_type=\"heading.default\">\n\t\t\t\t\t<h1 class=\"elementor-heading-title elementor-size-default\">KOMPRESSIONSKLEIDUNG NACH \u00c4STHETISCHEN OPERATIONEN<\/h1>\t\t\t\t<\/div>\n\t\t\t\t<div class=\"elementor-element elementor-element-83029a8 elementor-widget elementor-widget-heading\" data-id=\"83029a8\" data-element_type=\"widget\" data-widget_type=\"heading.default\">\n\t\t\t\t\t<h2 class=\"elementor-heading-title elementor-size-default\">NOVASKIN Produktlinie<\/h2>\t\t\t\t<\/div>\n\t\t\t\t<div class=\"elementor-element elementor-element-f6eb052 elementor-widget elementor-widget-text-editor\" data-id=\"f6eb052\" data-element_type=\"widget\" data-widget_type=\"text-editor.default\">\n\t\t\t\t\t\t\t\t\t<p>Die Kompressionskleidung der <strong>NOVASKIN<\/strong> Produktlinie ist ein Medizinprodukt der Klasse I, das speziell zur Unterst\u00fctzung der postoperativen Phase in der \u00e4sthetischen Chirurgie <em>(Liposuktion, Bauchdeckenstraffung, etc.)<\/em> entwickelt wurde.<br>Dank ihres konstanten Kompressionseffekts zielt diese Kleidung auf den operierten Bereich ab, um eine optimale Heilung zu f\u00f6rdern.<\/p>\n<p>Die Anwendung eines gleichm\u00e4\u00dfigen Drucks ist nach einem Eingriff entscheidend (oder von entscheidender Bedeutung). Die NOVASKIN-Kleidung bietet essenzielle klinische Vorteile: <\/p>\n<ul>\n<li><strong>Optimierung der Narbenbildung<\/strong>: Die Kompression begrenzt die Gewebebewegung und die Wundr\u00e4nder, was zur Entstehung sichtbar \u00e4sthetischerer Narben beitr\u00e4gt. Sie spielt zudem eine entscheidende Rolle bei der Pr\u00e4vention von keloiden und hypertrophen Narben. <\/li>\n<li><strong>Reduzierung von Schwellungen<\/strong>: Der Druck hilft, die postoperative Schwellung (\u00d6dem) zu begrenzen und zu reduzieren.<\/li>\n<li><strong>Optimale Modellergebnisse<\/strong>: Der konstante Halt tr\u00e4gt aktiv zur Erzielung optimaler Remodelling-Ergebnisse in den behandelten Zonen bei.<\/li>\n<\/ul>\n<div>&nbsp;<\/div>\n<div>Alle Komponenten der <strong>NOVASKIN<\/strong>-Kleidung sind OEKO-TEX\u00ae-zertifiziert und in verschiedenen Gr\u00f6\u00dfen erh\u00e4ltlich, um postoperativen Anforderungen schnell und effektiv gerecht zu werden.<\/div>\t\t\t\t\t\t\t\t<\/div>\n\t\t\t\t\t<\/div>\n\t\t\t\t<\/div>\n\t\t<div class=\"elementor-element elementor-element-386144a e-flex e-con-boxed e-con e-parent\" data-id=\"386144a\" data-element_type=\"container\" data-settings=\"{&quot;background_background&quot;:&quot;classic&quot;}\">\n\t\t\t\t\t<div class=\"e-con-inner\">\n\t\t\t\t<div class=\"elementor-element elementor-element-728c2b9 elementor-widget elementor-widget-heading\" data-id=\"728c2b9\" data-element_type=\"widget\" data-widget_type=\"heading.default\">\n\t\t\t\t\t<h1 class=\"elementor-heading-title elementor-size-default\">La gamme de v\u00eatements compressifs post-op\u00e9ratoires<\/h1>\t\t\t\t<\/div>\n\t\t\t\t<div class=\"elementor-element elementor-element-9668430 elementor-grid-4 elementor-grid-tablet-2 elementor-grid-mobile-1 elementor-posts--thumbnail-top elementor-card-shadow-yes elementor-posts__hover-gradient elementor-widget elementor-widget-posts\" data-id=\"9668430\" data-element_type=\"widget\" data-settings=\"{&quot;cards_columns&quot;:&quot;4&quot;,&quot;cards_row_gap&quot;:{&quot;unit&quot;:&quot;px&quot;,&quot;size&quot;:15,&quot;sizes&quot;:[]},&quot;cards_columns_tablet&quot;:&quot;2&quot;,&quot;cards_columns_mobile&quot;:&quot;1&quot;,&quot;cards_row_gap_tablet&quot;:{&quot;unit&quot;:&quot;px&quot;,&quot;size&quot;:&quot;&quot;,&quot;sizes&quot;:[]},&quot;cards_row_gap_mobile&quot;:{&quot;unit&quot;:&quot;px&quot;,&quot;size&quot;:&quot;&quot;,&quot;sizes&quot;:[]}}\" data-widget_type=\"posts.cards\">\n\t\t\t\t<div class=\"elementor-widget-container\">\n\t\t\t\t\t\t\t<div class=\"elementor-posts-container elementor-posts elementor-posts--skin-cards elementor-grid\" role=\"list\">\n\t\t\t\t<article class=\"elementor-post elementor-grid-item post-6086 post type-post status-publish format-standard has-post-thumbnail category-novaskin-de\" role=\"listitem\">\n\t\t\t<div class=\"elementor-post__card\">\n\t\t\t\t<a class=\"elementor-post__thumbnail__link\" href=\"https:\/\/www.novatex-medical.com\/de\/kurze-hose-mit-normaler-taille\/\" tabindex=\"-1\" ><div class=\"elementor-post__thumbnail\"><img fetchpriority=\"high\" decoding=\"async\" width=\"200\" height=\"300\" src=\"https:\/\/www.novatex-medical.com\/wp-content\/uploads\/2025\/10\/dsc9431-200x300.jpg\" class=\"attachment-medium size-medium wp-image-5365\" alt=\"\" srcset=\"https:\/\/www.novatex-medical.com\/wp-content\/uploads\/2025\/10\/dsc9431-200x300.jpg 200w, https:\/\/www.novatex-medical.com\/wp-content\/uploads\/2025\/10\/dsc9431-683x1024.jpg 683w, https:\/\/www.novatex-medical.com\/wp-content\/uploads\/2025\/10\/dsc9431-768x1151.jpg 768w, https:\/\/www.novatex-medical.com\/wp-content\/uploads\/2025\/10\/dsc9431-1025x1536.jpg 1025w, https:\/\/www.novatex-medical.com\/wp-content\/uploads\/2025\/10\/dsc9431-1366x2048.jpg 1366w, https:\/\/www.novatex-medical.com\/wp-content\/uploads\/2025\/10\/dsc9431.jpg 1668w\" sizes=\"(max-width: 200px) 100vw, 200px\" \/><\/div><\/a>\n\t\t\t\t<div class=\"elementor-post__text\">\n\t\t\t\t<div class=\"elementor-post__title\">\n\t\t\t<a href=\"https:\/\/www.novatex-medical.com\/de\/kurze-hose-mit-normaler-taille\/\" >\n\t\t\t\tkurze Hose mit normaler Taille\t\t\t<\/a>\n\t\t<\/div>\n\t\t\t\t<\/div>\n\t\t\t\t\t<\/div>\n\t\t<\/article>\n\t\t\t\t<article class=\"elementor-post elementor-grid-item post-6088 post type-post status-publish format-standard has-post-thumbnail category-novaskin-de\" role=\"listitem\">\n\t\t\t<div class=\"elementor-post__card\">\n\t\t\t\t<a class=\"elementor-post__thumbnail__link\" href=\"https:\/\/www.novatex-medical.com\/de\/hose-bis-unters-knie-mit-normaler-taille\/\" tabindex=\"-1\" ><div class=\"elementor-post__thumbnail\"><img decoding=\"async\" width=\"200\" height=\"300\" src=\"https:\/\/www.novatex-medical.com\/wp-content\/uploads\/2025\/10\/dsc9371-200x300.jpg\" class=\"attachment-medium size-medium wp-image-5381\" alt=\"\" srcset=\"https:\/\/www.novatex-medical.com\/wp-content\/uploads\/2025\/10\/dsc9371-200x300.jpg 200w, https:\/\/www.novatex-medical.com\/wp-content\/uploads\/2025\/10\/dsc9371-683x1024.jpg 683w, https:\/\/www.novatex-medical.com\/wp-content\/uploads\/2025\/10\/dsc9371-768x1151.jpg 768w, https:\/\/www.novatex-medical.com\/wp-content\/uploads\/2025\/10\/dsc9371-1025x1536.jpg 1025w, https:\/\/www.novatex-medical.com\/wp-content\/uploads\/2025\/10\/dsc9371-1366x2048.jpg 1366w, https:\/\/www.novatex-medical.com\/wp-content\/uploads\/2025\/10\/dsc9371.jpg 1668w\" sizes=\"(max-width: 200px) 100vw, 200px\" \/><\/div><\/a>\n\t\t\t\t<div class=\"elementor-post__text\">\n\t\t\t\t<div class=\"elementor-post__title\">\n\t\t\t<a href=\"https:\/\/www.novatex-medical.com\/de\/hose-bis-unters-knie-mit-normaler-taille\/\" >\n\t\t\t\tHose bis unters Knie mit normaler Taille\t\t\t<\/a>\n\t\t<\/div>\n\t\t\t\t<\/div>\n\t\t\t\t\t<\/div>\n\t\t<\/article>\n\t\t\t\t<article class=\"elementor-post elementor-grid-item post-6090 post type-post status-publish format-standard has-post-thumbnail category-novaskin-de\" role=\"listitem\">\n\t\t\t<div class=\"elementor-post__card\">\n\t\t\t\t<a class=\"elementor-post__thumbnail__link\" href=\"https:\/\/www.novatex-medical.com\/de\/lange-hose-mit-normaler-taille\/\" tabindex=\"-1\" ><div class=\"elementor-post__thumbnail\"><img decoding=\"async\" width=\"200\" height=\"300\" src=\"https:\/\/www.novatex-medical.com\/wp-content\/uploads\/2025\/10\/dsc9423-200x300.jpg\" class=\"attachment-medium size-medium wp-image-5404\" alt=\"\" srcset=\"https:\/\/www.novatex-medical.com\/wp-content\/uploads\/2025\/10\/dsc9423-200x300.jpg 200w, https:\/\/www.novatex-medical.com\/wp-content\/uploads\/2025\/10\/dsc9423-683x1024.jpg 683w, https:\/\/www.novatex-medical.com\/wp-content\/uploads\/2025\/10\/dsc9423-768x1151.jpg 768w, https:\/\/www.novatex-medical.com\/wp-content\/uploads\/2025\/10\/dsc9423-1025x1536.jpg 1025w, https:\/\/www.novatex-medical.com\/wp-content\/uploads\/2025\/10\/dsc9423-1366x2048.jpg 1366w, https:\/\/www.novatex-medical.com\/wp-content\/uploads\/2025\/10\/dsc9423.jpg 1668w\" sizes=\"(max-width: 200px) 100vw, 200px\" \/><\/div><\/a>\n\t\t\t\t<div class=\"elementor-post__text\">\n\t\t\t\t<div class=\"elementor-post__title\">\n\t\t\t<a href=\"https:\/\/www.novatex-medical.com\/de\/lange-hose-mit-normaler-taille\/\" >\n\t\t\t\tlange Hose mit normaler Taille\t\t\t<\/a>\n\t\t<\/div>\n\t\t\t\t<\/div>\n\t\t\t\t\t<\/div>\n\t\t<\/article>\n\t\t\t\t<article class=\"elementor-post elementor-grid-item post-6092 post type-post status-publish format-standard has-post-thumbnail category-novaskin-de\" role=\"listitem\">\n\t\t\t<div class=\"elementor-post__card\">\n\t\t\t\t<a class=\"elementor-post__thumbnail__link\" href=\"https:\/\/www.novatex-medical.com\/de\/kurze-hose-mit-hoher-taille\/\" tabindex=\"-1\" ><div class=\"elementor-post__thumbnail\"><img loading=\"lazy\" decoding=\"async\" width=\"200\" height=\"300\" src=\"https:\/\/www.novatex-medical.com\/wp-content\/uploads\/2025\/10\/dsc9444-200x300.jpg\" class=\"attachment-medium size-medium wp-image-5421\" alt=\"\" srcset=\"https:\/\/www.novatex-medical.com\/wp-content\/uploads\/2025\/10\/dsc9444-200x300.jpg 200w, https:\/\/www.novatex-medical.com\/wp-content\/uploads\/2025\/10\/dsc9444-683x1024.jpg 683w, https:\/\/www.novatex-medical.com\/wp-content\/uploads\/2025\/10\/dsc9444-768x1151.jpg 768w, https:\/\/www.novatex-medical.com\/wp-content\/uploads\/2025\/10\/dsc9444-1025x1536.jpg 1025w, https:\/\/www.novatex-medical.com\/wp-content\/uploads\/2025\/10\/dsc9444-1366x2048.jpg 1366w, https:\/\/www.novatex-medical.com\/wp-content\/uploads\/2025\/10\/dsc9444.jpg 1668w\" sizes=\"(max-width: 200px) 100vw, 200px\" \/><\/div><\/a>\n\t\t\t\t<div class=\"elementor-post__text\">\n\t\t\t\t<div class=\"elementor-post__title\">\n\t\t\t<a href=\"https:\/\/www.novatex-medical.com\/de\/kurze-hose-mit-hoher-taille\/\" >\n\t\t\t\tkurze Hose mit hoher Taille\t\t\t<\/a>\n\t\t<\/div>\n\t\t\t\t<\/div>\n\t\t\t\t\t<\/div>\n\t\t<\/article>\n\t\t\t\t<article class=\"elementor-post elementor-grid-item post-6094 post type-post status-publish format-standard has-post-thumbnail category-novaskin-de\" role=\"listitem\">\n\t\t\t<div class=\"elementor-post__card\">\n\t\t\t\t<a class=\"elementor-post__thumbnail__link\" href=\"https:\/\/www.novatex-medical.com\/de\/hose-bis-unters-knie-mit-hoher-taille\/\" tabindex=\"-1\" ><div class=\"elementor-post__thumbnail\"><img loading=\"lazy\" decoding=\"async\" width=\"200\" height=\"300\" src=\"https:\/\/www.novatex-medical.com\/wp-content\/uploads\/2025\/10\/dsc9417-200x300.jpg\" class=\"attachment-medium size-medium wp-image-5438\" alt=\"\" srcset=\"https:\/\/www.novatex-medical.com\/wp-content\/uploads\/2025\/10\/dsc9417-200x300.jpg 200w, https:\/\/www.novatex-medical.com\/wp-content\/uploads\/2025\/10\/dsc9417-683x1024.jpg 683w, https:\/\/www.novatex-medical.com\/wp-content\/uploads\/2025\/10\/dsc9417-768x1151.jpg 768w, https:\/\/www.novatex-medical.com\/wp-content\/uploads\/2025\/10\/dsc9417-1025x1536.jpg 1025w, https:\/\/www.novatex-medical.com\/wp-content\/uploads\/2025\/10\/dsc9417-1366x2048.jpg 1366w, https:\/\/www.novatex-medical.com\/wp-content\/uploads\/2025\/10\/dsc9417.jpg 1668w\" sizes=\"(max-width: 200px) 100vw, 200px\" \/><\/div><\/a>\n\t\t\t\t<div class=\"elementor-post__text\">\n\t\t\t\t<div class=\"elementor-post__title\">\n\t\t\t<a href=\"https:\/\/www.novatex-medical.com\/de\/hose-bis-unters-knie-mit-hoher-taille\/\" >\n\t\t\t\tHose bis unters Knie mit hoher Taille\t\t\t<\/a>\n\t\t<\/div>\n\t\t\t\t<\/div>\n\t\t\t\t\t<\/div>\n\t\t<\/article>\n\t\t\t\t<article class=\"elementor-post elementor-grid-item post-6096 post type-post status-publish format-standard has-post-thumbnail category-novaskin-de\" role=\"listitem\">\n\t\t\t<div class=\"elementor-post__card\">\n\t\t\t\t<a class=\"elementor-post__thumbnail__link\" href=\"https:\/\/www.novatex-medical.com\/de\/lange-hose-mit-hoher-taille\/\" tabindex=\"-1\" ><div class=\"elementor-post__thumbnail\"><img loading=\"lazy\" decoding=\"async\" width=\"200\" height=\"300\" src=\"https:\/\/www.novatex-medical.com\/wp-content\/uploads\/2025\/10\/dsc9311-200x300.jpg\" class=\"attachment-medium size-medium wp-image-5451\" alt=\"\" srcset=\"https:\/\/www.novatex-medical.com\/wp-content\/uploads\/2025\/10\/dsc9311-200x300.jpg 200w, https:\/\/www.novatex-medical.com\/wp-content\/uploads\/2025\/10\/dsc9311-683x1024.jpg 683w, https:\/\/www.novatex-medical.com\/wp-content\/uploads\/2025\/10\/dsc9311-768x1151.jpg 768w, https:\/\/www.novatex-medical.com\/wp-content\/uploads\/2025\/10\/dsc9311-1025x1536.jpg 1025w, https:\/\/www.novatex-medical.com\/wp-content\/uploads\/2025\/10\/dsc9311-1366x2048.jpg 1366w, https:\/\/www.novatex-medical.com\/wp-content\/uploads\/2025\/10\/dsc9311.jpg 1668w\" sizes=\"(max-width: 200px) 100vw, 200px\" \/><\/div><\/a>\n\t\t\t\t<div class=\"elementor-post__text\">\n\t\t\t\t<div class=\"elementor-post__title\">\n\t\t\t<a href=\"https:\/\/www.novatex-medical.com\/de\/lange-hose-mit-hoher-taille\/\" >\n\t\t\t\tlange Hose mit hoher Taille\t\t\t<\/a>\n\t\t<\/div>\n\t\t\t\t<\/div>\n\t\t\t\t\t<\/div>\n\t\t<\/article>\n\t\t\t\t<article class=\"elementor-post elementor-grid-item post-6104 post type-post status-publish format-standard has-post-thumbnail category-novaskin-de\" role=\"listitem\">\n\t\t\t<div class=\"elementor-post__card\">\n\t\t\t\t<a class=\"elementor-post__thumbnail__link\" href=\"https:\/\/www.novatex-medical.com\/de\/bauchgurt-mit-seitlicher-oeffnung\/\" tabindex=\"-1\" ><div class=\"elementor-post__thumbnail\"><img loading=\"lazy\" decoding=\"async\" width=\"200\" height=\"300\" src=\"https:\/\/www.novatex-medical.com\/wp-content\/uploads\/2025\/10\/dsc9449-200x300.jpg\" class=\"attachment-medium size-medium wp-image-5465\" alt=\"\" srcset=\"https:\/\/www.novatex-medical.com\/wp-content\/uploads\/2025\/10\/dsc9449-200x300.jpg 200w, https:\/\/www.novatex-medical.com\/wp-content\/uploads\/2025\/10\/dsc9449-683x1024.jpg 683w, https:\/\/www.novatex-medical.com\/wp-content\/uploads\/2025\/10\/dsc9449-768x1151.jpg 768w, https:\/\/www.novatex-medical.com\/wp-content\/uploads\/2025\/10\/dsc9449-1025x1536.jpg 1025w, https:\/\/www.novatex-medical.com\/wp-content\/uploads\/2025\/10\/dsc9449-1366x2048.jpg 1366w, https:\/\/www.novatex-medical.com\/wp-content\/uploads\/2025\/10\/dsc9449.jpg 1668w\" sizes=\"(max-width: 200px) 100vw, 200px\" \/><\/div><\/a>\n\t\t\t\t<div class=\"elementor-post__text\">\n\t\t\t\t<div class=\"elementor-post__title\">\n\t\t\t<a href=\"https:\/\/www.novatex-medical.com\/de\/bauchgurt-mit-seitlicher-oeffnung\/\" >\n\t\t\t\tBauchgurt mit seitlicher \u00d6ffnung\t\t\t<\/a>\n\t\t<\/div>\n\t\t\t\t<\/div>\n\t\t\t\t\t<\/div>\n\t\t<\/article>\n\t\t\t\t<article class=\"elementor-post elementor-grid-item post-6106 post type-post status-publish format-standard has-post-thumbnail category-novaskin-de\" role=\"listitem\">\n\t\t\t<div class=\"elementor-post__card\">\n\t\t\t\t<a class=\"elementor-post__thumbnail__link\" href=\"https:\/\/www.novatex-medical.com\/de\/bauchgurt-mit-zentraler-oeffnung\/\" tabindex=\"-1\" ><div class=\"elementor-post__thumbnail\"><img loading=\"lazy\" decoding=\"async\" width=\"200\" height=\"300\" src=\"https:\/\/www.novatex-medical.com\/wp-content\/uploads\/2025\/10\/dsc9306-200x300.jpg\" class=\"attachment-medium size-medium wp-image-5489\" alt=\"\" srcset=\"https:\/\/www.novatex-medical.com\/wp-content\/uploads\/2025\/10\/dsc9306-200x300.jpg 200w, https:\/\/www.novatex-medical.com\/wp-content\/uploads\/2025\/10\/dsc9306-683x1024.jpg 683w, https:\/\/www.novatex-medical.com\/wp-content\/uploads\/2025\/10\/dsc9306-768x1151.jpg 768w, https:\/\/www.novatex-medical.com\/wp-content\/uploads\/2025\/10\/dsc9306-1025x1536.jpg 1025w, https:\/\/www.novatex-medical.com\/wp-content\/uploads\/2025\/10\/dsc9306-1366x2048.jpg 1366w, https:\/\/www.novatex-medical.com\/wp-content\/uploads\/2025\/10\/dsc9306.jpg 1668w\" sizes=\"(max-width: 200px) 100vw, 200px\" \/><\/div><\/a>\n\t\t\t\t<div class=\"elementor-post__text\">\n\t\t\t\t<div class=\"elementor-post__title\">\n\t\t\t<a href=\"https:\/\/www.novatex-medical.com\/de\/bauchgurt-mit-zentraler-oeffnung\/\" >\n\t\t\t\tBauchgurt mit zentraler \u00d6ffnung\t\t\t<\/a>\n\t\t<\/div>\n\t\t\t\t<\/div>\n\t\t\t\t\t<\/div>\n\t\t<\/article>\n\t\t\t\t<article class=\"elementor-post elementor-grid-item post-6110 post type-post status-publish format-standard has-post-thumbnail category-novaskin-de\" role=\"listitem\">\n\t\t\t<div class=\"elementor-post__card\">\n\t\t\t\t<a class=\"elementor-post__thumbnail__link\" href=\"https:\/\/www.novatex-medical.com\/de\/gynaekomastie-weste\/\" tabindex=\"-1\" ><div class=\"elementor-post__thumbnail\"><img loading=\"lazy\" decoding=\"async\" width=\"200\" height=\"300\" src=\"https:\/\/www.novatex-medical.com\/wp-content\/uploads\/2025\/10\/dsc9327-200x300.jpg\" class=\"attachment-medium size-medium wp-image-5502\" alt=\"\" srcset=\"https:\/\/www.novatex-medical.com\/wp-content\/uploads\/2025\/10\/dsc9327-200x300.jpg 200w, https:\/\/www.novatex-medical.com\/wp-content\/uploads\/2025\/10\/dsc9327-683x1024.jpg 683w, https:\/\/www.novatex-medical.com\/wp-content\/uploads\/2025\/10\/dsc9327-768x1151.jpg 768w, https:\/\/www.novatex-medical.com\/wp-content\/uploads\/2025\/10\/dsc9327-1025x1536.jpg 1025w, https:\/\/www.novatex-medical.com\/wp-content\/uploads\/2025\/10\/dsc9327-1366x2048.jpg 1366w, https:\/\/www.novatex-medical.com\/wp-content\/uploads\/2025\/10\/dsc9327.jpg 1668w\" sizes=\"(max-width: 200px) 100vw, 200px\" \/><\/div><\/a>\n\t\t\t\t<div class=\"elementor-post__text\">\n\t\t\t\t<div class=\"elementor-post__title\">\n\t\t\t<a href=\"https:\/\/www.novatex-medical.com\/de\/gynaekomastie-weste\/\" >\n\t\t\t\tGyn\u00e4komastie-Weste\t\t\t<\/a>\n\t\t<\/div>\n\t\t\t\t<\/div>\n\t\t\t\t\t<\/div>\n\t\t<\/article>\n\t\t\t\t<article class=\"elementor-post elementor-grid-item post-6112 post type-post status-publish format-standard has-post-thumbnail category-novaskin-de\" role=\"listitem\">\n\t\t\t<div class=\"elementor-post__card\">\n\t\t\t\t<a class=\"elementor-post__thumbnail__link\" href=\"https:\/\/www.novatex-medical.com\/de\/weste-fuer-arm-fettabsaugung\/\" tabindex=\"-1\" ><div class=\"elementor-post__thumbnail\"><img loading=\"lazy\" decoding=\"async\" width=\"213\" height=\"300\" src=\"https:\/\/www.novatex-medical.com\/wp-content\/uploads\/2025\/10\/ha73-213x300.jpg\" class=\"attachment-medium size-medium wp-image-6071\" alt=\"\" srcset=\"https:\/\/www.novatex-medical.com\/wp-content\/uploads\/2025\/10\/ha73-213x300.jpg 213w, https:\/\/www.novatex-medical.com\/wp-content\/uploads\/2025\/10\/ha73-726x1024.jpg 726w, https:\/\/www.novatex-medical.com\/wp-content\/uploads\/2025\/10\/ha73-768x1084.jpg 768w, https:\/\/www.novatex-medical.com\/wp-content\/uploads\/2025\/10\/ha73.jpg 998w\" sizes=\"(max-width: 213px) 100vw, 213px\" \/><\/div><\/a>\n\t\t\t\t<div class=\"elementor-post__text\">\n\t\t\t\t<div class=\"elementor-post__title\">\n\t\t\t<a href=\"https:\/\/www.novatex-medical.com\/de\/weste-fuer-arm-fettabsaugung\/\" >\n\t\t\t\tWeste f\u00fcr Arm-Fettabsaugung\t\t\t<\/a>\n\t\t<\/div>\n\t\t\t\t<\/div>\n\t\t\t\t\t<\/div>\n\t\t<\/article>\n\t\t\t\t<article class=\"elementor-post elementor-grid-item post-6114 post type-post status-publish format-standard has-post-thumbnail category-novaskin-de\" role=\"listitem\">\n\t\t\t<div class=\"elementor-post__card\">\n\t\t\t\t<a class=\"elementor-post__thumbnail__link\" href=\"https:\/\/www.novatex-medical.com\/de\/lifting-maske\/\" tabindex=\"-1\" ><div class=\"elementor-post__thumbnail\"><img loading=\"lazy\" decoding=\"async\" width=\"200\" height=\"300\" src=\"https:\/\/www.novatex-medical.com\/wp-content\/uploads\/2025\/11\/dsc9462-200x300.jpg\" class=\"attachment-medium size-medium wp-image-5754\" alt=\"\" srcset=\"https:\/\/www.novatex-medical.com\/wp-content\/uploads\/2025\/11\/dsc9462-200x300.jpg 200w, https:\/\/www.novatex-medical.com\/wp-content\/uploads\/2025\/11\/dsc9462-683x1024.jpg 683w, https:\/\/www.novatex-medical.com\/wp-content\/uploads\/2025\/11\/dsc9462-768x1152.jpg 768w, https:\/\/www.novatex-medical.com\/wp-content\/uploads\/2025\/11\/dsc9462-1024x1536.jpg 1024w, https:\/\/www.novatex-medical.com\/wp-content\/uploads\/2025\/11\/dsc9462-1366x2048.jpg 1366w, https:\/\/www.novatex-medical.com\/wp-content\/uploads\/2025\/11\/dsc9462.jpg 1667w\" sizes=\"(max-width: 200px) 100vw, 200px\" \/><\/div><\/a>\n\t\t\t\t<div class=\"elementor-post__text\">\n\t\t\t\t<div class=\"elementor-post__title\">\n\t\t\t<a href=\"https:\/\/www.novatex-medical.com\/de\/lifting-maske\/\" >\n\t\t\t\tLifting-Maske\t\t\t<\/a>\n\t\t<\/div>\n\t\t\t\t<\/div>\n\t\t\t\t\t<\/div>\n\t\t<\/article>\n\t\t\t\t<article class=\"elementor-post elementor-grid-item post-6116 post type-post status-publish format-standard has-post-thumbnail category-novaskin-de\" role=\"listitem\">\n\t\t\t<div class=\"elementor-post__card\">\n\t\t\t\t<a class=\"elementor-post__thumbnail__link\" href=\"https:\/\/www.novatex-medical.com\/de\/bauchstuetzgurt-mit-seitlicher-oeffnung\/\" tabindex=\"-1\" ><div class=\"elementor-post__thumbnail\"><img loading=\"lazy\" decoding=\"async\" width=\"200\" height=\"300\" src=\"https:\/\/www.novatex-medical.com\/wp-content\/uploads\/2025\/11\/dsc9374-200x300.jpg\" class=\"attachment-medium size-medium wp-image-5789\" alt=\"\" srcset=\"https:\/\/www.novatex-medical.com\/wp-content\/uploads\/2025\/11\/dsc9374-200x300.jpg 200w, https:\/\/www.novatex-medical.com\/wp-content\/uploads\/2025\/11\/dsc9374-683x1024.jpg 683w, https:\/\/www.novatex-medical.com\/wp-content\/uploads\/2025\/11\/dsc9374-768x1151.jpg 768w, https:\/\/www.novatex-medical.com\/wp-content\/uploads\/2025\/11\/dsc9374-1025x1536.jpg 1025w, https:\/\/www.novatex-medical.com\/wp-content\/uploads\/2025\/11\/dsc9374-1366x2048.jpg 1366w, https:\/\/www.novatex-medical.com\/wp-content\/uploads\/2025\/11\/dsc9374.jpg 1668w\" sizes=\"(max-width: 200px) 100vw, 200px\" \/><\/div><\/a>\n\t\t\t\t<div class=\"elementor-post__text\">\n\t\t\t\t<div class=\"elementor-post__title\">\n\t\t\t<a href=\"https:\/\/www.novatex-medical.com\/de\/bauchstuetzgurt-mit-seitlicher-oeffnung\/\" >\n\t\t\t\tBauchst\u00fctzgurt mit seitlicher \u00d6ffnung\t\t\t<\/a>\n\t\t<\/div>\n\t\t\t\t<\/div>\n\t\t\t\t\t<\/div>\n\t\t<\/article>\n\t\t\t\t<article class=\"elementor-post elementor-grid-item post-6118 post type-post status-publish format-standard has-post-thumbnail category-novaskin-de\" role=\"listitem\">\n\t\t\t<div class=\"elementor-post__card\">\n\t\t\t\t<a class=\"elementor-post__thumbnail__link\" href=\"https:\/\/www.novatex-medical.com\/de\/bauchstuetzgurt-mit-zentraler-oeffnung\/\" tabindex=\"-1\" ><div class=\"elementor-post__thumbnail\"><img loading=\"lazy\" decoding=\"async\" width=\"200\" height=\"300\" src=\"https:\/\/www.novatex-medical.com\/wp-content\/uploads\/2025\/11\/dsc9406-200x300.jpg\" class=\"attachment-medium size-medium wp-image-5802\" alt=\"\" srcset=\"https:\/\/www.novatex-medical.com\/wp-content\/uploads\/2025\/11\/dsc9406-200x300.jpg 200w, https:\/\/www.novatex-medical.com\/wp-content\/uploads\/2025\/11\/dsc9406-683x1024.jpg 683w, https:\/\/www.novatex-medical.com\/wp-content\/uploads\/2025\/11\/dsc9406-768x1151.jpg 768w, https:\/\/www.novatex-medical.com\/wp-content\/uploads\/2025\/11\/dsc9406-1025x1536.jpg 1025w, https:\/\/www.novatex-medical.com\/wp-content\/uploads\/2025\/11\/dsc9406-1366x2048.jpg 1366w, https:\/\/www.novatex-medical.com\/wp-content\/uploads\/2025\/11\/dsc9406.jpg 1668w\" sizes=\"(max-width: 200px) 100vw, 200px\" \/><\/div><\/a>\n\t\t\t\t<div class=\"elementor-post__text\">\n\t\t\t\t<div class=\"elementor-post__title\">\n\t\t\t<a href=\"https:\/\/www.novatex-medical.com\/de\/bauchstuetzgurt-mit-zentraler-oeffnung\/\" >\n\t\t\t\tBauchst\u00fctzgurt mit zentraler \u00d6ffnung\t\t\t<\/a>\n\t\t<\/div>\n\t\t\t\t<\/div>\n\t\t\t\t\t<\/div>\n\t\t<\/article>\n\t\t\t\t<\/div>\n\t\t\n\t\t\t\t\t\t<\/div>\n\t\t\t\t<\/div>\n\t\t\t\t\t<\/div>\n\t\t\t\t<\/div>\n\t\t\t\t<\/div>\n\t\t","protected":false},"excerpt":{"rendered":"<p>KOMPRESSIONSKLEIDUNG NACH \u00c4STHETISCHEN OPERATIONEN NOVASKIN Produktlinie Die Kompressionskleidung der NOVASKIN Produktlinie ist ein Medizinprodukt der Klasse I, das speziell zur Unterst\u00fctzung der postoperativen Phase in<\/p>\n","protected":false},"author":4,"featured_media":0,"parent":0,"menu_order":0,"comment_status":"closed","ping_status":"closed","template":"elementor_header_footer","meta":{"_seopress_robots_primary_cat":"","_seopress_titles_title":"Kompressionskleidung nach \u00e4sthetischen Operationen - NOVASKIN","_seopress_titles_desc":"Entdecken Sie unsere NOVASKIN-Produktlinie. Kompressionskleidung f\u00fcr die Zeit nach \u00e4sthetischen Operationen in Standardgr\u00f6\u00dfen, entwickelt f\u00fcr idealen Halt und eine optimierte Narbenheilung.","_seopress_robots_index":"","footnotes":""},"class_list":["post-6124","page","type-page","status-publish"],"_links":{"self":[{"href":"https:\/\/www.novatex-medical.com\/de\/wp-json\/wp\/v2\/pages\/6124","targetHints":{"allow":["GET"]}}],"collection":[{"href":"https:\/\/www.novatex-medical.com\/de\/wp-json\/wp\/v2\/pages"}],"about":[{"href":"https:\/\/www.novatex-medical.com\/de\/wp-json\/wp\/v2\/types\/page"}],"author":[{"embeddable":true,"href":"https:\/\/www.novatex-medical.com\/de\/wp-json\/wp\/v2\/users\/4"}],"replies":[{"embeddable":true,"href":"https:\/\/www.novatex-medical.com\/de\/wp-json\/wp\/v2\/comments?post=6124"}],"version-history":[{"count":9,"href":"https:\/\/www.novatex-medical.com\/de\/wp-json\/wp\/v2\/pages\/6124\/revisions"}],"predecessor-version":[{"id":6138,"href":"https:\/\/www.novatex-medical.com\/de\/wp-json\/wp\/v2\/pages\/6124\/revisions\/6138"}],"wp:attachment":[{"href":"https:\/\/www.novatex-medical.com\/de\/wp-json\/wp\/v2\/media?parent=6124"}],"curies":[{"name":"wp","href":"https:\/\/api.w.org\/{rel}","templated":true}]}}