{"id":3564,"date":"2019-03-12T01:20:49","date_gmt":"2019-03-12T01:20:49","guid":{"rendered":"https:\/\/www.novatex-medical.com\/massgefertigte-kompressionskleidung-sed-gb\/"},"modified":"2025-11-07T08:40:56","modified_gmt":"2025-11-07T08:40:56","slug":"massgefertigte-kompressionskleidung-sed-gb","status":"publish","type":"page","link":"https:\/\/www.novatex-medical.com\/de\/massgefertigte-kompressionskleidung-sed-gb\/","title":{"rendered":"MA\u00dfGEFERTIGTE KOMPRESSIONSKLEIDUNG SED \/ GB"},"content":{"rendered":"\t\t<div data-elementor-type=\"wp-page\" data-elementor-id=\"3564\" class=\"elementor elementor-3564 elementor-192\" data-elementor-post-type=\"page\">\n\t\t\t\t\t\t<section class=\"elementor-section elementor-top-section elementor-element elementor-element-6fcf62c3 elementor-section-boxed elementor-section-height-default elementor-section-height-default\" data-id=\"6fcf62c3\" data-element_type=\"section\">\n\t\t\t\t\t\t<div class=\"elementor-container elementor-column-gap-default\">\n\t\t\t\t\t<div class=\"elementor-column elementor-col-100 elementor-top-column elementor-element elementor-element-76b350af\" data-id=\"76b350af\" data-element_type=\"column\">\n\t\t\t<div class=\"elementor-widget-wrap elementor-element-populated\">\n\t\t\t\t\t\t<div class=\"elementor-element elementor-element-3adf8bb elementor-widget elementor-widget-heading\" data-id=\"3adf8bb\" data-element_type=\"widget\" data-widget_type=\"heading.default\">\n\t\t\t\t\t<h1 class=\"elementor-heading-title elementor-size-default\">MA\u00dfGESCHNEIDERTE KOMPRESSIONSKLEIDUNG SED \/ SCHWERE VERBRENNUNGEN<\/h1>\t\t\t\t<\/div>\n\t\t\t\t<div class=\"elementor-element elementor-element-3329e1ae elementor-widget elementor-widget-text-editor\" data-id=\"3329e1ae\" data-element_type=\"widget\" data-widget_type=\"text-editor.default\">\n\t\t\t\t\t\t\t\t\t<p>NOVATEX MEDICAL Kompressionsbekleidung wird ma\u00dfgeschneidert hergestellt und ist f\u00fcr Patienten mit dem Ehlers-Danlos-Syndrom sowie f\u00fcr schwere Verbrennungen gedacht. Kompressionskleidung ist ein Medizinger\u00e4t der Klasse I. Die Kassenr\u00fcckzahlung ist von einer \u00e4rztlichen Verschreibung abh\u00e4ngig. Diese Medizinger\u00e4te sind regulierte Gesundheitsprodukte  <\/p><h2>Was ist EDS ?<\/h2><p>Das Ehlers-Danlos-Syndrom (EDS) ist eine genetisch bedingte, vererbbare Erkrankung des Bindegewebes. Bindegewebe macht zu 80 % den menschlichen K\u00f6rper aus. Diese Pathologie betrifft daher fast alle Organe. Die wichtigsten Merkmale dieses Syndroms sind Hypermobilit\u00e4t, Gelenkbr\u00fcchigkeit, Hyperelastizit\u00e4t, Haut- und Gewebebr\u00fcchigkeit, was zu einer Beeintr\u00e4chtigung der Propriozeption f\u00fchrt. <\/p><p>Die Propriozeption ist der Sinn, der \u00fcber Rezeptoren im Bindegewebe die Positionierung des K\u00f6rpers im Raum, bei Bewegungen und Belastungen wahrnimmt. Bei EDS kommt es zu einer Ver\u00e4nderung dieser Rezeptoren, die die Informationen nicht oder nur unzureichend an die Nervenzentren weiterleiten. Auf Grund dieser Fehlinformationen ist es f\u00fcr die Betroffenen schwierig, sich in der Umgebung zurechtzufinden. <\/p><p>Das Ziel von Kompressionsbekleidung besteht genau darin, eine bessere Propriozeption wiederherzustellen, indem die Haut und das Weichgewebe (Muskeln, Sehnen) beansprucht und komprimiert werden, um eine bessere Reaktionsf\u00e4higkeit der Sensoren zu gew\u00e4hrleisten<\/p><h2>Und bei schweren Verbrennungen ?<\/h2><p>Eine Verbrennung ist eine Besch\u00e4digung der Haut oder der Schleimh\u00e4ute, die durch starke Hitzeeinwirkung oder durch den Kontakt mit einem physikalischen oder chemischen Stoff verursacht wird. Bei einer Verbrennung wird die sch\u00fctzende Absperrung der Haut durchbrochen. Diese entstandene kutane Durchl\u00e4ssigkeit muss entweder auf nat\u00fcrliche Weise durch Spontanheilung oder chirurgisch durch Hauttransplantate wiederhergestellt werden.  <\/p><p>Kompressionskleidung wird nach der Epithelisierung einer Wunde zweiten und dritten Grades auf eine gesicherte Epidermis angelegt.<\/p><p>Das Ziel von ma\u00dfgeschneiderter Kompressionsbekleidung f\u00fcr extreme Verbrennungen ist die F\u00f6rderung der Reorganisation von Kollagenfasern, um eine unkontrollierte Vernarbung des Bindegewebes zu verhindern. Dadurch k\u00f6nnen unsch\u00f6ne Narben und dysfunktionale Hautgeschw\u00fcre reduziert werden. <\/p>\t\t\t\t\t\t\t\t<\/div>\n\t\t\t\t\t<\/div>\n\t\t<\/div>\n\t\t\t\t\t<\/div>\n\t\t<\/section>\n\t\t<div class=\"elementor-element elementor-element-f129515 e-flex e-con-boxed e-con e-parent\" data-id=\"f129515\" data-element_type=\"container\" data-settings=\"{&quot;background_background&quot;:&quot;classic&quot;}\">\n\t\t\t\t\t<div class=\"e-con-inner\">\n\t\t<div class=\"elementor-element elementor-element-5a60c51 e-flex e-con-boxed e-con e-child\" data-id=\"5a60c51\" data-element_type=\"container\">\n\t\t\t\t\t<div class=\"e-con-inner\">\n\t\t\t\t<div class=\"elementor-element elementor-element-e5f2ea5 elementor-widget elementor-widget-heading\" data-id=\"e5f2ea5\" data-element_type=\"widget\" data-widget_type=\"heading.default\">\n\t\t\t\t\t<h2 class=\"elementor-heading-title elementor-size-default\">Das Novatex-Sortiment an Kompressionskleidung<\/h2>\t\t\t\t<\/div>\n\t\t\t\t<div class=\"elementor-element elementor-element-50b084f elementor-grid-4 elementor-grid-tablet-2 elementor-grid-mobile-1 elementor-posts--thumbnail-top elementor-card-shadow-yes elementor-posts__hover-gradient elementor-widget elementor-widget-posts\" data-id=\"50b084f\" data-element_type=\"widget\" data-settings=\"{&quot;cards_columns&quot;:&quot;4&quot;,&quot;cards_row_gap&quot;:{&quot;unit&quot;:&quot;px&quot;,&quot;size&quot;:15,&quot;sizes&quot;:[]},&quot;cards_columns_tablet&quot;:&quot;2&quot;,&quot;cards_columns_mobile&quot;:&quot;1&quot;,&quot;cards_row_gap_tablet&quot;:{&quot;unit&quot;:&quot;px&quot;,&quot;size&quot;:&quot;&quot;,&quot;sizes&quot;:[]},&quot;cards_row_gap_mobile&quot;:{&quot;unit&quot;:&quot;px&quot;,&quot;size&quot;:&quot;&quot;,&quot;sizes&quot;:[]}}\" data-widget_type=\"posts.cards\">\n\t\t\t\t<div class=\"elementor-widget-container\">\n\t\t\t\t\t\t\t<div class=\"elementor-posts-container elementor-posts elementor-posts--skin-cards elementor-grid\" role=\"list\">\n\t\t\t\t<article class=\"elementor-post elementor-grid-item post-3833 post type-post status-publish format-standard has-post-thumbnail category-erinnerung-an-das-schulterblatt\" role=\"listitem\">\n\t\t\t<div class=\"elementor-post__card\">\n\t\t\t\t<a class=\"elementor-post__thumbnail__link\" href=\"https:\/\/www.novatex-medical.com\/de\/elastischer-schulterguertel\/\" tabindex=\"-1\" ><div class=\"elementor-post__thumbnail\"><img fetchpriority=\"high\" decoding=\"async\" width=\"200\" height=\"300\" src=\"https:\/\/www.novatex-medical.com\/wp-content\/uploads\/2019\/04\/rappel-scapulaire2-200x300.jpg\" class=\"attachment-medium size-medium wp-image-3834\" alt=\"\" srcset=\"https:\/\/www.novatex-medical.com\/wp-content\/uploads\/2019\/04\/rappel-scapulaire2-200x300.jpg 200w, https:\/\/www.novatex-medical.com\/wp-content\/uploads\/2019\/04\/rappel-scapulaire2.jpg 400w\" sizes=\"(max-width: 200px) 100vw, 200px\" \/><\/div><\/a>\n\t\t\t\t<div class=\"elementor-post__text\">\n\t\t\t\t<div class=\"elementor-post__title\">\n\t\t\t<a href=\"https:\/\/www.novatex-medical.com\/de\/elastischer-schulterguertel\/\" >\n\t\t\t\tELASTISCHE SCHULTERST\u00dcTZE\t\t\t<\/a>\n\t\t<\/div>\n\t\t\t\t<\/div>\n\t\t\t\t\t<\/div>\n\t\t<\/article>\n\t\t\t\t<article class=\"elementor-post elementor-grid-item post-3836 post type-post status-publish format-standard has-post-thumbnail category-socken\" role=\"listitem\">\n\t\t\t<div class=\"elementor-post__card\">\n\t\t\t\t<a class=\"elementor-post__thumbnail__link\" href=\"https:\/\/www.novatex-medical.com\/de\/offene-socke-ergaenzungen\/\" tabindex=\"-1\" ><div class=\"elementor-post__thumbnail\"><img decoding=\"async\" width=\"200\" height=\"300\" src=\"https:\/\/www.novatex-medical.com\/wp-content\/uploads\/2019\/03\/chaussette-ouverte-supplements2-200x300.png\" class=\"attachment-medium size-medium wp-image-3837\" alt=\"\" srcset=\"https:\/\/www.novatex-medical.com\/wp-content\/uploads\/2019\/03\/chaussette-ouverte-supplements2-200x300.png 200w, https:\/\/www.novatex-medical.com\/wp-content\/uploads\/2019\/03\/chaussette-ouverte-supplements2.png 400w\" sizes=\"(max-width: 200px) 100vw, 200px\" \/><\/div><\/a>\n\t\t\t\t<div class=\"elementor-post__text\">\n\t\t\t\t<div class=\"elementor-post__title\">\n\t\t\t<a href=\"https:\/\/www.novatex-medical.com\/de\/offene-socke-ergaenzungen\/\" >\n\t\t\t\tOFFENE SOCKE &amp; ZUBEH\u00d6R\t\t\t<\/a>\n\t\t<\/div>\n\t\t\t\t<\/div>\n\t\t\t\t\t<\/div>\n\t\t<\/article>\n\t\t\t\t<article class=\"elementor-post elementor-grid-item post-3845 post type-post status-publish format-standard has-post-thumbnail category-socken\" role=\"listitem\">\n\t\t\t<div class=\"elementor-post__card\">\n\t\t\t\t<a class=\"elementor-post__thumbnail__link\" href=\"https:\/\/www.novatex-medical.com\/de\/geschlossene-socke-ergaenzungen\/\" tabindex=\"-1\" ><div class=\"elementor-post__thumbnail\"><img decoding=\"async\" width=\"200\" height=\"300\" src=\"https:\/\/www.novatex-medical.com\/wp-content\/uploads\/2019\/03\/chaussette-fermee2-200x300.png\" class=\"attachment-medium size-medium wp-image-3846\" alt=\"\" srcset=\"https:\/\/www.novatex-medical.com\/wp-content\/uploads\/2019\/03\/chaussette-fermee2-200x300.png 200w, https:\/\/www.novatex-medical.com\/wp-content\/uploads\/2019\/03\/chaussette-fermee2.png 400w\" sizes=\"(max-width: 200px) 100vw, 200px\" \/><\/div><\/a>\n\t\t\t\t<div class=\"elementor-post__text\">\n\t\t\t\t<div class=\"elementor-post__title\">\n\t\t\t<a href=\"https:\/\/www.novatex-medical.com\/de\/geschlossene-socke-ergaenzungen\/\" >\n\t\t\t\tGESCHLOSSENE SOCKE &amp; ZUBEH\u00d6R\t\t\t<\/a>\n\t\t<\/div>\n\t\t\t\t<\/div>\n\t\t\t\t\t<\/div>\n\t\t<\/article>\n\t\t\t\t<article class=\"elementor-post elementor-grid-item post-3848 post type-post status-publish format-standard has-post-thumbnail category-kompressionskleidung-fur-kinder\" role=\"listitem\">\n\t\t\t<div class=\"elementor-post__card\">\n\t\t\t\t<a class=\"elementor-post__thumbnail__link\" href=\"https:\/\/www.novatex-medical.com\/de\/weste-ergaenzungen\/\" tabindex=\"-1\" ><div class=\"elementor-post__thumbnail\"><img loading=\"lazy\" decoding=\"async\" width=\"200\" height=\"300\" src=\"https:\/\/www.novatex-medical.com\/wp-content\/uploads\/2019\/03\/gilet-supplements-enfants4-200x300.png\" class=\"attachment-medium size-medium wp-image-3849\" alt=\"\" srcset=\"https:\/\/www.novatex-medical.com\/wp-content\/uploads\/2019\/03\/gilet-supplements-enfants4-200x300.png 200w, https:\/\/www.novatex-medical.com\/wp-content\/uploads\/2019\/03\/gilet-supplements-enfants4.png 400w\" sizes=\"(max-width: 200px) 100vw, 200px\" \/><\/div><\/a>\n\t\t\t\t<div class=\"elementor-post__text\">\n\t\t\t\t<div class=\"elementor-post__title\">\n\t\t\t<a href=\"https:\/\/www.novatex-medical.com\/de\/weste-ergaenzungen\/\" >\n\t\t\t\tJACKEN &amp; ZUBEH\u00d6R\t\t\t<\/a>\n\t\t<\/div>\n\t\t\t\t<\/div>\n\t\t\t\t\t<\/div>\n\t\t<\/article>\n\t\t\t\t<article class=\"elementor-post elementor-grid-item post-3851 post type-post status-publish format-standard has-post-thumbnail category-kompressionskleidung-fur-kinder\" role=\"listitem\">\n\t\t\t<div class=\"elementor-post__card\">\n\t\t\t\t<a class=\"elementor-post__thumbnail__link\" href=\"https:\/\/www.novatex-medical.com\/de\/short-ergaenzungen\/\" tabindex=\"-1\" ><div class=\"elementor-post__thumbnail\"><img loading=\"lazy\" decoding=\"async\" width=\"200\" height=\"300\" src=\"https:\/\/www.novatex-medical.com\/wp-content\/uploads\/2019\/03\/short-supplements-enfant4-200x300.png\" class=\"attachment-medium size-medium wp-image-3852\" alt=\"\" srcset=\"https:\/\/www.novatex-medical.com\/wp-content\/uploads\/2019\/03\/short-supplements-enfant4-200x300.png 200w, https:\/\/www.novatex-medical.com\/wp-content\/uploads\/2019\/03\/short-supplements-enfant4.png 400w\" sizes=\"(max-width: 200px) 100vw, 200px\" \/><\/div><\/a>\n\t\t\t\t<div class=\"elementor-post__text\">\n\t\t\t\t<div class=\"elementor-post__title\">\n\t\t\t<a href=\"https:\/\/www.novatex-medical.com\/de\/short-ergaenzungen\/\" >\n\t\t\t\tSHORTS &amp; ZUBEH\u00d6R\t\t\t<\/a>\n\t\t<\/div>\n\t\t\t\t<\/div>\n\t\t\t\t\t<\/div>\n\t\t<\/article>\n\t\t\t\t<article class=\"elementor-post elementor-grid-item post-3854 post type-post status-publish format-standard has-post-thumbnail category-kompressionskleidung-fur-frauen category-massgeschneiderte-kompressionskleidung\" role=\"listitem\">\n\t\t\t<div class=\"elementor-post__card\">\n\t\t\t\t<a class=\"elementor-post__thumbnail__link\" href=\"https:\/\/www.novatex-medical.com\/de\/weste-ergaenzungen-2\/\" tabindex=\"-1\" ><div class=\"elementor-post__thumbnail\"><img loading=\"lazy\" decoding=\"async\" width=\"200\" height=\"300\" src=\"https:\/\/www.novatex-medical.com\/wp-content\/uploads\/2019\/03\/gilet-supplements-femme4-200x300.png\" class=\"attachment-medium size-medium wp-image-3855\" alt=\"\" srcset=\"https:\/\/www.novatex-medical.com\/wp-content\/uploads\/2019\/03\/gilet-supplements-femme4-200x300.png 200w, https:\/\/www.novatex-medical.com\/wp-content\/uploads\/2019\/03\/gilet-supplements-femme4.png 400w\" sizes=\"(max-width: 200px) 100vw, 200px\" \/><\/div><\/a>\n\t\t\t\t<div class=\"elementor-post__text\">\n\t\t\t\t<div class=\"elementor-post__title\">\n\t\t\t<a href=\"https:\/\/www.novatex-medical.com\/de\/weste-ergaenzungen-2\/\" >\n\t\t\t\tJACKEN &amp; ZUBEH\u00d6R\t\t\t<\/a>\n\t\t<\/div>\n\t\t\t\t<\/div>\n\t\t\t\t\t<\/div>\n\t\t<\/article>\n\t\t\t\t<article class=\"elementor-post elementor-grid-item post-3857 post type-post status-publish format-standard has-post-thumbnail category-kompressionskleidung-fur-frauen\" role=\"listitem\">\n\t\t\t<div class=\"elementor-post__card\">\n\t\t\t\t<a class=\"elementor-post__thumbnail__link\" href=\"https:\/\/www.novatex-medical.com\/de\/short-ergaenzungen-2\/\" tabindex=\"-1\" ><div class=\"elementor-post__thumbnail\"><img loading=\"lazy\" decoding=\"async\" width=\"200\" height=\"300\" src=\"https:\/\/www.novatex-medical.com\/wp-content\/uploads\/2019\/03\/short-supplements-femme4-200x300.png\" class=\"attachment-medium size-medium wp-image-3858\" alt=\"\" srcset=\"https:\/\/www.novatex-medical.com\/wp-content\/uploads\/2019\/03\/short-supplements-femme4-200x300.png 200w, https:\/\/www.novatex-medical.com\/wp-content\/uploads\/2019\/03\/short-supplements-femme4.png 400w\" sizes=\"(max-width: 200px) 100vw, 200px\" \/><\/div><\/a>\n\t\t\t\t<div class=\"elementor-post__text\">\n\t\t\t\t<div class=\"elementor-post__title\">\n\t\t\t<a href=\"https:\/\/www.novatex-medical.com\/de\/short-ergaenzungen-2\/\" >\n\t\t\t\tSHORTS &amp; ZUBEH\u00d6R\t\t\t<\/a>\n\t\t<\/div>\n\t\t\t\t<\/div>\n\t\t\t\t\t<\/div>\n\t\t<\/article>\n\t\t\t\t<article class=\"elementor-post elementor-grid-item post-3863 post type-post status-publish format-standard has-post-thumbnail category-handschuhe-und-fingerhandschuhe\" role=\"listitem\">\n\t\t\t<div class=\"elementor-post__card\">\n\t\t\t\t<a class=\"elementor-post__thumbnail__link\" href=\"https:\/\/www.novatex-medical.com\/de\/handschuh-mit-offenen-fingern-ergaenzungen\/\" tabindex=\"-1\" ><div class=\"elementor-post__thumbnail\"><img loading=\"lazy\" decoding=\"async\" width=\"200\" height=\"300\" src=\"https:\/\/www.novatex-medical.com\/wp-content\/uploads\/2019\/03\/gants-doigts-ouverts-supplements1-200x300.png\" class=\"attachment-medium size-medium wp-image-3864\" alt=\"\" srcset=\"https:\/\/www.novatex-medical.com\/wp-content\/uploads\/2019\/03\/gants-doigts-ouverts-supplements1-200x300.png 200w, https:\/\/www.novatex-medical.com\/wp-content\/uploads\/2019\/03\/gants-doigts-ouverts-supplements1.png 400w\" sizes=\"(max-width: 200px) 100vw, 200px\" \/><\/div><\/a>\n\t\t\t\t<div class=\"elementor-post__text\">\n\t\t\t\t<div class=\"elementor-post__title\">\n\t\t\t<a href=\"https:\/\/www.novatex-medical.com\/de\/handschuh-mit-offenen-fingern-ergaenzungen\/\" >\n\t\t\t\tOFFENER FINGER-HANDSCHUH &amp; ZUBEH\u00d6R\t\t\t<\/a>\n\t\t<\/div>\n\t\t\t\t<\/div>\n\t\t\t\t\t<\/div>\n\t\t<\/article>\n\t\t\t\t<article class=\"elementor-post elementor-grid-item post-3866 post type-post status-publish format-standard has-post-thumbnail category-socken\" role=\"listitem\">\n\t\t\t<div class=\"elementor-post__card\">\n\t\t\t\t<a class=\"elementor-post__thumbnail__link\" href=\"https:\/\/www.novatex-medical.com\/de\/optionen-fuer-socken\/\" tabindex=\"-1\" ><div class=\"elementor-post__thumbnail\"><img loading=\"lazy\" decoding=\"async\" width=\"200\" height=\"300\" src=\"https:\/\/www.novatex-medical.com\/wp-content\/uploads\/2019\/03\/options-chaussettes2-200x300.png\" class=\"attachment-medium size-medium wp-image-3867\" alt=\"\" srcset=\"https:\/\/www.novatex-medical.com\/wp-content\/uploads\/2019\/03\/options-chaussettes2-200x300.png 200w, https:\/\/www.novatex-medical.com\/wp-content\/uploads\/2019\/03\/options-chaussettes2.png 400w\" sizes=\"(max-width: 200px) 100vw, 200px\" \/><\/div><\/a>\n\t\t\t\t<div class=\"elementor-post__text\">\n\t\t\t\t<div class=\"elementor-post__title\">\n\t\t\t<a href=\"https:\/\/www.novatex-medical.com\/de\/optionen-fuer-socken\/\" >\n\t\t\t\tSOCKEN OPTIONEN\t\t\t<\/a>\n\t\t<\/div>\n\t\t\t\t<\/div>\n\t\t\t\t\t<\/div>\n\t\t<\/article>\n\t\t\t\t<article class=\"elementor-post elementor-grid-item post-3869 post type-post status-publish format-standard has-post-thumbnail category-kompressionskleidung-fur-frauen\" role=\"listitem\">\n\t\t\t<div class=\"elementor-post__card\">\n\t\t\t\t<a class=\"elementor-post__thumbnail__link\" href=\"https:\/\/www.novatex-medical.com\/de\/muffen\/\" tabindex=\"-1\" ><div class=\"elementor-post__thumbnail\"><img loading=\"lazy\" decoding=\"async\" width=\"200\" height=\"300\" src=\"https:\/\/www.novatex-medical.com\/wp-content\/uploads\/2019\/03\/manchons-femme1-200x300.png\" class=\"attachment-medium size-medium wp-image-3870\" alt=\"\" srcset=\"https:\/\/www.novatex-medical.com\/wp-content\/uploads\/2019\/03\/manchons-femme1-200x300.png 200w, https:\/\/www.novatex-medical.com\/wp-content\/uploads\/2019\/03\/manchons-femme1.png 400w\" sizes=\"(max-width: 200px) 100vw, 200px\" \/><\/div><\/a>\n\t\t\t\t<div class=\"elementor-post__text\">\n\t\t\t\t<div class=\"elementor-post__title\">\n\t\t\t<a href=\"https:\/\/www.novatex-medical.com\/de\/muffen\/\" >\n\t\t\t\tMUFFEN\t\t\t<\/a>\n\t\t<\/div>\n\t\t\t\t<\/div>\n\t\t\t\t\t<\/div>\n\t\t<\/article>\n\t\t\t\t<article class=\"elementor-post elementor-grid-item post-3878 post type-post status-publish format-standard has-post-thumbnail category-handschuhe-und-fingerhandschuhe\" role=\"listitem\">\n\t\t\t<div class=\"elementor-post__card\">\n\t\t\t\t<a class=\"elementor-post__thumbnail__link\" href=\"https:\/\/www.novatex-medical.com\/de\/handschuh-mit-geschlossenen-fingern-ergaenzungen\/\" tabindex=\"-1\" ><div class=\"elementor-post__thumbnail\"><img loading=\"lazy\" decoding=\"async\" width=\"200\" height=\"300\" src=\"https:\/\/www.novatex-medical.com\/wp-content\/uploads\/2019\/03\/gants-doigts-fermes-supplements2-200x300.png\" class=\"attachment-medium size-medium wp-image-3879\" alt=\"\" srcset=\"https:\/\/www.novatex-medical.com\/wp-content\/uploads\/2019\/03\/gants-doigts-fermes-supplements2-200x300.png 200w, https:\/\/www.novatex-medical.com\/wp-content\/uploads\/2019\/03\/gants-doigts-fermes-supplements2.png 400w\" sizes=\"(max-width: 200px) 100vw, 200px\" \/><\/div><\/a>\n\t\t\t\t<div class=\"elementor-post__text\">\n\t\t\t\t<div class=\"elementor-post__title\">\n\t\t\t<a href=\"https:\/\/www.novatex-medical.com\/de\/handschuh-mit-geschlossenen-fingern-ergaenzungen\/\" >\n\t\t\t\tGESCHLOSSENER FINGER-HANDSCHUH &amp; ZUBEH\u00d6R\t\t\t<\/a>\n\t\t<\/div>\n\t\t\t\t<\/div>\n\t\t\t\t\t<\/div>\n\t\t<\/article>\n\t\t\t\t<article class=\"elementor-post elementor-grid-item post-3881 post type-post status-publish format-standard has-post-thumbnail category-handschuhe-und-fingerhandschuhe\" role=\"listitem\">\n\t\t\t<div class=\"elementor-post__card\">\n\t\t\t\t<a class=\"elementor-post__thumbnail__link\" href=\"https:\/\/www.novatex-medical.com\/de\/mitaine-ergaenzungen\/\" tabindex=\"-1\" ><div class=\"elementor-post__thumbnail\"><img loading=\"lazy\" decoding=\"async\" width=\"200\" height=\"300\" src=\"https:\/\/www.novatex-medical.com\/wp-content\/uploads\/2019\/03\/mitaines-supplements4-200x300.png\" class=\"attachment-medium size-medium wp-image-3882\" alt=\"\" srcset=\"https:\/\/www.novatex-medical.com\/wp-content\/uploads\/2019\/03\/mitaines-supplements4-200x300.png 200w, https:\/\/www.novatex-medical.com\/wp-content\/uploads\/2019\/03\/mitaines-supplements4.png 400w\" sizes=\"(max-width: 200px) 100vw, 200px\" \/><\/div><\/a>\n\t\t\t\t<div class=\"elementor-post__text\">\n\t\t\t\t<div class=\"elementor-post__title\">\n\t\t\t<a href=\"https:\/\/www.novatex-medical.com\/de\/mitaine-ergaenzungen\/\" >\n\t\t\t\tFINGERHANDSCHUHE &amp; ZUBEH\u00d6R\t\t\t<\/a>\n\t\t<\/div>\n\t\t\t\t<\/div>\n\t\t\t\t\t<\/div>\n\t\t<\/article>\n\t\t\t\t<article class=\"elementor-post elementor-grid-item post-3884 post type-post status-publish format-standard has-post-thumbnail category-handschuhe-und-fingerhandschuhe\" role=\"listitem\">\n\t\t\t<div class=\"elementor-post__card\">\n\t\t\t\t<a class=\"elementor-post__thumbnail__link\" href=\"https:\/\/www.novatex-medical.com\/de\/optionen-handschuhe-faeustlinge\/\" tabindex=\"-1\" ><div class=\"elementor-post__thumbnail\"><img loading=\"lazy\" decoding=\"async\" width=\"200\" height=\"300\" src=\"https:\/\/www.novatex-medical.com\/wp-content\/uploads\/2019\/03\/options-gants-mitaines1-200x300.png\" class=\"attachment-medium size-medium wp-image-3885\" alt=\"\" srcset=\"https:\/\/www.novatex-medical.com\/wp-content\/uploads\/2019\/03\/options-gants-mitaines1-200x300.png 200w, https:\/\/www.novatex-medical.com\/wp-content\/uploads\/2019\/03\/options-gants-mitaines1.png 400w\" sizes=\"(max-width: 200px) 100vw, 200px\" \/><\/div><\/a>\n\t\t\t\t<div class=\"elementor-post__text\">\n\t\t\t\t<div class=\"elementor-post__title\">\n\t\t\t<a href=\"https:\/\/www.novatex-medical.com\/de\/optionen-handschuhe-faeustlinge\/\" >\n\t\t\t\tOptionen Handschuhe &amp; F\u00e4ustlinge\t\t\t<\/a>\n\t\t<\/div>\n\t\t\t\t<\/div>\n\t\t\t\t\t<\/div>\n\t\t<\/article>\n\t\t\t\t<article class=\"elementor-post elementor-grid-item post-3887 post type-post status-publish format-standard has-post-thumbnail category-kompressionskleidung-fur-kinder\" role=\"listitem\">\n\t\t\t<div class=\"elementor-post__card\">\n\t\t\t\t<a class=\"elementor-post__thumbnail__link\" href=\"https:\/\/www.novatex-medical.com\/de\/muffen-2\/\" tabindex=\"-1\" ><div class=\"elementor-post__thumbnail\"><img loading=\"lazy\" decoding=\"async\" width=\"200\" height=\"300\" src=\"https:\/\/www.novatex-medical.com\/wp-content\/uploads\/2019\/03\/manchons-enfants2-200x300.png\" class=\"attachment-medium size-medium wp-image-3888\" alt=\"\" srcset=\"https:\/\/www.novatex-medical.com\/wp-content\/uploads\/2019\/03\/manchons-enfants2-200x300.png 200w, https:\/\/www.novatex-medical.com\/wp-content\/uploads\/2019\/03\/manchons-enfants2.png 400w\" sizes=\"(max-width: 200px) 100vw, 200px\" \/><\/div><\/a>\n\t\t\t\t<div class=\"elementor-post__text\">\n\t\t\t\t<div class=\"elementor-post__title\">\n\t\t\t<a href=\"https:\/\/www.novatex-medical.com\/de\/muffen-2\/\" >\n\t\t\t\tMuffen\t\t\t<\/a>\n\t\t<\/div>\n\t\t\t\t<\/div>\n\t\t\t\t\t<\/div>\n\t\t<\/article>\n\t\t\t\t<\/div>\n\t\t\n\t\t\t\t\t\t<\/div>\n\t\t\t\t<\/div>\n\t\t\t\t\t<\/div>\n\t\t\t\t<\/div>\n\t\t\t\t\t<\/div>\n\t\t\t\t<\/div>\n\t\t\t\t<\/div>\n\t\t","protected":false},"excerpt":{"rendered":"<p>MA\u00dfGESCHNEIDERTE KOMPRESSIONSKLEIDUNG SED \/ SCHWERE VERBRENNUNGEN NOVATEX MEDICAL Kompressionsbekleidung wird ma\u00dfgeschneidert hergestellt und ist f\u00fcr Patienten mit dem Ehlers-Danlos-Syndrom sowie f\u00fcr schwere Verbrennungen gedacht. Kompressionskleidung<\/p>\n","protected":false},"author":1,"featured_media":0,"parent":0,"menu_order":0,"comment_status":"closed","ping_status":"closed","template":"elementor_header_footer","meta":{"_seopress_robots_primary_cat":"","_seopress_titles_title":"Kompressionskleidung - Novatex Medical","_seopress_titles_desc":"Entdecken Sie die ma\u00dfgeschneiderte Kompressionskleidung f\u00fcr Patienten mit Ehlers-Danlos-Syndrom und Brandverletzte.","_seopress_robots_index":"","footnotes":""},"class_list":["post-3564","page","type-page","status-publish"],"_links":{"self":[{"href":"https:\/\/www.novatex-medical.com\/de\/wp-json\/wp\/v2\/pages\/3564","targetHints":{"allow":["GET"]}}],"collection":[{"href":"https:\/\/www.novatex-medical.com\/de\/wp-json\/wp\/v2\/pages"}],"about":[{"href":"https:\/\/www.novatex-medical.com\/de\/wp-json\/wp\/v2\/types\/page"}],"author":[{"embeddable":true,"href":"https:\/\/www.novatex-medical.com\/de\/wp-json\/wp\/v2\/users\/1"}],"replies":[{"embeddable":true,"href":"https:\/\/www.novatex-medical.com\/de\/wp-json\/wp\/v2\/comments?post=3564"}],"version-history":[{"count":18,"href":"https:\/\/www.novatex-medical.com\/de\/wp-json\/wp\/v2\/pages\/3564\/revisions"}],"predecessor-version":[{"id":6146,"href":"https:\/\/www.novatex-medical.com\/de\/wp-json\/wp\/v2\/pages\/3564\/revisions\/6146"}],"wp:attachment":[{"href":"https:\/\/www.novatex-medical.com\/de\/wp-json\/wp\/v2\/media?parent=3564"}],"curies":[{"name":"wp","href":"https:\/\/api.w.org\/{rel}","templated":true}]}}