{"id":3536,"date":"2019-02-06T00:45:32","date_gmt":"2019-02-06T00:45:32","guid":{"rendered":"https:\/\/www.novatex-medical.com\/unser-know-how-kompressionsbekleidung\/"},"modified":"2025-05-09T15:10:55","modified_gmt":"2025-05-09T15:10:55","slug":"unser-know-how-kompressionsbekleidung","status":"publish","type":"page","link":"https:\/\/www.novatex-medical.com\/de\/unser-know-how-kompressionsbekleidung\/","title":{"rendered":"UNSER KNOW-HOW: KOMPRESSIONSBEKLEIDUNG"},"content":{"rendered":"\n<p>Unser Know-how liegt in der franz\u00f6sischen Herstellung von ma\u00dfgeschneiderter Kleidung. Unsere Produkte werden in unserer Fabrik in ESCAUDAIN von erfahrenen N\u00e4herinnen hergestellt. <\/p>\n\n<p>NOVATEX MEDICAL produziert ma\u00dfgeschneiderte Kompressionskleidung, die Komfort, Qualit\u00e4t <br\/>und Effizienz vereint, um das Wohlbefinden der Patienten zu gew\u00e4hrleisten.<\/p>\n\n<p>Alle verwendeten Komponenten werden in Frankreich oder Europa bezogen und sind \u00d6ko-Tex-<br\/>zertifiziert.  <\/p>\n","protected":false},"excerpt":{"rendered":"<p>Unser Know-how liegt in der franz\u00f6sischen Herstellung von ma\u00dfgeschneiderter Kleidung. Unsere Produkte werden in unserer Fabrik in ESCAUDAIN von erfahrenen N\u00e4herinnen hergestellt. NOVATEX MEDICAL produziert ma\u00dfgeschneiderte Kompressionskleidung, die Komfort, Qualit\u00e4t und Effizienz vereint, um das Wohlbefinden der Patienten zu gew\u00e4hrleisten. Alle verwendeten Komponenten werden in Frankreich oder Europa bezogen und sind \u00d6ko-Tex-zertifiziert.<\/p>\n","protected":false},"author":1,"featured_media":3537,"parent":0,"menu_order":0,"comment_status":"closed","ping_status":"closed","template":"","meta":{"_seopress_robots_primary_cat":"","_seopress_titles_title":"Unser Know-how in Sachen Kompressionskleidung","_seopress_titles_desc":"Unser Know-how liegt in der franz\u00f6sischen Herstellung von ma\u00dfgeschneiderter Kleidung. Unsere Produkte werden in unserer Fabrik in ESCAUDAIN von erfahrenen N\u00e4herinnen hergestellt. ","_seopress_robots_index":"","footnotes":""},"class_list":["post-3536","page","type-page","status-publish","has-post-thumbnail"],"_links":{"self":[{"href":"https:\/\/www.novatex-medical.com\/de\/wp-json\/wp\/v2\/pages\/3536","targetHints":{"allow":["GET"]}}],"collection":[{"href":"https:\/\/www.novatex-medical.com\/de\/wp-json\/wp\/v2\/pages"}],"about":[{"href":"https:\/\/www.novatex-medical.com\/de\/wp-json\/wp\/v2\/types\/page"}],"author":[{"embeddable":true,"href":"https:\/\/www.novatex-medical.com\/de\/wp-json\/wp\/v2\/users\/1"}],"replies":[{"embeddable":true,"href":"https:\/\/www.novatex-medical.com\/de\/wp-json\/wp\/v2\/comments?post=3536"}],"version-history":[{"count":1,"href":"https:\/\/www.novatex-medical.com\/de\/wp-json\/wp\/v2\/pages\/3536\/revisions"}],"predecessor-version":[{"id":3538,"href":"https:\/\/www.novatex-medical.com\/de\/wp-json\/wp\/v2\/pages\/3536\/revisions\/3538"}],"wp:featuredmedia":[{"embeddable":true,"href":"https:\/\/www.novatex-medical.com\/de\/wp-json\/wp\/v2\/media\/3537"}],"wp:attachment":[{"href":"https:\/\/www.novatex-medical.com\/de\/wp-json\/wp\/v2\/media?parent=3536"}],"curies":[{"name":"wp","href":"https:\/\/api.w.org\/{rel}","templated":true}]}}