{"id":3504,"date":"2019-03-14T21:34:48","date_gmt":"2019-03-14T21:34:48","guid":{"rendered":"https:\/\/www.novatex-medical.com\/bauchstuetzguertel\/"},"modified":"2025-06-27T13:17:54","modified_gmt":"2025-06-27T13:17:54","slug":"bauchstuetzguertel","status":"publish","type":"page","link":"https:\/\/www.novatex-medical.com\/de\/bauchstuetzguertel\/","title":{"rendered":"BAUCHST\u00dcTZG\u00dcRTEL"},"content":{"rendered":"\t\t<div data-elementor-type=\"wp-page\" data-elementor-id=\"3504\" class=\"elementor elementor-3504 elementor-1127\" data-elementor-post-type=\"page\">\n\t\t\t\t<div class=\"elementor-element elementor-element-14097b17 e-flex e-con-boxed e-con e-parent\" data-id=\"14097b17\" data-element_type=\"container\">\n\t\t\t\t\t<div class=\"e-con-inner\">\n\t\t\t\t<div class=\"elementor-element elementor-element-ec7833b elementor-widget elementor-widget-heading\" data-id=\"ec7833b\" data-element_type=\"widget\" data-widget_type=\"heading.default\">\n\t\t\t\t\t<h1 class=\"elementor-heading-title elementor-size-default\">BAUCHST\u00dcTZG\u00dcRTEL\n<br><span style=\"color:#00A1C1\"><font size=\"5pt\">NOVABDO<\/font><\/span><\/h1>\t\t\t\t<\/div>\n\t\t<div class=\"elementor-element elementor-element-e4a003b e-flex e-con-boxed e-con e-child\" data-id=\"e4a003b\" data-element_type=\"container\">\n\t\t\t\t\t<div class=\"e-con-inner\">\n\t\t\t\t<div class=\"elementor-element elementor-element-fac25de elementor-widget elementor-widget-text-editor\" data-id=\"fac25de\" data-element_type=\"widget\" data-widget_type=\"text-editor.default\">\n\t\t\t\t\t\t\t\t\t<p>Bauchst\u00fctzgurte werden bei vor\u00fcbergehender Bauchwandschw\u00e4che ohne pathologischen Charakter (post partum, postoperativer Zustand) verschrieben. Sie k\u00f6nnen ma\u00dfgefertigt (CSA) oder serienm\u00e4\u00dfig (CSB) hergestellt werden. Die Bauchst\u00fctzgurte sind aus elastischem Gewebe hergestellt.<\/p><p>NOVATEX MEDICAL hat zwei Modelle von Bauchst\u00fctzgurten entwickelt:<\/p><p>\u25cf Der NOVABELT- Gurt: ein \u201estarker\u201c Gurt mit Brustplatte.<\/p><p>\u25cf Der NOVAGAINE-Gur: ein \u201eleichter\u201c Gurt.<\/p>\t\t\t\t\t\t\t\t<\/div>\n\t\t\t\t\t<\/div>\n\t\t\t\t<\/div>\n\t\t\t\t\t<\/div>\n\t\t\t\t<\/div>\n\t\t<div class=\"elementor-element elementor-element-5993b5da e-flex e-con-boxed e-con e-parent\" data-id=\"5993b5da\" data-element_type=\"container\">\n\t\t\t\t\t<div class=\"e-con-inner\">\n\t\t<div class=\"elementor-element elementor-element-1e9db4e9 e-con-full e-flex e-con e-child\" data-id=\"1e9db4e9\" data-element_type=\"container\">\n\t\t\t\t<div class=\"elementor-element elementor-element-49c85be7 elementor-widget elementor-widget-image\" data-id=\"49c85be7\" data-element_type=\"widget\" data-widget_type=\"image.default\">\n\t\t\t\t\t\t\t\t\t\t\t\t\t\t\t<img fetchpriority=\"high\" decoding=\"async\" width=\"533\" height=\"800\" src=\"https:\/\/www.novatex-medical.com\/wp-content\/uploads\/2019\/06\/slide-13-dos.jpg\" class=\"attachment-medium_large size-medium_large wp-image-871\" alt=\"slide 13 dos\" srcset=\"https:\/\/www.novatex-medical.com\/wp-content\/uploads\/2019\/06\/slide-13-dos.jpg 533w, https:\/\/www.novatex-medical.com\/wp-content\/uploads\/2019\/06\/slide-13-dos-200x300.jpg 200w\" sizes=\"(max-width: 533px) 100vw, 533px\" \/>\t\t\t\t\t\t\t\t\t\t\t\t\t\t\t<\/div>\n\t\t\t\t<div class=\"elementor-element elementor-element-6767f4e8 elementor-widget elementor-widget-gallery\" data-id=\"6767f4e8\" data-element_type=\"widget\" data-settings=\"{&quot;columns_mobile&quot;:4,&quot;lazyload&quot;:&quot;yes&quot;,&quot;gallery_layout&quot;:&quot;grid&quot;,&quot;columns&quot;:4,&quot;columns_tablet&quot;:2,&quot;gap&quot;:{&quot;unit&quot;:&quot;px&quot;,&quot;size&quot;:10,&quot;sizes&quot;:[]},&quot;gap_tablet&quot;:{&quot;unit&quot;:&quot;px&quot;,&quot;size&quot;:10,&quot;sizes&quot;:[]},&quot;gap_mobile&quot;:{&quot;unit&quot;:&quot;px&quot;,&quot;size&quot;:10,&quot;sizes&quot;:[]},&quot;link_to&quot;:&quot;file&quot;,&quot;aspect_ratio&quot;:&quot;3:2&quot;,&quot;overlay_background&quot;:&quot;yes&quot;,&quot;content_hover_animation&quot;:&quot;fade-in&quot;}\" data-widget_type=\"gallery.default\">\n\t\t\t\t\t\t\t<div class=\"elementor-gallery__container\">\n\t\t\t\t\t\t\t<a class=\"e-gallery-item elementor-gallery-item elementor-animated-content\" href=\"https:\/\/www.novatex-medical.com\/wp-content\/uploads\/2019\/06\/slide-13-face.jpg\" data-elementor-open-lightbox=\"yes\" data-elementor-lightbox-slideshow=\"6767f4e8\" data-elementor-lightbox-title=\"slide 13 face\" data-elementor-lightbox-description=\"slide 13 face\" data-e-action-hash=\"#elementor-action%3Aaction%3Dlightbox%26settings%3DeyJpZCI6ODcwLCJ1cmwiOiJodHRwczpcL1wvd3d3Lm5vdmF0ZXgtbWVkaWNhbC5jb21cL3dwLWNvbnRlbnRcL3VwbG9hZHNcLzIwMTlcLzA2XC9zbGlkZS0xMy1mYWNlLmpwZyIsInNsaWRlc2hvdyI6IjY3NjdmNGU4In0%3D\">\n\t\t\t\t\t<div class=\"e-gallery-image elementor-gallery-item__image\" data-thumbnail=\"https:\/\/www.novatex-medical.com\/wp-content\/uploads\/2019\/06\/slide-13-face-200x300.jpg\" data-width=\"200\" data-height=\"300\" aria-label=\"slide 13 face\" role=\"img\" ><\/div>\n\t\t\t\t\t\t\t\t\t\t\t<div class=\"elementor-gallery-item__overlay\"><\/div>\n\t\t\t\t\t\t\t\t\t\t\t\t\t\t<\/a>\n\t\t\t\t\t\t\t<a class=\"e-gallery-item elementor-gallery-item elementor-animated-content\" href=\"https:\/\/www.novatex-medical.com\/wp-content\/uploads\/2019\/06\/slide-13-dos.jpg\" data-elementor-open-lightbox=\"yes\" data-elementor-lightbox-slideshow=\"6767f4e8\" data-elementor-lightbox-title=\"slide 13 dos\" data-elementor-lightbox-description=\"slide 13 dos\" data-e-action-hash=\"#elementor-action%3Aaction%3Dlightbox%26settings%3DeyJpZCI6ODcxLCJ1cmwiOiJodHRwczpcL1wvd3d3Lm5vdmF0ZXgtbWVkaWNhbC5jb21cL3dwLWNvbnRlbnRcL3VwbG9hZHNcLzIwMTlcLzA2XC9zbGlkZS0xMy1kb3MuanBnIiwic2xpZGVzaG93IjoiNjc2N2Y0ZTgifQ%3D%3D\">\n\t\t\t\t\t<div class=\"e-gallery-image elementor-gallery-item__image\" data-thumbnail=\"https:\/\/www.novatex-medical.com\/wp-content\/uploads\/2019\/06\/slide-13-dos-200x300.jpg\" data-width=\"200\" data-height=\"300\" aria-label=\"slide 13 dos\" role=\"img\" ><\/div>\n\t\t\t\t\t\t\t\t\t\t\t<div class=\"elementor-gallery-item__overlay\"><\/div>\n\t\t\t\t\t\t\t\t\t\t\t\t\t\t<\/a>\n\t\t\t\t\t\t\t<a class=\"e-gallery-item elementor-gallery-item elementor-animated-content\" href=\"https:\/\/www.novatex-medical.com\/wp-content\/uploads\/2019\/03\/slide-12-face.jpg\" data-elementor-open-lightbox=\"yes\" data-elementor-lightbox-slideshow=\"6767f4e8\" data-elementor-lightbox-title=\"slide 12 face\" data-elementor-lightbox-description=\"slide 12 face\" data-e-action-hash=\"#elementor-action%3Aaction%3Dlightbox%26settings%3DeyJpZCI6MzM0LCJ1cmwiOiJodHRwczpcL1wvd3d3Lm5vdmF0ZXgtbWVkaWNhbC5jb21cL3dwLWNvbnRlbnRcL3VwbG9hZHNcLzIwMTlcLzAzXC9zbGlkZS0xMi1mYWNlLmpwZyIsInNsaWRlc2hvdyI6IjY3NjdmNGU4In0%3D\">\n\t\t\t\t\t<div class=\"e-gallery-image elementor-gallery-item__image\" data-thumbnail=\"https:\/\/www.novatex-medical.com\/wp-content\/uploads\/2019\/03\/slide-12-face-200x300.jpg\" data-width=\"200\" data-height=\"300\" aria-label=\"slide 12 face\" role=\"img\" ><\/div>\n\t\t\t\t\t\t\t\t\t\t\t<div class=\"elementor-gallery-item__overlay\"><\/div>\n\t\t\t\t\t\t\t\t\t\t\t\t\t\t<\/a>\n\t\t\t\t\t<\/div>\n\t\t\t\t\t<\/div>\n\t\t\t\t<\/div>\n\t\t<div class=\"elementor-element elementor-element-2e35f36d e-con-full e-flex e-con e-child\" data-id=\"2e35f36d\" data-element_type=\"container\">\n\t\t\t\t<div class=\"elementor-element elementor-element-24bba914 elementor-widget elementor-widget-text-editor\" data-id=\"24bba914\" data-element_type=\"widget\" data-widget_type=\"text-editor.default\">\n\t\t\t\t\t\t\t\t\t<h2><b>ST\u00dcTZGURT NOVABELT<\/b><\/h2><p>Die NOVABELT-Gurte bieten :<\/p><p>\u25cf Drei elastische Laschen zur genauen Einstellung der Spannung des Gurts.<\/p><p>\u25cf Eine Brustplatte mit Klettverschluss f\u00fcr optimalen Tragekomfort an der Vorderseite des Patienten.<\/p><p>\u25cf Zwei Streben auf der Vorderseite und zwei Stahlfedern auf der R\u00fcckseite.<\/p><hr \/><h2><b>ST\u00dcTZGURT NOVAGAINE<\/b><\/h2><p>Die NOVAGAINE-Gurte bieten :<\/p><p>\u25cf Ein Mikrofaser-Hakenverschluss, der dank seiner 3 Positionen eine genaue Einstellung erm\u00f6glicht..<\/p><p>\u25cf Abnehmbare Schulterriemen (kostenlos und auf Anfrage).<\/p><p>\u25cf Eine mit Mikrofaser gef\u00fctterte Schrittleiste f\u00fcr mehr Komfort.<\/p><p>\u25cf Zwei Streben vorne und zwei Stahlfedern hinten.<\/p>\t\t\t\t\t\t\t\t<\/div>\n\t\t\t\t<div class=\"elementor-element elementor-element-d09aacc elementor-widget-divider--view-line elementor-widget elementor-widget-divider\" data-id=\"d09aacc\" data-element_type=\"widget\" data-widget_type=\"divider.default\">\n\t\t\t\t\t\t\t<div class=\"elementor-divider\">\n\t\t\t<span class=\"elementor-divider-separator\">\n\t\t\t\t\t\t<\/span>\n\t\t<\/div>\n\t\t\t\t\t\t<\/div>\n\t\t\t\t<div class=\"elementor-element elementor-element-7c50317a elementor-align-center elementor-widget elementor-widget-button\" data-id=\"7c50317a\" data-element_type=\"widget\" data-widget_type=\"button.default\">\n\t\t\t\t\t\t\t\t\t\t<a class=\"elementor-button elementor-button-link elementor-size-sm elementor-animation-shrink\" href=\"#contact\">\n\t\t\t\t\t\t<span class=\"elementor-button-content-wrapper\">\n\t\t\t\t\t\t<span class=\"elementor-button-icon\">\n\t\t\t\t<svg aria-hidden=\"true\" class=\"e-font-icon-svg e-fas-info\" viewBox=\"0 0 192 512\" xmlns=\"http:\/\/www.w3.org\/2000\/svg\"><path d=\"M20 424.229h20V279.771H20c-11.046 0-20-8.954-20-20V212c0-11.046 8.954-20 20-20h112c11.046 0 20 8.954 20 20v212.229h20c11.046 0 20 8.954 20 20V492c0 11.046-8.954 20-20 20H20c-11.046 0-20-8.954-20-20v-47.771c0-11.046 8.954-20 20-20zM96 0C56.235 0 24 32.235 24 72s32.235 72 72 72 72-32.235 72-72S135.764 0 96 0z\"><\/path><\/svg>\t\t\t<\/span>\n\t\t\t\t\t\t\t\t\t<span class=\"elementor-button-text\">Informationen anfordern<\/span>\n\t\t\t\t\t<\/span>\n\t\t\t\t\t<\/a>\n\t\t\t\t\t\t\t\t<\/div>\n\t\t\t\t<div class=\"elementor-element elementor-element-d5e0611 elementor-widget-divider--view-line elementor-widget elementor-widget-divider\" data-id=\"d5e0611\" data-element_type=\"widget\" data-widget_type=\"divider.default\">\n\t\t\t\t\t\t\t<div class=\"elementor-divider\">\n\t\t\t<span class=\"elementor-divider-separator\">\n\t\t\t\t\t\t<\/span>\n\t\t<\/div>\n\t\t\t\t\t\t<\/div>\n\t\t\t\t<div class=\"elementor-element elementor-element-07618f2 elementor-widget elementor-widget-text-editor\" data-id=\"07618f2\" data-element_type=\"widget\" data-widget_type=\"text-editor.default\">\n\t\t\t\t\t\t\t\t\t<p><a href=\"https:\/\/www.novatex-medical.com\/wp-content\/uploads\/2023\/07\/guide-des-tailles-novabdo.pdf\">Gr\u00f6\u00dfentabelle der NOVABELT und NOVAGAINE Serie von Bauchst\u00fctzg\u00fcrteln.<\/a><\/p>\t\t\t\t\t\t\t\t<\/div>\n\t\t\t\t<div class=\"elementor-element elementor-element-1edcbd2c elementor-widget-divider--view-line elementor-widget elementor-widget-divider\" data-id=\"1edcbd2c\" data-element_type=\"widget\" data-widget_type=\"divider.default\">\n\t\t\t\t\t\t\t<div class=\"elementor-divider\">\n\t\t\t<span class=\"elementor-divider-separator\">\n\t\t\t\t\t\t<\/span>\n\t\t<\/div>\n\t\t\t\t\t\t<\/div>\n\t\t\t\t<\/div>\n\t\t\t\t\t<\/div>\n\t\t\t\t<\/div>\n\t\t<div class=\"elementor-element elementor-element-23daccec e-flex e-con-boxed e-con e-parent\" data-id=\"23daccec\" data-element_type=\"container\" id=\"contact\" data-settings=\"{&quot;background_background&quot;:&quot;classic&quot;}\">\n\t\t\t\t\t<div class=\"e-con-inner\">\n\t\t<div class=\"elementor-element elementor-element-6555aa89 e-flex e-con-boxed e-con e-child\" data-id=\"6555aa89\" data-element_type=\"container\">\n\t\t\t\t\t<div class=\"e-con-inner\">\n\t\t\t\t<div class=\"elementor-element elementor-element-6741c519 elementor-view-default elementor-widget elementor-widget-icon\" data-id=\"6741c519\" data-element_type=\"widget\" data-widget_type=\"icon.default\">\n\t\t\t\t\t\t\t<div class=\"elementor-icon-wrapper\">\n\t\t\t<div class=\"elementor-icon\">\n\t\t\t<svg aria-hidden=\"true\" class=\"e-font-icon-svg e-fas-info-circle\" viewBox=\"0 0 512 512\" xmlns=\"http:\/\/www.w3.org\/2000\/svg\"><path d=\"M256 8C119.043 8 8 119.083 8 256c0 136.997 111.043 248 248 248s248-111.003 248-248C504 119.083 392.957 8 256 8zm0 110c23.196 0 42 18.804 42 42s-18.804 42-42 42-42-18.804-42-42 18.804-42 42-42zm56 254c0 6.627-5.373 12-12 12h-88c-6.627 0-12-5.373-12-12v-24c0-6.627 5.373-12 12-12h12v-64h-12c-6.627 0-12-5.373-12-12v-24c0-6.627 5.373-12 12-12h64c6.627 0 12 5.373 12 12v100h12c6.627 0 12 5.373 12 12v24z\"><\/path><\/svg>\t\t\t<\/div>\n\t\t<\/div>\n\t\t\t\t\t\t<\/div>\n\t\t\t\t<div class=\"elementor-element elementor-element-2494e3cf elementor-widget__width-inherit elementor-widget elementor-widget-heading\" data-id=\"2494e3cf\" data-element_type=\"widget\" data-widget_type=\"heading.default\">\n\t\t\t\t\t<div class=\"elementor-heading-title elementor-size-default\">Informationen anfordern<\/div>\t\t\t\t<\/div>\n\t\t\t\t<div class=\"elementor-element elementor-element-29bbe5d7 elementor-widget__width-inherit elementor-widget elementor-widget-heading\" data-id=\"29bbe5d7\" data-element_type=\"widget\" data-widget_type=\"heading.default\">\n\t\t\t\t\t<div class=\"elementor-heading-title elementor-size-default\">NOVATEX MEDICAL<\/div>\t\t\t\t<\/div>\n\t\t\t\t<div class=\"elementor-element elementor-element-1da3e715 elementor-widget elementor-widget-shortcode\" data-id=\"1da3e715\" data-element_type=\"widget\" data-widget_type=\"shortcode.default\">\n\t\t\t\t\t\t\t<div class=\"elementor-shortcode\"><style id=\"wpforms-css-vars-4780\">\n\t\t\t\t#wpforms-4780 {\n\t\t\t\t--wpforms-field-size-input-height: 43px;\n--wpforms-field-size-input-spacing: 15px;\n--wpforms-field-size-font-size: 16px;\n--wpforms-field-size-line-height: 19px;\n--wpforms-field-size-padding-h: 14px;\n--wpforms-field-size-checkbox-size: 16px;\n--wpforms-field-size-sublabel-spacing: 5px;\n--wpforms-field-size-icon-size: 1;\n--wpforms-label-size-font-size: 16px;\n--wpforms-label-size-line-height: 19px;\n--wpforms-label-size-sublabel-font-size: 14px;\n--wpforms-label-size-sublabel-line-height: 17px;\n--wpforms-button-size-font-size: 17px;\n--wpforms-button-size-height: 41px;\n--wpforms-button-size-padding-h: 15px;\n--wpforms-button-size-margin-top: 10px;\n--wpforms-container-shadow-size-box-shadow: none;\n\t\t\t}\n\t\t\t<\/style><div class=\"wpforms-container wpforms-container-full wpforms-render-modern\" id=\"wpforms-4780\"><form id=\"wpforms-form-4780\" class=\"wpforms-validate wpforms-form\" data-formid=\"4780\" method=\"post\" enctype=\"multipart\/form-data\" action=\"\/de\/wp-json\/wp\/v2\/pages\/3504\" data-token=\"d843131dc769a11aa7d049644c77bc12\" data-token-time=\"1775956124\"><noscript class=\"wpforms-error-noscript\">Bitte aktiviere JavaScript in deinem Browser, um dieses Formular fertigzustellen.<\/noscript><div id=\"wpforms-error-noscript\" style=\"display: none;\">Bitte aktiviere JavaScript in deinem Browser, um dieses Formular fertigzustellen.<\/div><div class=\"wpforms-field-container\"><div id=\"wpforms-4780-field_3-container\" class=\"wpforms-field wpforms-field-layout\" data-field-id=\"3\"><div class=\"wpforms-field-layout-columns wpforms-field-layout-preset-50-50\"><div class=\"wpforms-layout-column wpforms-layout-column-50\" ><div id=\"wpforms-4780-field_1-container\" class=\"wpforms-field wpforms-field-text\" data-field-id=\"1\"><label class=\"wpforms-field-label wpforms-label-hide\" for=\"wpforms-4780-field_1\" aria-hidden=\"false\">Name <span class=\"wpforms-required-label\" aria-hidden=\"true\">*<\/span><\/label><input type=\"text\" id=\"wpforms-4780-field_1\" class=\"wpforms-field-medium wpforms-field-required\" name=\"wpforms[fields][1]\" placeholder=\"Name\" aria-errormessage=\"wpforms-4780-field_1-error\" required><\/div><\/div><div class=\"wpforms-layout-column wpforms-layout-column-50\" ><div id=\"wpforms-4780-field_4-container\" class=\"wpforms-field wpforms-field-text\" data-field-id=\"4\"><label class=\"wpforms-field-label wpforms-label-hide\" for=\"wpforms-4780-field_4\" aria-hidden=\"false\">Vorname <span class=\"wpforms-required-label\" aria-hidden=\"true\">*<\/span><\/label><input type=\"text\" id=\"wpforms-4780-field_4\" class=\"wpforms-field-medium wpforms-field-required\" name=\"wpforms[fields][4]\" placeholder=\"Vorname\" aria-errormessage=\"wpforms-4780-field_4-error\" required><\/div><\/div><\/div><\/div><div id=\"wpforms-4780-field_6-container\" class=\"wpforms-field wpforms-field-layout\" data-field-id=\"6\"><div class=\"wpforms-field-layout-columns wpforms-field-layout-preset-50-50\"><div class=\"wpforms-layout-column wpforms-layout-column-50\" ><div id=\"wpforms-4780-field_9-container\" class=\"wpforms-field wpforms-field-email\" data-field-id=\"9\"><label class=\"wpforms-field-label wpforms-label-hide\" for=\"wpforms-4780-field_9\" aria-hidden=\"false\">E-mail <span class=\"wpforms-required-label\" aria-hidden=\"true\">*<\/span><\/label><input type=\"email\" id=\"wpforms-4780-field_9\" class=\"wpforms-field-medium wpforms-field-required\" name=\"wpforms[fields][9]\" placeholder=\"E-mail\" spellcheck=\"false\" aria-errormessage=\"wpforms-4780-field_9-error\" required><\/div><div id=\"wpforms-4780-field_15-container\" class=\"wpforms-field wpforms-field-text\" data-field-id=\"15\"><label class=\"wpforms-field-label\" for=\"wpforms-4780-field_15\">Stadt <span class=\"wpforms-required-label\" aria-hidden=\"true\">*<\/span><\/label><input type=\"text\" id=\"wpforms-4780-field_15\" class=\"wpforms-field-medium wpforms-field-required\" name=\"wpforms[fields][15]\" placeholder=\"Berlin\" aria-errormessage=\"wpforms-4780-field_15-error\" required><\/div><\/div><div class=\"wpforms-layout-column wpforms-layout-column-50\" ><div id=\"wpforms-4780-field_10-container\" class=\"wpforms-field wpforms-field-phone\" data-field-id=\"10\"><label class=\"wpforms-field-label wpforms-label-hide\" for=\"wpforms-4780-field_10\" aria-hidden=\"false\">Rufnummer <span class=\"wpforms-required-label\" aria-hidden=\"true\">*<\/span><\/label><input type=\"tel\" id=\"wpforms-4780-field_10\" class=\"wpforms-field-medium wpforms-field-required wpforms-smart-phone-field\" data-rule-smart-phone-field=\"true\" name=\"wpforms[fields][10]\" placeholder=\"Rufnummer\" aria-label=\"Rufnummer\" aria-errormessage=\"wpforms-4780-field_10-error\" required><\/div><div id=\"wpforms-4780-field_16-container\" class=\"wpforms-field wpforms-field-text\" data-field-id=\"16\"><label class=\"wpforms-field-label\" for=\"wpforms-4780-field_16\">Postleitzahl <span class=\"wpforms-required-label\" aria-hidden=\"true\">*<\/span><\/label><input type=\"text\" id=\"wpforms-4780-field_16\" class=\"wpforms-field-medium wpforms-field-required\" name=\"wpforms[fields][16]\" placeholder=\"z.B. 10115\" aria-errormessage=\"wpforms-4780-field_16-error\" required><\/div><\/div><\/div><\/div><div id=\"wpforms-4780-field_5-container\" class=\"wpforms-field wpforms-field-select wpforms-field-select-style-modern\" data-field-id=\"5\"><label class=\"wpforms-field-label\" for=\"wpforms-4780-field_5\">Was brauchen Sie? <span class=\"wpforms-required-label\" aria-hidden=\"true\">*<\/span><\/label><select id=\"wpforms-4780-field_5\" class=\"wpforms-field-large wpforms-field-required choicesjs-select\" data-size-class=\"wpforms-field-row wpforms-field-large\" data-search-enabled=\"\" name=\"wpforms[fields][5]\" required=\"required\"><option value=\"\" class=\"placeholder\" disabled  selected='selected'><\/option><option value=\"Kommerzieller Termin\"  class=\"choice-1 depth-1\"  >Kommerzieller Termin<\/option><option value=\"Katalog\"  class=\"choice-2 depth-1\"  >Katalog<\/option><option value=\"Informationen\"  class=\"choice-3 depth-1\"  >Informationen<\/option><option value=\"Andere\"  class=\"choice-5 depth-1\"  >Andere<\/option><\/select><\/div><div id=\"wpforms-4780-field_11-container\" class=\"wpforms-field wpforms-field-textarea\" data-field-id=\"11\"><label class=\"wpforms-field-label\" for=\"wpforms-4780-field_11\">Informationen <span class=\"wpforms-required-label\" aria-hidden=\"true\">*<\/span><\/label><textarea id=\"wpforms-4780-field_11\" class=\"wpforms-field-medium wpforms-field-required\" name=\"wpforms[fields][11]\" aria-errormessage=\"wpforms-4780-field_11-error\" required><\/textarea><\/div><div id=\"wpforms-4780-field_14-container\" class=\"wpforms-field wpforms-field-gdpr-checkbox\" data-field-id=\"14\"><label class=\"wpforms-field-label\">RGPD <span class=\"wpforms-required-label\" aria-hidden=\"true\">*<\/span><\/label><ul id=\"wpforms-4780-field_14\" class=\"wpforms-field-required\"><li class=\"choice-1\"><input type=\"checkbox\" id=\"wpforms-4780-field_14_1\" name=\"wpforms[fields][14][]\" value=\"Ich bin damit einverstanden, dass diese Website die von mir \u00fcbermittelten Daten speichert, damit sie auf meine Anfrage antworten kann.\" aria-errormessage=\"wpforms-4780-field_14_1-error\" required ><label class=\"wpforms-field-label-inline\" for=\"wpforms-4780-field_14_1\">Ich bin damit einverstanden, dass diese Website die von mir \u00fcbermittelten Daten speichert, damit sie auf meine Anfrage antworten kann.<\/label><\/li><\/ul><\/div><\/div><!-- .wpforms-field-container --><div class=\"wpforms-recaptcha-container wpforms-is-recaptcha wpforms-is-recaptcha-type-v3\" ><input type=\"hidden\" name=\"wpforms[recaptcha]\" value=\"\"><\/div><div class=\"wpforms-submit-container\" ><input type=\"hidden\" name=\"wpforms[id]\" value=\"4780\"><input type=\"hidden\" name=\"page_title\" value=\"\"><input type=\"hidden\" name=\"page_url\" value=\"https:\/\/www.novatex-medical.com\/de\/wp-json\/wp\/v2\/pages\/3504\"><input type=\"hidden\" name=\"url_referer\" value=\"\"><button type=\"submit\" name=\"wpforms[submit]\" id=\"wpforms-submit-4780\" class=\"wpforms-submit text-center\" data-alt-text=\"Sendung l\u00e4uft...\" data-submit-text=\"Einreichen\" aria-live=\"assertive\" value=\"wpforms-submit\">Einreichen<\/button><\/div><\/form><\/div>  <!-- .wpforms-container -->\t<\/div>\n\t\t\t\t\t\t<\/div>\n\t\t\t\t\t<\/div>\n\t\t\t\t<\/div>\n\t\t\t\t\t<\/div>\n\t\t\t\t<\/div>\n\t\t\t\t<\/div>\n\t\t","protected":false},"excerpt":{"rendered":"<p>BAUCHST\u00dcTZG\u00dcRTEL NOVABDO Bauchst\u00fctzgurte werden bei vor\u00fcbergehender Bauchwandschw\u00e4che ohne pathologischen Charakter (post partum, postoperativer Zustand) verschrieben. Sie k\u00f6nnen ma\u00dfgefertigt (CSA) oder serienm\u00e4\u00dfig (CSB) hergestellt werden. Die Bauchst\u00fctzgurte sind aus elastischem Gewebe hergestellt. NOVATEX MEDICAL hat zwei Modelle von Bauchst\u00fctzgurten entwickelt: \u25cf Der NOVABELT- Gurt: ein \u201estarker\u201c Gurt mit Brustplatte. \u25cf Der NOVAGAINE-Gur: ein \u201eleichter\u201c Gurt. ST\u00dcTZGURT [&hellip;]<\/p>\n","protected":false},"author":1,"featured_media":0,"parent":0,"menu_order":0,"comment_status":"closed","ping_status":"closed","template":"elementor_header_footer","meta":{"_seopress_robots_primary_cat":"","_seopress_titles_title":"Bauchst\u00fctzg\u00fcrtel - Novatex Medical","_seopress_titles_desc":"Entdecken Sie unsere Bauchst\u00fctzg\u00fcrtel, die bei einer vor\u00fcbergehenden, nicht krankhaften Beeintr\u00e4chtigung der Bauchdecke (postpartal, postoperativ) verschrieben werden.","_seopress_robots_index":"","footnotes":""},"class_list":["post-3504","page","type-page","status-publish"],"_links":{"self":[{"href":"https:\/\/www.novatex-medical.com\/de\/wp-json\/wp\/v2\/pages\/3504","targetHints":{"allow":["GET"]}}],"collection":[{"href":"https:\/\/www.novatex-medical.com\/de\/wp-json\/wp\/v2\/pages"}],"about":[{"href":"https:\/\/www.novatex-medical.com\/de\/wp-json\/wp\/v2\/types\/page"}],"author":[{"embeddable":true,"href":"https:\/\/www.novatex-medical.com\/de\/wp-json\/wp\/v2\/users\/1"}],"replies":[{"embeddable":true,"href":"https:\/\/www.novatex-medical.com\/de\/wp-json\/wp\/v2\/comments?post=3504"}],"version-history":[{"count":6,"href":"https:\/\/www.novatex-medical.com\/de\/wp-json\/wp\/v2\/pages\/3504\/revisions"}],"predecessor-version":[{"id":4854,"href":"https:\/\/www.novatex-medical.com\/de\/wp-json\/wp\/v2\/pages\/3504\/revisions\/4854"}],"wp:attachment":[{"href":"https:\/\/www.novatex-medical.com\/de\/wp-json\/wp\/v2\/media?parent=3504"}],"curies":[{"name":"wp","href":"https:\/\/api.w.org\/{rel}","templated":true}]}}