{"id":3500,"date":"2019-03-14T22:17:08","date_gmt":"2019-03-14T22:17:08","guid":{"rendered":"https:\/\/www.novatex-medical.com\/bauchmuskelguertel\/"},"modified":"2026-04-07T10:43:41","modified_gmt":"2026-04-07T10:43:41","slug":"bauchmuskelguertel","status":"publish","type":"page","link":"https:\/\/www.novatex-medical.com\/de\/bauchmuskelguertel\/","title":{"rendered":"BAUCHMUSKELG\u00dcRTEL"},"content":{"rendered":"\t\t<div data-elementor-type=\"wp-page\" data-elementor-id=\"3500\" class=\"elementor elementor-3500 elementor-1128\" data-elementor-post-type=\"page\">\n\t\t\t\t<div class=\"elementor-element elementor-element-5676f8d5 e-flex e-con-boxed e-con e-parent\" data-id=\"5676f8d5\" data-element_type=\"container\">\n\t\t\t\t\t<div class=\"e-con-inner\">\n\t\t\t\t<div class=\"elementor-element elementor-element-36deb280 elementor-widget elementor-widget-heading\" data-id=\"36deb280\" data-element_type=\"widget\" data-widget_type=\"heading.default\">\n\t\t\t\t\t<h1 class=\"elementor-heading-title elementor-size-default\">BAUCHMUSKELG\u00dcRTEL<br><span style=\"color:#00A1C1\"><font size=\"5pt\">NOVABDO<\/font><\/span><\/h1>\t\t\t\t<\/div>\n\t\t<div class=\"elementor-element elementor-element-bbe50e8 e-flex e-con-boxed e-con e-child\" data-id=\"bbe50e8\" data-element_type=\"container\">\n\t\t\t\t\t<div class=\"e-con-inner\">\n\t\t\t\t<div class=\"elementor-element elementor-element-2d2358bb elementor-widget elementor-widget-text-editor\" data-id=\"2d2358bb\" data-element_type=\"widget\" data-widget_type=\"text-editor.default\">\n\t\t\t\t\t\t\t\t\t<div class=\"row\"><div class=\"col-lg-12 no-padding\"><p>Bauchst\u00fctzgurte st\u00fctzen den Bauchhalt bei pathologischer Parietalinsuffizienz (Adipositas, Ventrikulitis, Stomata, Leistenbruch\u2026). St\u00fctzgurte m\u00fcssen ma\u00dfgefertigt und auf den einzelenen Patienten zugeschnitten sein. Sie sind vollst\u00e4ndig aus elastischem Gewebe hergestellt.<\/p><\/div><\/div><div class=\"row\"><div class=\"col-lg-12 no-padding\"><p>NOVATEX MEDICAL hat zwei Modelle von Bauchst\u00fctzg\u00fcrteln entwickelt:<\/p><ul class=\"li-article\"><li>Der Gurt NOVASTOM.<\/li><li>Der ma\u00dfgefertigt Gurt NOVAGAINE CMA.<\/li><\/ul><\/div><\/div>\t\t\t\t\t\t\t\t<\/div>\n\t\t\t\t\t<\/div>\n\t\t\t\t<\/div>\n\t\t\t\t\t<\/div>\n\t\t\t\t<\/div>\n\t\t<div class=\"elementor-element elementor-element-60ce289b e-flex e-con-boxed e-con e-parent\" data-id=\"60ce289b\" data-element_type=\"container\">\n\t\t\t\t\t<div class=\"e-con-inner\">\n\t\t<div class=\"elementor-element elementor-element-7dfa9d7a e-con-full e-flex e-con e-child\" data-id=\"7dfa9d7a\" data-element_type=\"container\">\n\t\t\t\t<div class=\"elementor-element elementor-element-1b956eef elementor-widget elementor-widget-image\" data-id=\"1b956eef\" data-element_type=\"widget\" data-widget_type=\"image.default\">\n\t\t\t\t\t\t\t\t\t\t\t\t\t\t\t<img fetchpriority=\"high\" decoding=\"async\" width=\"533\" height=\"800\" src=\"https:\/\/www.novatex-medical.com\/wp-content\/uploads\/2019\/06\/slide-14.jpg\" class=\"attachment-medium_large size-medium_large wp-image-5542\" alt=\"\" srcset=\"https:\/\/www.novatex-medical.com\/wp-content\/uploads\/2019\/06\/slide-14.jpg 533w, https:\/\/www.novatex-medical.com\/wp-content\/uploads\/2019\/06\/slide-14-200x300.jpg 200w\" sizes=\"(max-width: 533px) 100vw, 533px\" \/>\t\t\t\t\t\t\t\t\t\t\t\t\t\t\t<\/div>\n\t\t\t\t<div class=\"elementor-element elementor-element-65644371 elementor-widget elementor-widget-gallery\" data-id=\"65644371\" data-element_type=\"widget\" data-settings=\"{&quot;columns_mobile&quot;:4,&quot;lazyload&quot;:&quot;yes&quot;,&quot;gallery_layout&quot;:&quot;grid&quot;,&quot;columns&quot;:4,&quot;columns_tablet&quot;:2,&quot;gap&quot;:{&quot;unit&quot;:&quot;px&quot;,&quot;size&quot;:10,&quot;sizes&quot;:[]},&quot;gap_tablet&quot;:{&quot;unit&quot;:&quot;px&quot;,&quot;size&quot;:10,&quot;sizes&quot;:[]},&quot;gap_mobile&quot;:{&quot;unit&quot;:&quot;px&quot;,&quot;size&quot;:10,&quot;sizes&quot;:[]},&quot;link_to&quot;:&quot;file&quot;,&quot;aspect_ratio&quot;:&quot;3:2&quot;,&quot;overlay_background&quot;:&quot;yes&quot;,&quot;content_hover_animation&quot;:&quot;fade-in&quot;}\" data-widget_type=\"gallery.default\">\n\t\t\t\t\t\t\t<div class=\"elementor-gallery__container\">\n\t\t\t\t\t\t\t<a class=\"e-gallery-item elementor-gallery-item elementor-animated-content\" href=\"https:\/\/www.novatex-medical.com\/wp-content\/uploads\/2019\/06\/slide-15-novagaine.jpg\" data-elementor-open-lightbox=\"yes\" data-elementor-lightbox-slideshow=\"65644371\" data-elementor-lightbox-title=\"gaine compressive novagaine\" data-elementor-lightbox-description=\"gaine compressive novagaine\" data-e-action-hash=\"#elementor-action%3Aaction%3Dlightbox%26settings%3DeyJpZCI6NTUzNiwidXJsIjoiaHR0cHM6XC9cL3d3dy5ub3ZhdGV4LW1lZGljYWwuY29tXC93cC1jb250ZW50XC91cGxvYWRzXC8yMDE5XC8wNlwvc2xpZGUtMTUtbm92YWdhaW5lLmpwZyIsInNsaWRlc2hvdyI6IjY1NjQ0MzcxIn0%3D\">\n\t\t\t\t\t<div class=\"e-gallery-image elementor-gallery-item__image\" data-thumbnail=\"https:\/\/www.novatex-medical.com\/wp-content\/uploads\/2019\/06\/slide-15-novagaine-200x300.jpg\" data-width=\"200\" data-height=\"300\" aria-label=\"gaine compressive novagaine\" role=\"img\" ><\/div>\n\t\t\t\t\t\t\t\t\t\t\t<div class=\"elementor-gallery-item__overlay\"><\/div>\n\t\t\t\t\t\t\t\t\t\t\t\t\t\t<\/a>\n\t\t\t\t\t\t\t<a class=\"e-gallery-item elementor-gallery-item elementor-animated-content\" href=\"https:\/\/www.novatex-medical.com\/wp-content\/uploads\/2019\/06\/slide-15-agrafage.jpg\" data-elementor-open-lightbox=\"yes\" data-elementor-lightbox-slideshow=\"65644371\" data-elementor-lightbox-title=\"agrafage gaine compressive\" data-elementor-lightbox-description=\"agrafage gaine compressive\" data-e-action-hash=\"#elementor-action%3Aaction%3Dlightbox%26settings%3DeyJpZCI6NTUzOSwidXJsIjoiaHR0cHM6XC9cL3d3dy5ub3ZhdGV4LW1lZGljYWwuY29tXC93cC1jb250ZW50XC91cGxvYWRzXC8yMDE5XC8wNlwvc2xpZGUtMTUtYWdyYWZhZ2UuanBnIiwic2xpZGVzaG93IjoiNjU2NDQzNzEifQ%3D%3D\">\n\t\t\t\t\t<div class=\"e-gallery-image elementor-gallery-item__image\" data-thumbnail=\"https:\/\/www.novatex-medical.com\/wp-content\/uploads\/2019\/06\/slide-15-agrafage-200x300.jpg\" data-width=\"200\" data-height=\"300\" aria-label=\"agrafage gaine compressive\" role=\"img\" ><\/div>\n\t\t\t\t\t\t\t\t\t\t\t<div class=\"elementor-gallery-item__overlay\"><\/div>\n\t\t\t\t\t\t\t\t\t\t\t\t\t\t<\/a>\n\t\t\t\t\t\t\t<a class=\"e-gallery-item elementor-gallery-item elementor-animated-content\" href=\"https:\/\/www.novatex-medical.com\/wp-content\/uploads\/2019\/06\/slide-14.jpg\" data-elementor-open-lightbox=\"yes\" data-elementor-lightbox-slideshow=\"65644371\" data-elementor-lightbox-title=\"slide 14\" data-elementor-lightbox-description=\"slide 14\" data-e-action-hash=\"#elementor-action%3Aaction%3Dlightbox%26settings%3DeyJpZCI6NTU0MiwidXJsIjoiaHR0cHM6XC9cL3d3dy5ub3ZhdGV4LW1lZGljYWwuY29tXC93cC1jb250ZW50XC91cGxvYWRzXC8yMDE5XC8wNlwvc2xpZGUtMTQuanBnIiwic2xpZGVzaG93IjoiNjU2NDQzNzEifQ%3D%3D\">\n\t\t\t\t\t<div class=\"e-gallery-image elementor-gallery-item__image\" data-thumbnail=\"https:\/\/www.novatex-medical.com\/wp-content\/uploads\/2019\/06\/slide-14-200x300.jpg\" data-width=\"200\" data-height=\"300\" aria-label=\"\" role=\"img\" ><\/div>\n\t\t\t\t\t\t\t\t\t\t\t<div class=\"elementor-gallery-item__overlay\"><\/div>\n\t\t\t\t\t\t\t\t\t\t\t\t\t\t<\/a>\n\t\t\t\t\t<\/div>\n\t\t\t\t\t<\/div>\n\t\t\t\t<\/div>\n\t\t<div class=\"elementor-element elementor-element-75acda54 e-con-full e-flex e-con e-child\" data-id=\"75acda54\" data-element_type=\"container\">\n\t\t\t\t<div class=\"elementor-element elementor-element-51945bbf elementor-widget elementor-widget-text-editor\" data-id=\"51945bbf\" data-element_type=\"widget\" data-widget_type=\"text-editor.default\">\n\t\t\t\t\t\t\t\t\t<h2><b>HALTEGURT NOVASTOM<\/b><\/h2><p>NOVASTOM Haltegurte sind f\u00fcr Stomapatienten vorgeschrieben Sie bestehen aus einer 3D-Brustplatte, in der eine \u00d6ffnung f\u00fcr den Stomabeutel geschaffen werden kann, ohne einen Saum n\u00e4hen zu m\u00fcssen.<br \/>Diese Gurte werden zusammen mit der Stomavorrichtung geliefert..<\/p><p>Diese Gurte betragen:<\/p><ul class=\"li-article\"><li>3 elastische Laschen zur pr\u00e4zisen Einstellung der Gurtspannung.<\/li><li>Eine dicke 3D Brustplatte, die f\u00fcr optimalen Tragekomfort sorgt..<\/li><li>Ein rissfestes Gewebe, mit einer Aussparungs zum Anlegen eines Stomabeutels.<\/li><\/ul><hr \/><h2><b>MA\u00dfGESCHNEIDERTER HALTEGURT NOVAGAINE CMA<\/b><\/h2><p>Der NOVAGAINE CMA Haltegurt ist ma\u00dfgefertigt aus hochelastischem Gewebe mit einem \u00fcber die gesamte H\u00f6he verstellbaren Mikrofaserverschluss Er ist mit flexiblen Streben ausgestattet. Auf Wunsch k\u00f6nnen ebenfalls Schulterriemen hinzugef\u00fcgt werden.<\/p>\t\t\t\t\t\t\t\t<\/div>\n\t\t\t\t<div class=\"elementor-element elementor-element-29ad789d elementor-widget-divider--view-line elementor-widget elementor-widget-divider\" data-id=\"29ad789d\" data-element_type=\"widget\" data-widget_type=\"divider.default\">\n\t\t\t\t\t\t\t<div class=\"elementor-divider\">\n\t\t\t<span class=\"elementor-divider-separator\">\n\t\t\t\t\t\t<\/span>\n\t\t<\/div>\n\t\t\t\t\t\t<\/div>\n\t\t\t\t<div class=\"elementor-element elementor-element-17860b78 elementor-align-center elementor-widget elementor-widget-button\" data-id=\"17860b78\" data-element_type=\"widget\" data-widget_type=\"button.default\">\n\t\t\t\t\t\t\t\t\t\t<a class=\"elementor-button elementor-button-link elementor-size-sm elementor-animation-shrink\" href=\"#contact\">\n\t\t\t\t\t\t<span class=\"elementor-button-content-wrapper\">\n\t\t\t\t\t\t<span class=\"elementor-button-icon\">\n\t\t\t\t<svg aria-hidden=\"true\" class=\"e-font-icon-svg e-fas-info\" viewBox=\"0 0 192 512\" xmlns=\"http:\/\/www.w3.org\/2000\/svg\"><path d=\"M20 424.229h20V279.771H20c-11.046 0-20-8.954-20-20V212c0-11.046 8.954-20 20-20h112c11.046 0 20 8.954 20 20v212.229h20c11.046 0 20 8.954 20 20V492c0 11.046-8.954 20-20 20H20c-11.046 0-20-8.954-20-20v-47.771c0-11.046 8.954-20 20-20zM96 0C56.235 0 24 32.235 24 72s32.235 72 72 72 72-32.235 72-72S135.764 0 96 0z\"><\/path><\/svg>\t\t\t<\/span>\n\t\t\t\t\t\t\t\t\t<span class=\"elementor-button-text\">Informationen anfordern<\/span>\n\t\t\t\t\t<\/span>\n\t\t\t\t\t<\/a>\n\t\t\t\t\t\t\t\t<\/div>\n\t\t\t\t<div class=\"elementor-element elementor-element-3b426ac5 elementor-widget-divider--view-line elementor-widget elementor-widget-divider\" data-id=\"3b426ac5\" data-element_type=\"widget\" data-widget_type=\"divider.default\">\n\t\t\t\t\t\t\t<div class=\"elementor-divider\">\n\t\t\t<span class=\"elementor-divider-separator\">\n\t\t\t\t\t\t<\/span>\n\t\t<\/div>\n\t\t\t\t\t\t<\/div>\n\t\t\t\t<\/div>\n\t\t\t\t\t<\/div>\n\t\t\t\t<\/div>\n\t\t<div class=\"elementor-element elementor-element-733d73d5 e-flex e-con-boxed e-con e-parent\" data-id=\"733d73d5\" data-element_type=\"container\" id=\"contact\" data-settings=\"{&quot;background_background&quot;:&quot;classic&quot;}\">\n\t\t\t\t\t<div class=\"e-con-inner\">\n\t\t<div class=\"elementor-element elementor-element-4696df78 e-flex e-con-boxed e-con e-child\" data-id=\"4696df78\" data-element_type=\"container\">\n\t\t\t\t\t<div class=\"e-con-inner\">\n\t\t\t\t<div class=\"elementor-element elementor-element-56a9b17c elementor-view-default elementor-widget elementor-widget-icon\" data-id=\"56a9b17c\" data-element_type=\"widget\" data-widget_type=\"icon.default\">\n\t\t\t\t\t\t\t<div class=\"elementor-icon-wrapper\">\n\t\t\t<div class=\"elementor-icon\">\n\t\t\t<svg aria-hidden=\"true\" class=\"e-font-icon-svg e-fas-info-circle\" viewBox=\"0 0 512 512\" xmlns=\"http:\/\/www.w3.org\/2000\/svg\"><path d=\"M256 8C119.043 8 8 119.083 8 256c0 136.997 111.043 248 248 248s248-111.003 248-248C504 119.083 392.957 8 256 8zm0 110c23.196 0 42 18.804 42 42s-18.804 42-42 42-42-18.804-42-42 18.804-42 42-42zm56 254c0 6.627-5.373 12-12 12h-88c-6.627 0-12-5.373-12-12v-24c0-6.627 5.373-12 12-12h12v-64h-12c-6.627 0-12-5.373-12-12v-24c0-6.627 5.373-12 12-12h64c6.627 0 12 5.373 12 12v100h12c6.627 0 12 5.373 12 12v24z\"><\/path><\/svg>\t\t\t<\/div>\n\t\t<\/div>\n\t\t\t\t\t\t<\/div>\n\t\t\t\t<div class=\"elementor-element elementor-element-219f6054 elementor-widget__width-inherit elementor-widget elementor-widget-heading\" data-id=\"219f6054\" data-element_type=\"widget\" data-widget_type=\"heading.default\">\n\t\t\t\t\t<div class=\"elementor-heading-title elementor-size-default\">Informationen anfordern<\/div>\t\t\t\t<\/div>\n\t\t\t\t<div class=\"elementor-element elementor-element-20450034 elementor-widget__width-inherit elementor-widget elementor-widget-heading\" data-id=\"20450034\" data-element_type=\"widget\" data-widget_type=\"heading.default\">\n\t\t\t\t\t<div class=\"elementor-heading-title elementor-size-default\">NOVATEX MEDICAL<\/div>\t\t\t\t<\/div>\n\t\t\t\t<div class=\"elementor-element elementor-element-a7e9b43 elementor-widget elementor-widget-shortcode\" data-id=\"a7e9b43\" data-element_type=\"widget\" data-widget_type=\"shortcode.default\">\n\t\t\t\t\t\t\t<div class=\"elementor-shortcode\"><style id=\"wpforms-css-vars-225\">\n\t\t\t\t#wpforms-225 {\n\t\t\t\t--wpforms-field-size-input-height: 43px;\n--wpforms-field-size-input-spacing: 15px;\n--wpforms-field-size-font-size: 16px;\n--wpforms-field-size-line-height: 19px;\n--wpforms-field-size-padding-h: 14px;\n--wpforms-field-size-checkbox-size: 16px;\n--wpforms-field-size-sublabel-spacing: 5px;\n--wpforms-field-size-icon-size: 1;\n--wpforms-label-size-font-size: 16px;\n--wpforms-label-size-line-height: 19px;\n--wpforms-label-size-sublabel-font-size: 14px;\n--wpforms-label-size-sublabel-line-height: 17px;\n--wpforms-button-size-font-size: 17px;\n--wpforms-button-size-height: 41px;\n--wpforms-button-size-padding-h: 15px;\n--wpforms-button-size-margin-top: 10px;\n--wpforms-container-shadow-size-box-shadow: none;\n\t\t\t}\n\t\t\t<\/style><div class=\"wpforms-container wpforms-container-full wpforms-render-modern\" id=\"wpforms-225\"><form id=\"wpforms-form-225\" class=\"wpforms-validate wpforms-form\" data-formid=\"225\" method=\"post\" enctype=\"multipart\/form-data\" action=\"\/de\/wp-json\/wp\/v2\/pages\/3500\" data-token=\"578a7806f1f5c3c2624fd572477f983e\" data-token-time=\"1776152352\"><noscript class=\"wpforms-error-noscript\">Bitte aktiviere JavaScript in deinem Browser, um dieses Formular fertigzustellen.<\/noscript><div id=\"wpforms-error-noscript\" style=\"display: none;\">Bitte aktiviere JavaScript in deinem Browser, um dieses Formular fertigzustellen.<\/div><div class=\"wpforms-field-container\"><div id=\"wpforms-225-field_3-container\" class=\"wpforms-field wpforms-field-layout\" data-field-id=\"3\"><div class=\"wpforms-field-layout-columns wpforms-field-layout-preset-50-50\"><div class=\"wpforms-layout-column wpforms-layout-column-50\" ><div id=\"wpforms-225-field_1-container\" class=\"wpforms-field wpforms-field-text\" data-field-id=\"1\"><label class=\"wpforms-field-label wpforms-label-hide\" for=\"wpforms-225-field_1\" aria-hidden=\"false\">Nom <span class=\"wpforms-required-label\" aria-hidden=\"true\">*<\/span><\/label><input type=\"text\" id=\"wpforms-225-field_1\" class=\"wpforms-field-medium wpforms-field-required\" name=\"wpforms[fields][1]\" placeholder=\"Nom\" aria-errormessage=\"wpforms-225-field_1-error\" required><\/div><\/div><div class=\"wpforms-layout-column wpforms-layout-column-50\" ><div id=\"wpforms-225-field_4-container\" class=\"wpforms-field wpforms-field-text\" data-field-id=\"4\"><label class=\"wpforms-field-label wpforms-label-hide\" for=\"wpforms-225-field_4\" aria-hidden=\"false\">Pr\u00e9nom <span class=\"wpforms-required-label\" aria-hidden=\"true\">*<\/span><\/label><input type=\"text\" id=\"wpforms-225-field_4\" class=\"wpforms-field-medium wpforms-field-required\" name=\"wpforms[fields][4]\" placeholder=\"Pr\u00e9nom\" aria-errormessage=\"wpforms-225-field_4-error\" required><\/div><\/div><\/div><\/div><div id=\"wpforms-225-field_6-container\" class=\"wpforms-field wpforms-field-layout\" data-field-id=\"6\"><div class=\"wpforms-field-layout-columns wpforms-field-layout-preset-50-50\"><div class=\"wpforms-layout-column wpforms-layout-column-50\" ><div id=\"wpforms-225-field_9-container\" class=\"wpforms-field wpforms-field-email\" data-field-id=\"9\"><label class=\"wpforms-field-label wpforms-label-hide\" for=\"wpforms-225-field_9\" aria-hidden=\"false\">E-mail <span class=\"wpforms-required-label\" aria-hidden=\"true\">*<\/span><\/label><input type=\"email\" id=\"wpforms-225-field_9\" class=\"wpforms-field-medium wpforms-field-required\" name=\"wpforms[fields][9]\" placeholder=\"E-mail\" spellcheck=\"false\" aria-errormessage=\"wpforms-225-field_9-error\" required><\/div><div id=\"wpforms-225-field_16-container\" class=\"wpforms-field wpforms-field-text\" data-field-id=\"16\"><label class=\"wpforms-field-label\" for=\"wpforms-225-field_16\">Ville <span class=\"wpforms-required-label\" aria-hidden=\"true\">*<\/span><\/label><input type=\"text\" id=\"wpforms-225-field_16\" class=\"wpforms-field-medium wpforms-field-required\" name=\"wpforms[fields][16]\" placeholder=\"Paris\" aria-errormessage=\"wpforms-225-field_16-error\" required><\/div><\/div><div class=\"wpforms-layout-column wpforms-layout-column-50\" ><div id=\"wpforms-225-field_10-container\" class=\"wpforms-field wpforms-field-phone\" data-field-id=\"10\"><label class=\"wpforms-field-label wpforms-label-hide\" for=\"wpforms-225-field_10\" aria-hidden=\"false\">T\u00e9l\u00e9phone <span class=\"wpforms-required-label\" aria-hidden=\"true\">*<\/span><\/label><input type=\"tel\" id=\"wpforms-225-field_10\" class=\"wpforms-field-medium wpforms-field-required wpforms-smart-phone-field\" data-rule-smart-phone-field=\"true\" name=\"wpforms[fields][10]\" placeholder=\"T\u00e9l\u00e9phone\" aria-label=\"T\u00e9l\u00e9phone\" aria-errormessage=\"wpforms-225-field_10-error\" required><\/div><div id=\"wpforms-225-field_17-container\" class=\"wpforms-field wpforms-field-text\" data-field-id=\"17\"><label class=\"wpforms-field-label\" for=\"wpforms-225-field_17\">Code Postal <span class=\"wpforms-required-label\" aria-hidden=\"true\">*<\/span><\/label><input type=\"text\" id=\"wpforms-225-field_17\" class=\"wpforms-field-medium wpforms-field-required\" name=\"wpforms[fields][17]\" placeholder=\"75001\" aria-errormessage=\"wpforms-225-field_17-error\" required><\/div><\/div><\/div><\/div><div id=\"wpforms-225-field_5-container\" class=\"wpforms-field wpforms-field-select wpforms-field-select-style-modern\" data-field-id=\"5\"><label class=\"wpforms-field-label\" for=\"wpforms-225-field_5\">Votre besoin ? <span class=\"wpforms-required-label\" aria-hidden=\"true\">*<\/span><\/label><select id=\"wpforms-225-field_5\" class=\"wpforms-field-large wpforms-field-required choicesjs-select\" data-size-class=\"wpforms-field-row wpforms-field-large\" data-search-enabled=\"\" name=\"wpforms[fields][5]\" required=\"required\"><option value=\"\" class=\"placeholder\" disabled  selected='selected'><\/option><option value=\"RDV commercial\"  class=\"choice-1 depth-1\"  >RDV commercial<\/option><option value=\"Catalogue\"  class=\"choice-2 depth-1\"  >Catalogue<\/option><option value=\"Demande d&#039;informations\"  class=\"choice-4 depth-1\"  >Demande d'informations<\/option><option value=\"Autre\"  class=\"choice-5 depth-1\"  >Autre<\/option><\/select><\/div><div id=\"wpforms-225-field_11-container\" class=\"wpforms-field wpforms-field-textarea\" data-field-id=\"11\"><label class=\"wpforms-field-label\" for=\"wpforms-225-field_11\">Pr\u00e9cisions <span class=\"wpforms-required-label\" aria-hidden=\"true\">*<\/span><\/label><textarea id=\"wpforms-225-field_11\" class=\"wpforms-field-medium wpforms-field-required\" name=\"wpforms[fields][11]\" aria-errormessage=\"wpforms-225-field_11-error\" required><\/textarea><\/div><div id=\"wpforms-225-field_14-container\" class=\"wpforms-field wpforms-field-gdpr-checkbox\" data-field-id=\"14\"><label class=\"wpforms-field-label\">RGPD <span class=\"wpforms-required-label\" aria-hidden=\"true\">*<\/span><\/label><ul id=\"wpforms-225-field_14\" class=\"wpforms-field-required\"><li class=\"choice-1\"><input type=\"checkbox\" id=\"wpforms-225-field_14_1\" name=\"wpforms[fields][14][]\" value=\"Je consens \u00e0 ce que ce site stocke mes informations envoy\u00e9es afin qu\u2019ils puissent r\u00e9pondre \u00e0 ma requ\u00eate.\" aria-errormessage=\"wpforms-225-field_14_1-error\" required ><label class=\"wpforms-field-label-inline\" for=\"wpforms-225-field_14_1\">Je consens \u00e0 ce que ce site stocke mes informations envoy\u00e9es afin qu\u2019ils puissent r\u00e9pondre \u00e0 ma requ\u00eate.<\/label><\/li><\/ul><\/div><\/div><!-- .wpforms-field-container --><div class=\"wpforms-recaptcha-container wpforms-is-recaptcha wpforms-is-recaptcha-type-v3\" ><input type=\"hidden\" name=\"wpforms[recaptcha]\" value=\"\"><\/div><div class=\"wpforms-submit-container\" ><input type=\"hidden\" name=\"wpforms[id]\" value=\"225\"><input type=\"hidden\" name=\"page_title\" value=\"\"><input type=\"hidden\" name=\"page_url\" value=\"https:\/\/www.novatex-medical.com\/de\/wp-json\/wp\/v2\/pages\/3500\"><input type=\"hidden\" name=\"url_referer\" value=\"\"><button type=\"submit\" name=\"wpforms[submit]\" id=\"wpforms-submit-225\" class=\"wpforms-submit text-center\" data-alt-text=\"Envoi en cours ...\" data-submit-text=\"Valider\" aria-live=\"assertive\" value=\"wpforms-submit\">Valider<\/button><\/div><\/form><\/div>  <!-- .wpforms-container -->\t<\/div>\n\t\t\t\t\t\t<\/div>\n\t\t\t\t\t<\/div>\n\t\t\t\t<\/div>\n\t\t\t\t\t<\/div>\n\t\t\t\t<\/div>\n\t\t\t\t<\/div>\n\t\t","protected":false},"excerpt":{"rendered":"<p>BAUCHMUSKELG\u00dcRTELNOVABDO Bauchst\u00fctzgurte st\u00fctzen den Bauchhalt bei pathologischer Parietalinsuffizienz (Adipositas, Ventrikulitis, Stomata, Leistenbruch\u2026). St\u00fctzgurte m\u00fcssen ma\u00dfgefertigt und auf den einzelenen Patienten zugeschnitten sein. Sie sind vollst\u00e4ndig aus elastischem Gewebe hergestellt. NOVATEX MEDICAL hat zwei Modelle von Bauchst\u00fctzg\u00fcrteln entwickelt: Der Gurt NOVASTOM. Der ma\u00dfgefertigt Gurt NOVAGAINE CMA. HALTEGURT NOVASTOM NOVASTOM Haltegurte sind f\u00fcr Stomapatienten vorgeschrieben Sie bestehen [&hellip;]<\/p>\n","protected":false},"author":1,"featured_media":0,"parent":0,"menu_order":0,"comment_status":"closed","ping_status":"closed","template":"elementor_header_footer","meta":{"_seopress_robots_primary_cat":"","_seopress_titles_title":"Bauchst\u00fctzg\u00fcrtel - Novatex Medical","_seopress_titles_desc":"Entdecken Sie unsere verschiedenen Bauchst\u00fctzg\u00fcrtel, die f\u00fcr pathologische Parietalinsuffizienzen geeignet sind (Fettleibigkeit, F\u00e4cherbildung, Stomata, Hernien...).","_seopress_robots_index":"","footnotes":""},"class_list":["post-3500","page","type-page","status-publish"],"_links":{"self":[{"href":"https:\/\/www.novatex-medical.com\/de\/wp-json\/wp\/v2\/pages\/3500","targetHints":{"allow":["GET"]}}],"collection":[{"href":"https:\/\/www.novatex-medical.com\/de\/wp-json\/wp\/v2\/pages"}],"about":[{"href":"https:\/\/www.novatex-medical.com\/de\/wp-json\/wp\/v2\/types\/page"}],"author":[{"embeddable":true,"href":"https:\/\/www.novatex-medical.com\/de\/wp-json\/wp\/v2\/users\/1"}],"replies":[{"embeddable":true,"href":"https:\/\/www.novatex-medical.com\/de\/wp-json\/wp\/v2\/comments?post=3500"}],"version-history":[{"count":9,"href":"https:\/\/www.novatex-medical.com\/de\/wp-json\/wp\/v2\/pages\/3500\/revisions"}],"predecessor-version":[{"id":7281,"href":"https:\/\/www.novatex-medical.com\/de\/wp-json\/wp\/v2\/pages\/3500\/revisions\/7281"}],"wp:attachment":[{"href":"https:\/\/www.novatex-medical.com\/de\/wp-json\/wp\/v2\/media?parent=3500"}],"curies":[{"name":"wp","href":"https:\/\/api.w.org\/{rel}","templated":true}]}}