{"id":3482,"date":"2019-02-05T23:54:11","date_gmt":"2019-02-05T23:54:11","guid":{"rendered":"https:\/\/www.novatex-medical.com\/wir-ueber-uns\/"},"modified":"2025-06-27T16:26:46","modified_gmt":"2025-06-27T16:26:46","slug":"wir-ueber-uns","status":"publish","type":"page","link":"https:\/\/www.novatex-medical.com\/de\/wir-ueber-uns\/","title":{"rendered":"WIR \u00dcBER UNS :"},"content":{"rendered":"\t\t<div data-elementor-type=\"wp-page\" data-elementor-id=\"3482\" class=\"elementor elementor-3482 elementor-1111\" data-elementor-post-type=\"page\">\n\t\t\t\t<div class=\"elementor-element elementor-element-3f9f84d e-flex e-con-boxed e-con e-parent\" data-id=\"3f9f84d\" data-element_type=\"container\" data-settings=\"{&quot;background_background&quot;:&quot;classic&quot;}\">\n\t\t\t\t\t<div class=\"e-con-inner\">\n\t\t<div class=\"elementor-element elementor-element-6d8fed3 e-con-full e-flex e-con e-child\" data-id=\"6d8fed3\" data-element_type=\"container\" data-settings=\"{&quot;background_background&quot;:&quot;classic&quot;}\">\n\t\t\t\t<div class=\"elementor-element elementor-element-6466844 elementor-widget elementor-widget-heading\" data-id=\"6466844\" data-element_type=\"widget\" data-widget_type=\"heading.default\">\n\t\t\t\t\t<h1 class=\"elementor-heading-title elementor-size-default\">WIR \u00dcBER UNS :<\/h1>\t\t\t\t<\/div>\n\t\t\t\t<div class=\"elementor-element elementor-element-60f7b66 elementor-widget elementor-widget-text-editor\" data-id=\"60f7b66\" data-element_type=\"widget\" data-widget_type=\"text-editor.default\">\n\t\t\t\t\t\t\t\t\t<p>In Nordfrankreich ans\u00e4ssig, ist Eine der f\u00fchrenden St\u00e4rken von <strong>NOVATEX MEDICAL\u00ae<\/strong> ist die Zusammenarbeit von Orthop\u00e4den und Orthop\u00e4dietechnikern innerhalb des Unternehmens, wodurch die Erwartungen von Patienten und Gesundheitsfachkr\u00e4ften optimal ber\u00fccksichtigt werden k\u00f6nnen. ein Unternehmen, das sich auf die Entwicklung und Herstellung ma\u00dfgeschneiderter Kompressionsbekleidung spezialisiert hat, die im Rahmen der Behandlung des Ehlers-Danlos-Syndroms aber auch bei schweren Verbrennungen sowie postoperativ verschrieben werden kann. Das Unternehmen ist auch auf Orthesen f\u00fcr die oberen Gliedma\u00dfen, den R\u00fccken und die Wirbels\u00e4ule sowie auf ma\u00dfgefertigte und serienm\u00e4\u00dfig hergestellte Bauchgurte spezialisiert. <\/p><p>Eine der f\u00fchrenden St\u00e4rken von <strong>NOVATEX MEDICAL\u00ae<\/strong> ist die Zusammenarbeit von Orthop\u00e4den und Orthop\u00e4dietechnikern innerhalb des Unternehmens, wodurch die Erwartungen von Patienten und Gesundheitsfachkr\u00e4ften optimal ber\u00fccksichtigt werden k\u00f6nnen.<br>Dieses medizinische Fachwissen ist unentbehrlich f\u00fcr das richtige Verst\u00e4ndnis der Pathologien und erm\u00f6glicht es dem Unternehmen ebenfalls, an der Spitze der medizinischen Innovation zu bleiben.<\/p><p><strong>NOVATEX MEDICAL<\/strong> hat gro\u00dfen Wert auf die Auswahl hochwertiger und innovativer Materialien gelegt, um ein immer zuverl\u00e4ssigeres und leistungsf\u00e4higeres Produkt zu schaffen.<br>Doch der Stoff des Kleidungsst\u00fccks macht nicht alles aus. <strong>NOVATEX MEDICAL<\/strong> stellt deshalb ebenfalls hohe Anspr\u00fcche an die Wahl der Zus\u00e4tze und Funktionen, die die Kleidung vervollst\u00e4ndigen, um eine einfachere Anlegung und einen erh\u00f6hten Tragekomfort zu gew\u00e4hrleisten.<\/p><p><strong>NOVATEX MEDICAL<\/strong> kennt die Einschr\u00e4nkungen und Limitierungen, die mit dem Tragen von Kompressionskleidung verbunden sind. Wir bieten daher Patienten und Gesundheitsfachkr\u00e4ften eine breite Palette an Kleidungsst\u00fccken und Farben, die auf die unterschiedlichen Bed\u00fcrfnisse zugeschnitten sind.<\/p>\t\t\t\t\t\t\t\t<\/div>\n\t\t\t\t<\/div>\n\t\t\t\t\t<\/div>\n\t\t\t\t<\/div>\n\t\t<div class=\"elementor-element elementor-element-53dbbed4 e-flex e-con-boxed e-con e-parent\" data-id=\"53dbbed4\" data-element_type=\"container\">\n\t\t\t\t\t<div class=\"e-con-inner\">\n\t\t<div class=\"elementor-element elementor-element-736943c4 e-flex e-con-boxed e-con e-child\" data-id=\"736943c4\" data-element_type=\"container\" data-settings=\"{&quot;background_background&quot;:&quot;classic&quot;}\">\n\t\t\t\t\t<div class=\"e-con-inner\">\n\t\t<div class=\"elementor-element elementor-element-331ea868 e-flex e-con-boxed e-con e-child\" data-id=\"331ea868\" data-element_type=\"container\">\n\t\t\t\t\t<div class=\"e-con-inner\">\n\t\t\t\t<div class=\"elementor-element elementor-element-15bff288 elementor-position-top elementor-widget elementor-widget-image-box\" data-id=\"15bff288\" data-element_type=\"widget\" data-widget_type=\"image-box.default\">\n\t\t\t\t\t<div class=\"elementor-image-box-wrapper\"><figure class=\"elementor-image-box-img\"><a href=\"https:\/\/www.novatex-medical.com\/de\/trophaee-fuer-innovation\/\" tabindex=\"-1\"><img decoding=\"async\" width=\"126\" height=\"200\" src=\"https:\/\/www.novatex-medical.com\/wp-content\/uploads\/2023\/07\/innovation-picto.png\" class=\"attachment-full size-full wp-image-1610\" alt=\"innovation picto\" \/><\/a><\/figure><div class=\"elementor-image-box-content\"><div class=\"elementor-image-box-title\"><a href=\"https:\/\/www.novatex-medical.com\/de\/trophaee-fuer-innovation\/\"><span style=\"color:#fff\">INNOVATION<\/span><\/a><\/div><p class=\"elementor-image-box-description\">NOVATEX Medical bietet innovative L\u00f6sungen zur Verbesserung Ihres t\u00e4glichen Wohlbefindens.<\/p><\/div><\/div>\t\t\t\t<\/div>\n\t\t\t\t\t<\/div>\n\t\t\t\t<\/div>\n\t\t<div class=\"elementor-element elementor-element-1d407e0c e-flex e-con-boxed e-con e-child\" data-id=\"1d407e0c\" data-element_type=\"container\">\n\t\t\t\t\t<div class=\"e-con-inner\">\n\t\t\t\t<div class=\"elementor-element elementor-element-eaaf682 elementor-view-default elementor-position-top elementor-mobile-position-top elementor-widget elementor-widget-icon-box\" data-id=\"eaaf682\" data-element_type=\"widget\" data-widget_type=\"icon-box.default\">\n\t\t\t\t\t\t\t<div class=\"elementor-icon-box-wrapper\">\n\n\t\t\t\t\t\t<div class=\"elementor-icon-box-icon\">\n\t\t\t\t<span  class=\"elementor-icon\">\n\t\t\t\t<svg xmlns=\"http:\/\/www.w3.org\/2000\/svg\" width=\"1em\" height=\"1em\" viewBox=\"0 0 36 36\"><path fill=\"#ED2939\" d=\"M36 27a4 4 0 0 1-4 4h-8V5h8a4 4 0 0 1 4 4v18z\"><\/path><path fill=\"#002495\" d=\"M4 5a4 4 0 0 0-4 4v18a4 4 0 0 0 4 4h8V5H4z\"><\/path><path fill=\"#EEE\" d=\"M12 5h12v26H12z\"><\/path><\/svg>\t\t\t\t<\/span>\n\t\t\t<\/div>\n\t\t\t\n\t\t\t\t\t\t<div class=\"elementor-icon-box-content\">\n\n\t\t\t\t\t\t\t\t\t<h3 class=\"elementor-icon-box-title\">\n\t\t\t\t\t\t<span  >\n\t\t\t\t\t\t\t<span style=\"color:#fff\">KNOW-HOW<\/span>\t\t\t\t\t\t<\/span>\n\t\t\t\t\t<\/h3>\n\t\t\t\t\n\t\t\t\t\t\t\t\t\t<p class=\"elementor-icon-box-description\">\n\t\t\t\t\t\tDie ma\u00dfgeschneiderte Kleidung von NOVATEX Medical wird in Hauts de France von erfahrenen N\u00e4herinnen hergestellt.\t\t\t\t\t<\/p>\n\t\t\t\t\n\t\t\t<\/div>\n\t\t\t\n\t\t<\/div>\n\t\t\t\t\t\t<\/div>\n\t\t\t\t\t<\/div>\n\t\t\t\t<\/div>\n\t\t\t\t\t<\/div>\n\t\t\t\t<\/div>\n\t\t\t\t\t<\/div>\n\t\t\t\t<\/div>\n\t\t\t\t<\/div>\n\t\t","protected":false},"excerpt":{"rendered":"<p>WIR \u00dcBER UNS : In Nordfrankreich ans\u00e4ssig, ist Eine der f\u00fchrenden St\u00e4rken von NOVATEX MEDICAL\u00ae ist die Zusammenarbeit von Orthop\u00e4den und Orthop\u00e4dietechnikern innerhalb des Unternehmens, wodurch die Erwartungen von Patienten und Gesundheitsfachkr\u00e4ften optimal ber\u00fccksichtigt werden k\u00f6nnen. ein Unternehmen, das sich auf die Entwicklung und Herstellung ma\u00dfgeschneiderter Kompressionsbekleidung spezialisiert hat, die im Rahmen der Behandlung des [&hellip;]<\/p>\n","protected":false},"author":1,"featured_media":0,"parent":0,"menu_order":0,"comment_status":"closed","ping_status":"closed","template":"elementor_header_footer","meta":{"_seopress_robots_primary_cat":"","_seopress_titles_title":"Wer sind wir? %%sep%% %%sitetitle%%","_seopress_titles_desc":"NOVATEX MEDICAL\u00ae mit Sitz in Nordfrankreich ist ein Unternehmen, das ma\u00dfgeschneiderte Kompressionskleidung f\u00fcr die Behandlung des Ehlers-Danlos-Syndroms herstellt.","_seopress_robots_index":"","footnotes":""},"class_list":["post-3482","page","type-page","status-publish"],"_links":{"self":[{"href":"https:\/\/www.novatex-medical.com\/de\/wp-json\/wp\/v2\/pages\/3482","targetHints":{"allow":["GET"]}}],"collection":[{"href":"https:\/\/www.novatex-medical.com\/de\/wp-json\/wp\/v2\/pages"}],"about":[{"href":"https:\/\/www.novatex-medical.com\/de\/wp-json\/wp\/v2\/types\/page"}],"author":[{"embeddable":true,"href":"https:\/\/www.novatex-medical.com\/de\/wp-json\/wp\/v2\/users\/1"}],"replies":[{"embeddable":true,"href":"https:\/\/www.novatex-medical.com\/de\/wp-json\/wp\/v2\/comments?post=3482"}],"version-history":[{"count":8,"href":"https:\/\/www.novatex-medical.com\/de\/wp-json\/wp\/v2\/pages\/3482\/revisions"}],"predecessor-version":[{"id":5196,"href":"https:\/\/www.novatex-medical.com\/de\/wp-json\/wp\/v2\/pages\/3482\/revisions\/5196"}],"wp:attachment":[{"href":"https:\/\/www.novatex-medical.com\/de\/wp-json\/wp\/v2\/media?parent=3482"}],"curies":[{"name":"wp","href":"https:\/\/api.w.org\/{rel}","templated":true}]}}